{"id":754616,"date":"2025-08-28T06:16:05","date_gmt":"2025-08-28T03:16:05","guid":{"rendered":"https:\/\/roveyayinevi.com.tr\/index.php\/urun\/babanin-super-kahraman-oldugunu-nasil-anlarsin-pembe-yanak-ailesi\/"},"modified":"2026-04-16T03:07:54","modified_gmt":"2026-04-16T00:07:54","slug":"babanin-super-kahraman-oldugunu-nasil-anlarsin-pembe-yanak-ailesi","status":"publish","type":"product","link":"https:\/\/roveyayinevi.com.tr\/index.php\/urun\/babanin-super-kahraman-oldugunu-nasil-anlarsin-pembe-yanak-ailesi\/","title":{"rendered":"Baban\u0131n S\u00fcper Kahraman Oldu\u011funu Nas\u0131l Anlars\u0131n? Pembe Yanak Ailesi"},"content":{"rendered":"<p>Baba Pembe Yanak\u2019\u0131n s\u00fcper g\u00fc\u00e7lerini kullanma zaman\u0131 geldi. Piknikte duydu\u011fu kokuyu takip eden Baba Pembe Yanak, orman\u0131n b\u00fcy\u00fck bir tehlikeyle kar\u015f\u0131 kar\u015f\u0131ya oldu\u011funu g\u00f6r\u00fcyor. Hemen ellerini yukar\u0131da birle\u015ftirip etraf\u0131nda bir kez d\u00f6n\u00fcyor ve macera ba\u015fl\u0131yor!<\/p>\n","protected":false},"excerpt":{"rendered":"<p>Baba Pembe Yanak\u2019\u0131n s\u00fcper g\u00fc\u00e7lerini kullanma zaman\u0131 geldi. Piknikte duydu\u011fu kokuyu takip eden Baba Pembe Yanak, orman\u0131n b\u00fcy\u00fck bir tehlikeyle kar\u015f\u0131 kar\u015f\u0131ya oldu\u011funu g\u00f6r\u00fcyor. Hemen ellerini<span class=\"excerpt-hellip\"> [\u2026]<\/span><\/p>\n","protected":false},"featured_media":0,"template":"","meta":{"_monsterinsights_skip_tracking":false,"_monsterinsights_sitenote_active":false,"_monsterinsights_sitenote_note":"","_monsterinsights_sitenote_category":0},"product_brand":[],"product_cat":[12274,12284],"product_tag":[],"class_list":{"0":"post-754616","1":"product","2":"type-product","3":"status-publish","5":"product_cat-cocuk-ve-genclik-kitaplari","6":"product_cat-hikayeler","7":"pa_cilt-ciltsiz","8":"pa_tur-kitap","9":"pa_yayinevi-turkuvaz-kitap","10":"pa_yazar-mustafa-yogurtcu","12":"first","13":"instock","14":"sale","15":"shipping-taxable","16":"purchasable","17":"product-type-simple"},"_links":{"self":[{"href":"https:\/\/roveyayinevi.com.tr\/index.php\/wp-json\/wp\/v2\/product\/754616","targetHints":{"allow":["GET"]}}],"collection":[{"href":"https:\/\/roveyayinevi.com.tr\/index.php\/wp-json\/wp\/v2\/product"}],"about":[{"href":"https:\/\/roveyayinevi.com.tr\/index.php\/wp-json\/wp\/v2\/types\/product"}],"wp:attachment":[{"href":"https:\/\/roveyayinevi.com.tr\/index.php\/wp-json\/wp\/v2\/media?parent=754616"}],"wp:term":[{"taxonomy":"product_brand","embeddable":true,"href":"https:\/\/roveyayinevi.com.tr\/index.php\/wp-json\/wp\/v2\/product_brand?post=754616"},{"taxonomy":"product_cat","embeddable":true,"href":"https:\/\/roveyayinevi.com.tr\/index.php\/wp-json\/wp\/v2\/product_cat?post=754616"},{"taxonomy":"product_tag","embeddable":true,"href":"https:\/\/roveyayinevi.com.tr\/index.php\/wp-json\/wp\/v2\/product_tag?post=754616"}],"curies":[{"name":"wp","href":"https:\/\/api.w.org\/{rel}","templated":true}]}}