{"id":754614,"date":"2025-08-28T06:16:02","date_gmt":"2025-08-28T03:16:02","guid":{"rendered":"https:\/\/roveyayinevi.com.tr\/index.php\/urun\/insani-aramak\/"},"modified":"2026-04-16T03:07:54","modified_gmt":"2026-04-16T00:07:54","slug":"insani-aramak","status":"publish","type":"product","link":"https:\/\/roveyayinevi.com.tr\/index.php\/urun\/insani-aramak\/","title":{"rendered":"\u0130nsan\u0131 Aramak"},"content":{"rendered":"<p>\u00c2lem, insan i\u00e7re; insan, \u00e2lem i\u00e7re, hak\u00eekate \u00e2\u015f\u0131klar birlikte. \u00c2lem; mek\u00e2n\u0131n ve t\u00e2rihin birbirini hak\u00eekat ufkunda tamamlamas\u0131na; insan, be\u015fer\u00ee yap\u0131s\u0131n\u0131 fark edip, onun \u00fczerinde ve tabiatla sel\u00e2met i\u00e7inde bir hay\u00e2t k\u00fcre in\u015f\u00e2 etmeye muhta\u00e7. \u0130nsan eksiktir, bu n\u00e2k\u0131sa koca koca medeniyetlerin memba\u0131 olur. \u00c2lem eksiktir, bu eksiklik hilkatin hikmetini gizler. Hak\u00eekat ufkundan sapmadan, hikmeti mur\u00e2d ederek, f\u0131trata s\u00e2hip \u00e7\u0131karak, hilkati bozmadan ve nusreti hak ederek bir-arada, dahas\u0131 birlikte varolu\u015flar\u0131m\u0131z\u0131 zenginle\u015ftirebilecek bir \u00f6zlem ku\u015fatt\u0131 r\u00fbhumuzu. Ama nas\u0131l? Bunun i\u00e7in \u00f6ncelikle mahalli, mek\u00e2na ve zaman\u0131, t\u00e2rihe d\u00f6n\u00fc\u015ft\u00fcrmenin imk\u00e2nlar\u0131n\u0131 bulmak gerek. Hepsi m\u00fcmk\u00fcn, \u015f\u00e2yet insan\u0131 bulabilirsek. \u0130nsan varsa, f\u0131trat vard\u0131r, mek\u00e2n vard\u0131r ve t\u00e2rih vard\u0131r. O h\u00e2lde insan\u0131 aramak ve bulmak, sanki t\u00fcm meselelerin \u00f6z\u00fc. Belki de bu sayfalar hepimiz i\u00e7in insan\u0131 aramaya ve \u00e2lemde var olu\u015fumuzun hikmetini fark etmeye bir d\u00e2vettir. Kim bilir? Haydi sayfalar\u0131 aralamaya ve aramaya\u2026<\/p>\n","protected":false},"excerpt":{"rendered":"<p>\u00c2lem, insan i\u00e7re; insan, \u00e2lem i\u00e7re, hak\u00eekate \u00e2\u015f\u0131klar birlikte. \u00c2lem; mek\u00e2n\u0131n ve t\u00e2rihin birbirini hak\u00eekat ufkunda tamamlamas\u0131na; insan, be\u015fer\u00ee yap\u0131s\u0131n\u0131 fark edip, onun \u00fczerinde ve tabiatla<span class=\"excerpt-hellip\"> [\u2026]<\/span><\/p>\n","protected":false},"featured_media":0,"template":"","meta":{"_monsterinsights_skip_tracking":false,"_monsterinsights_sitenote_active":false,"_monsterinsights_sitenote_note":"","_monsterinsights_sitenote_category":0},"product_brand":[],"product_cat":[12718,12719],"product_tag":[],"class_list":{"0":"post-754614","1":"product","2":"type-product","3":"status-publish","5":"product_cat-din","6":"product_cat-islam","7":"pa_cilt-ciltsiz","8":"pa_tur-kitap","9":"pa_yayinevi-muhit-kitap","10":"pa_yazar-muhammet-enes-kala","12":"first","13":"instock","14":"sale","15":"shipping-taxable","16":"purchasable","17":"product-type-simple"},"_links":{"self":[{"href":"https:\/\/roveyayinevi.com.tr\/index.php\/wp-json\/wp\/v2\/product\/754614","targetHints":{"allow":["GET"]}}],"collection":[{"href":"https:\/\/roveyayinevi.com.tr\/index.php\/wp-json\/wp\/v2\/product"}],"about":[{"href":"https:\/\/roveyayinevi.com.tr\/index.php\/wp-json\/wp\/v2\/types\/product"}],"wp:attachment":[{"href":"https:\/\/roveyayinevi.com.tr\/index.php\/wp-json\/wp\/v2\/media?parent=754614"}],"wp:term":[{"taxonomy":"product_brand","embeddable":true,"href":"https:\/\/roveyayinevi.com.tr\/index.php\/wp-json\/wp\/v2\/product_brand?post=754614"},{"taxonomy":"product_cat","embeddable":true,"href":"https:\/\/roveyayinevi.com.tr\/index.php\/wp-json\/wp\/v2\/product_cat?post=754614"},{"taxonomy":"product_tag","embeddable":true,"href":"https:\/\/roveyayinevi.com.tr\/index.php\/wp-json\/wp\/v2\/product_tag?post=754614"}],"curies":[{"name":"wp","href":"https:\/\/api.w.org\/{rel}","templated":true}]}}