{"id":754612,"date":"2025-08-28T06:15:58","date_gmt":"2025-08-28T03:15:58","guid":{"rendered":"https:\/\/roveyayinevi.com.tr\/index.php\/urun\/itiraflarim-5\/"},"modified":"2026-04-16T03:07:54","modified_gmt":"2026-04-16T00:07:54","slug":"itiraflarim-5","status":"publish","type":"product","link":"https:\/\/roveyayinevi.com.tr\/index.php\/urun\/itiraflarim-5\/","title":{"rendered":"\u0130tiraflar\u0131m"},"content":{"rendered":"<p>Hayat\u0131n\u0131n b\u00fcy\u00fck bir k\u0131sm\u0131n\u0131 aray\u0131\u015fla ve cevaplanmayan sorularla bo\u011fu\u015farak ge\u00e7iren Tolstoy, \u00e7ocuklu\u011funda \u00f6\u011fretilenleri geride b\u0131rakmas\u0131yla ba\u015flad\u0131\u011f\u0131 kendini bulma yolculu\u011funda, varolu\u015funun sebeplerini bilim, felsefe ve inan\u00e7 gibi farkl\u0131 yerlerde ar\u0131yor. Kimi zaman cevaplanmayan sorularla, Tolstoy\u2019un ya\u015fad\u0131\u011f\u0131 buhranla kar\u015f\u0131 kar\u015f\u0131ya kal\u0131yorsunuz.\u0130tiraflar\u0131m\u2019\u0131n her bir sat\u0131r\u0131nda Tolstoy\u2019un i\u00e7 d\u00fcnyas\u0131na yapt\u0131\u011f\u0131 yolculu\u011fa \u015fahit oluyorsunuz.<\/p>\n","protected":false},"excerpt":{"rendered":"<p>Hayat\u0131n\u0131n b\u00fcy\u00fck bir k\u0131sm\u0131n\u0131 aray\u0131\u015fla ve cevaplanmayan sorularla bo\u011fu\u015farak ge\u00e7iren Tolstoy, \u00e7ocuklu\u011funda \u00f6\u011fretilenleri geride b\u0131rakmas\u0131yla ba\u015flad\u0131\u011f\u0131 kendini bulma yolculu\u011funda, varolu\u015funun sebeplerini bilim, felsefe ve inan\u00e7 gibi<span class=\"excerpt-hellip\"> [\u2026]<\/span><\/p>\n","protected":false},"featured_media":0,"template":"","meta":{"_monsterinsights_skip_tracking":false,"_monsterinsights_sitenote_active":false,"_monsterinsights_sitenote_note":"","_monsterinsights_sitenote_category":0},"product_brand":[],"product_cat":[12291,12711],"product_tag":[],"class_list":{"0":"post-754612","1":"product","2":"type-product","3":"status-publish","5":"product_cat-edebiyat","6":"product_cat-roman-oyku","7":"pa_cilt-ciltsiz","8":"pa_tur-kitap","9":"pa_yayinevi-turkuvaz-kitap","10":"pa_yazar-lev-nikolayevic-tolstoy","12":"first","13":"instock","14":"sale","15":"shipping-taxable","16":"purchasable","17":"product-type-simple"},"_links":{"self":[{"href":"https:\/\/roveyayinevi.com.tr\/index.php\/wp-json\/wp\/v2\/product\/754612","targetHints":{"allow":["GET"]}}],"collection":[{"href":"https:\/\/roveyayinevi.com.tr\/index.php\/wp-json\/wp\/v2\/product"}],"about":[{"href":"https:\/\/roveyayinevi.com.tr\/index.php\/wp-json\/wp\/v2\/types\/product"}],"wp:attachment":[{"href":"https:\/\/roveyayinevi.com.tr\/index.php\/wp-json\/wp\/v2\/media?parent=754612"}],"wp:term":[{"taxonomy":"product_brand","embeddable":true,"href":"https:\/\/roveyayinevi.com.tr\/index.php\/wp-json\/wp\/v2\/product_brand?post=754612"},{"taxonomy":"product_cat","embeddable":true,"href":"https:\/\/roveyayinevi.com.tr\/index.php\/wp-json\/wp\/v2\/product_cat?post=754612"},{"taxonomy":"product_tag","embeddable":true,"href":"https:\/\/roveyayinevi.com.tr\/index.php\/wp-json\/wp\/v2\/product_tag?post=754612"}],"curies":[{"name":"wp","href":"https:\/\/api.w.org\/{rel}","templated":true}]}}