{"id":754607,"date":"2025-08-28T06:15:49","date_gmt":"2025-08-28T03:15:49","guid":{"rendered":"https:\/\/roveyayinevi.com.tr\/index.php\/urun\/icindeki-terapiste-kulak-ver\/"},"modified":"2026-04-08T03:15:21","modified_gmt":"2026-04-08T00:15:21","slug":"icindeki-terapiste-kulak-ver","status":"publish","type":"product","link":"https:\/\/roveyayinevi.com.tr\/index.php\/urun\/icindeki-terapiste-kulak-ver\/","title":{"rendered":"\u0130\u00e7indeki Terapiste Kulak Ver"},"content":{"rendered":"<p>\u201cTerapinin kendilerine nas\u0131l yard\u0131mc\u0131 olabilece\u011fini  anlamak isteyen herkes, Owen\u2019\u0131n e\u011flenceli ve motive edici kitab\u0131ndan ba\u015fkas\u0131na ihtiya\u00e7 duymayacak.\u201d  &#8211; Bened\u0131ct Cumberbatch, Akt\u00f6r G\u00fcne ba\u015flama \u015feklinizden g\u00fcn i\u00e7indeki duygu, d\u00fc\u015f\u00fcnce, dikkat, tutum ve davran\u0131\u015flar\u0131n\u0131z\u0131 y\u00f6netmeye; ili\u015fkilerinizden mesleki-akademik hayat\u0131n\u0131za, beslenmenizden uyku d\u00fczeninize ve daha fazlas\u0131na varana kadar geni\u015f bir yelpazede, ge\u00e7irdi\u011finiz tek bir g\u00fcn\u00fcn tamam\u0131n\u0131 d\u00fc\u015f\u00fcn\u00fcn. Zihninizden ge\u00e7enleri, beklentilerinizi, sorun \u00e7\u00f6zme \u015feklinizi ya da t\u00fckendi\u011finizi hissetti\u011finiz zamanlar\u0131 g\u00f6z\u00fcn\u00fczde canland\u0131r\u0131n. \u0130\u015fte bu kitap, b\u00f6yle anlar\u0131n\u0131zda hep yan\u0131n\u0131zda olacak. Kitab\u0131 elinize ald\u0131\u011f\u0131n\u0131z ilk g\u00fcnden itibaren hayat\u0131n\u0131zdaki somut ve olumlu de\u011fi\u015fimlerin ilk elden tan\u0131\u011f\u0131 olman\u0131z ka\u00e7\u0131n\u0131lmaz. Zor s\u00f6zc\u00fc\u011f\u00fcn\u00fcn esiri olmaya son vermek i\u00e7in kitaba konu olan bir\u00e7ok psikoloji tekni\u011fini kullanmak \u00fczere harekete ge\u00e7meniz ve de\u011fi\u015fmesini arzu etti\u011finiz \u015feyleri ger\u00e7ekle\u015ftirmeniz art\u0131k \u00e7ok kolay. Umar\u0131m bunu deneyimlemek i\u00e7in kendisine \u015fans veren di\u011fer bir\u00e7ok insan gibi sizler de bu ser\u00fcvene ad\u0131m atars\u0131n\u0131z.   Hayat\u0131n\u0131z\u0131n sizi  kucaklamas\u0131na ve bu kitab\u0131n sizi harekete ge\u00e7irmesine izin verin. \u201cGer\u00e7ekten insan\u0131 g\u00fc\u00e7lendiriyor.  Herkese hitap eden bu harika kitap hayat\u0131n\u0131za y\u00f6n vermenize yard\u0131mc\u0131 olacak.\u201d -Fearne Cotton, \u00c7oksatan Yazar   Her g\u00fcn kendinize on dakika ay\u0131r\u0131n ve pozitif de\u011fi\u015fimin tad\u0131n\u0131 \u00e7\u0131kar\u0131n!<\/p>\n","protected":false},"excerpt":{"rendered":"<p>\u201cTerapinin kendilerine nas\u0131l yard\u0131mc\u0131 olabilece\u011fini anlamak isteyen herkes, Owen\u2019\u0131n e\u011flenceli ve motive edici kitab\u0131ndan ba\u015fkas\u0131na ihtiya\u00e7 duymayacak.\u201d &#8211; Bened\u0131ct Cumberbatch, Akt\u00f6r G\u00fcne ba\u015flama \u015feklinizden g\u00fcn i\u00e7indeki<span class=\"excerpt-hellip\"> [\u2026]<\/span><\/p>\n","protected":false},"featured_media":0,"template":"","meta":{"_monsterinsights_skip_tracking":false,"_monsterinsights_sitenote_active":false,"_monsterinsights_sitenote_note":"","_monsterinsights_sitenote_category":0},"product_brand":[],"product_cat":[12364,12376],"product_tag":[],"class_list":{"0":"post-754607","1":"product","2":"type-product","3":"status-publish","5":"product_cat-genel-konular","6":"product_cat-kisisel-gelisim","7":"pa_cilt-ciltsiz","8":"pa_tur-kitap","9":"pa_yayinevi-mona-kitap","10":"pa_yazar-owen-okane","12":"first","13":"instock","14":"sale","15":"shipping-taxable","16":"purchasable","17":"product-type-simple"},"_links":{"self":[{"href":"https:\/\/roveyayinevi.com.tr\/index.php\/wp-json\/wp\/v2\/product\/754607","targetHints":{"allow":["GET"]}}],"collection":[{"href":"https:\/\/roveyayinevi.com.tr\/index.php\/wp-json\/wp\/v2\/product"}],"about":[{"href":"https:\/\/roveyayinevi.com.tr\/index.php\/wp-json\/wp\/v2\/types\/product"}],"wp:attachment":[{"href":"https:\/\/roveyayinevi.com.tr\/index.php\/wp-json\/wp\/v2\/media?parent=754607"}],"wp:term":[{"taxonomy":"product_brand","embeddable":true,"href":"https:\/\/roveyayinevi.com.tr\/index.php\/wp-json\/wp\/v2\/product_brand?post=754607"},{"taxonomy":"product_cat","embeddable":true,"href":"https:\/\/roveyayinevi.com.tr\/index.php\/wp-json\/wp\/v2\/product_cat?post=754607"},{"taxonomy":"product_tag","embeddable":true,"href":"https:\/\/roveyayinevi.com.tr\/index.php\/wp-json\/wp\/v2\/product_tag?post=754607"}],"curies":[{"name":"wp","href":"https:\/\/api.w.org\/{rel}","templated":true}]}}