{"id":754603,"date":"2025-08-28T06:15:42","date_gmt":"2025-08-28T03:15:42","guid":{"rendered":"https:\/\/roveyayinevi.com.tr\/index.php\/urun\/sporcularda-bilissel-esneklik-sportif-oz-guven-ve-basari-motivasyonu\/"},"modified":"2026-04-16T03:07:54","modified_gmt":"2026-04-16T00:07:54","slug":"sporcularda-bilissel-esneklik-sportif-oz-guven-ve-basari-motivasyonu","status":"publish","type":"product","link":"https:\/\/roveyayinevi.com.tr\/index.php\/urun\/sporcularda-bilissel-esneklik-sportif-oz-guven-ve-basari-motivasyonu\/","title":{"rendered":"Sporcularda Bili\u015fsel Esneklik, Sportif \u00d6z G\u00fcven ve Ba\u015far\u0131 Motivasyonu"},"content":{"rendered":"<p>\u0130\u00e7indekiler     TE\u015eEKK\u00dcR \u0130\u00c7\u0130NDEK\u0130LER TABLOLAR L\u0130STES\u0130 S\u0130MGELER VE KISALTMALAR L\u0130STES\u0130 B\u00d6L\u00dcM I 1.1. Giri\u015f 1.1.1. Problem C\u00fcmlesi 1.1.2. Alt Problemler 1.1.3. Ara\u015ft\u0131rman\u0131n Amac\u0131 1.1.4. Ara\u015ft\u0131rman\u0131n \u00d6nemi 1.1.5. Ara\u015ft\u0131rman\u0131n Varsay\u0131mlar\u0131 1.1.6. Ara\u015ft\u0131rman\u0131n S\u0131n\u0131rl\u0131l\u0131klar\u0131 1.1.7. Tan\u0131mlar B\u00d6L\u00dcM II: ALANYAZIN TARAMASI 2.1. Spor 2.1.1. Sporun Tan\u0131m\u0131 ve Anlam\u0131 2.1.2. Sporun Tarih\u00e7esi 2.1.3. Sporun Kayna\u011f\u0131 2.1.4. Sporun Amac\u0131 ve Fonksiyonlar\u0131 2.1.5. Sporun \u00d6nemi 2.2. Tak\u0131m ve Bireysel Sporlar 2.2.1. Bireysel Spor 2.2.2. Tak\u0131m Sporlar\u0131 2.3. Sporun Bireyler \u00dczerine Etkisi 2.3.1. Sporun Sosyal Etkileri 2.3.2. Sporun Psikolojik Etkileri 2.3.3. Sporun Fizyolojik Etkileri 2.4. Bili\u015fsel Esneklik 2.4.1. Bili\u015fsel Esneklik Kavram\u0131 2.4.2. Bili\u015fsel Esneklik ve Spor 2.5. Sportif \u00d6z G\u00fcven 2.5.1. Sportif \u00d6z G\u00fcvenin Sportif Ba\u015far\u0131ya Etkisi 2.5.2. Sportif \u00d6z G\u00fcven ve Spor Performans\u0131 Aras\u0131nda \u0130li\u015fki 2.5.3. Sportif \u00d6z G\u00fcvenin Art\u0131r\u0131lmas\u0131 2.6. Ba\u015far\u0131 Motivasyonu 2.6.1. Sporcu Ba\u011fl\u0131l\u0131\u011f\u0131 ve Spora \u00d6zg\u00fc Ba\u015far\u0131 Motivasyonu Aras\u0131ndaki \u0130li\u015fki 2.7. \u0130lgili Ara\u015ft\u0131rmalar 2.7.1. Bili\u015fsel Esneklik ile \u0130lgili Ara\u015ft\u0131rmalar 2.7.2. Sportif \u00d6z G\u00fcven ile \u0130lgili Ara\u015ft\u0131rmalar 2.7.3. Spora \u00d6zg\u00fc Ba\u015far\u0131 ile \u0130lgili Ara\u015ft\u0131rmalar B\u00d6L\u00dcM III: Y\u00d6NTEM 3.1. Ara\u015ft\u0131rma Modeli 3.2. Ara\u015ft\u0131rma Grubu 3.3. Veri Toplama Ara\u00e7lar\u0131 3.3.1. Ki\u015fisel Bilgi Formu 3.3.2. Bili\u015fsel Esneklik \u00d6l\u00e7e\u011fi 3.3.3. Sportif S\u00fcrekli Kendine G\u00fcven \u00d6l\u00e7e\u011fi 3.3.4. Spora \u00d6zg\u00fc Ba\u015far\u0131 Motivasyonu \u00d6l\u00e7e\u011fi 3.4. Verilerin Analizi B\u00d6L\u00dcM IV: BULGULAR VE YORUMLAR B\u00d6L\u00dcM V: TARTI\u015eMA SONU\u00c7 VE \u00d6NER\u0130LER KAYNAK\u00c7A<\/p>\n","protected":false},"excerpt":{"rendered":"<p>\u0130\u00e7indekiler TE\u015eEKK\u00dcR \u0130\u00c7\u0130NDEK\u0130LER TABLOLAR L\u0130STES\u0130 S\u0130MGELER VE KISALTMALAR L\u0130STES\u0130 B\u00d6L\u00dcM I 1.1. Giri\u015f 1.1.1. Problem C\u00fcmlesi 1.1.2. Alt Problemler 1.1.3. Ara\u015ft\u0131rman\u0131n Amac\u0131 1.1.4. Ara\u015ft\u0131rman\u0131n \u00d6nemi 1.1.5.<span class=\"excerpt-hellip\"> [\u2026]<\/span><\/p>\n","protected":false},"featured_media":0,"template":"","meta":{"_monsterinsights_skip_tracking":false,"_monsterinsights_sitenote_active":false,"_monsterinsights_sitenote_note":"","_monsterinsights_sitenote_category":0},"product_brand":[],"product_cat":[15563,15564],"product_tag":[],"class_list":{"0":"post-754603","1":"product","2":"type-product","3":"status-publish","5":"product_cat-hobi","6":"product_cat-spor","7":"pa_cilt-ciltsiz","8":"pa_tur-kitap","9":"pa_yayinevi-gazi-kitabevi","10":"pa_yazar-can-cemal-karadag-metin-yuceant","12":"first","13":"instock","14":"sale","15":"shipping-taxable","16":"purchasable","17":"product-type-simple"},"_links":{"self":[{"href":"https:\/\/roveyayinevi.com.tr\/index.php\/wp-json\/wp\/v2\/product\/754603","targetHints":{"allow":["GET"]}}],"collection":[{"href":"https:\/\/roveyayinevi.com.tr\/index.php\/wp-json\/wp\/v2\/product"}],"about":[{"href":"https:\/\/roveyayinevi.com.tr\/index.php\/wp-json\/wp\/v2\/types\/product"}],"wp:attachment":[{"href":"https:\/\/roveyayinevi.com.tr\/index.php\/wp-json\/wp\/v2\/media?parent=754603"}],"wp:term":[{"taxonomy":"product_brand","embeddable":true,"href":"https:\/\/roveyayinevi.com.tr\/index.php\/wp-json\/wp\/v2\/product_brand?post=754603"},{"taxonomy":"product_cat","embeddable":true,"href":"https:\/\/roveyayinevi.com.tr\/index.php\/wp-json\/wp\/v2\/product_cat?post=754603"},{"taxonomy":"product_tag","embeddable":true,"href":"https:\/\/roveyayinevi.com.tr\/index.php\/wp-json\/wp\/v2\/product_tag?post=754603"}],"curies":[{"name":"wp","href":"https:\/\/api.w.org\/{rel}","templated":true}]}}