{"id":754602,"date":"2025-08-28T06:15:41","date_gmt":"2025-08-28T03:15:41","guid":{"rendered":"https:\/\/roveyayinevi.com.tr\/index.php\/urun\/cocuk-oyun-egitiminde-dikkat-ve-konsantrasyon-calismalari-el-goz-koordinasyon-gelisimi\/"},"modified":"2026-04-16T03:07:54","modified_gmt":"2026-04-16T00:07:54","slug":"cocuk-oyun-egitiminde-dikkat-ve-konsantrasyon-calismalari-el-goz-koordinasyon-gelisimi","status":"publish","type":"product","link":"https:\/\/roveyayinevi.com.tr\/index.php\/urun\/cocuk-oyun-egitiminde-dikkat-ve-konsantrasyon-calismalari-el-goz-koordinasyon-gelisimi\/","title":{"rendered":"\u00c7ocuk Oyun E\u011fitiminde Dikkat ve Konsantrasyon \u00c7al\u0131\u015fmalar\u0131: El &#8211; G\u00f6z Koordinasyon Geli\u015fimi"},"content":{"rendered":"<p>\u0130\u00e7indekiler   \u00d6NS\u00d6Z \u0130\u00c7\u0130NDEK\u0130LER TABLOLAR L\u0130STES\u0130 \u015eEK\u0130LLER L\u0130STES\u0130 KISALTMALAR L\u0130STES\u0130   1. G\u0130R\u0130\u015e 1.1. Dikkat 1.1.1. Dikkati Etkileyen Fakt\u00f6rler 1.1.2. Sporda Dikkat 1.1.3. \u00c7ocuklarda Dikkat 1.2. Konsantrasyon 1.2.1. Sporda Konsantrasyon 1.2.2. Konsantrasyonda Y\u00f6n ve Geni\u015flik Boyutlar\u0131 1.3. Dikkat ve Konsantrasyon \u0130li\u015fkisi 1.4. Oyun 1.4.1. Piaget&#8217;in Oyun Teorisi 1.4.2. Oyun \u00c7e\u015fitleri 1.4.3. Oyunlar\u0131n \u00c7ocuk Geli\u015fim Alanlar\u0131na G\u00f6re Faydalar\u0131 1.4.3.1. Fiziksel ve Motor Geli\u015fim \u00dczerine Etkileri 1.4.3.2. Duygusal &#8211; Sosyal Geli\u015fim \u00dczerine Etkileri 1.4.3.3. Zek\u00e2 ve Dil Geli\u015fimi \u00dczerine Etkileri 1.4.4. Sporda Oyunun \u00d6nemi 1.4.5. Oyunda Dikkatin \u00d6nemi 1.5. Oyun E\u011fitimleri 1.5.1. Oyun E\u011fitimlerinin Etkileri 1.5.2. Oyun E\u011fitimlerinin S\u0131n\u0131fland\u0131r\u0131lmas\u0131 1.5.3. Oyun E\u011fitimlerinin Geli\u015fime Etkisi 1.6. Dart 1.6.1. Dart Oyun Kurallar\u0131 1.6.2. Dart Oyununda Dikkat ve Konsantrasyon   GERE\u00c7 VE Y\u00d6NTEM 2.1. Ara\u015ft\u0131rman\u0131n Amac\u0131 2.2. Ara\u015ft\u0131rma Gruplar\u0131 ve \u00c7al\u0131\u015fma Prosed\u00fcr\u00fc 2.3. d2 Dikkat Testi 2.3.1. d2 Dikkat Testinin Uygulanmas\u0131 2.3.2. d2 Testinden Elde Edilen Puanlar\u0131n De\u011ferlendirilmesi, Uygulanan Oyun E\u011fitimi Program\u0131   3. BULGULAR 4. TARTI\u015eMA 5. KAYNAKLAR <\/p>\n","protected":false},"excerpt":{"rendered":"<p>\u0130\u00e7indekiler \u00d6NS\u00d6Z \u0130\u00c7\u0130NDEK\u0130LER TABLOLAR L\u0130STES\u0130 \u015eEK\u0130LLER L\u0130STES\u0130 KISALTMALAR L\u0130STES\u0130 1. G\u0130R\u0130\u015e 1.1. Dikkat 1.1.1. Dikkati Etkileyen Fakt\u00f6rler 1.1.2. Sporda Dikkat 1.1.3. \u00c7ocuklarda Dikkat 1.2. Konsantrasyon 1.2.1.<span class=\"excerpt-hellip\"> [\u2026]<\/span><\/p>\n","protected":false},"featured_media":0,"template":"","meta":{"_monsterinsights_skip_tracking":false,"_monsterinsights_sitenote_active":false,"_monsterinsights_sitenote_note":"","_monsterinsights_sitenote_category":0},"product_brand":[],"product_cat":[12573,12566],"product_tag":[],"class_list":{"0":"post-754602","1":"product","2":"type-product","3":"status-publish","5":"product_cat-akademik-kitaplar","6":"product_cat-egitim","7":"pa_cilt-ciltsiz","8":"pa_tur-kitap","9":"pa_yayinevi-gazi-kitabevi","10":"pa_yazar-cengiz-arslan-selma-dagdelen","12":"first","13":"instock","14":"sale","15":"shipping-taxable","16":"purchasable","17":"product-type-simple"},"_links":{"self":[{"href":"https:\/\/roveyayinevi.com.tr\/index.php\/wp-json\/wp\/v2\/product\/754602","targetHints":{"allow":["GET"]}}],"collection":[{"href":"https:\/\/roveyayinevi.com.tr\/index.php\/wp-json\/wp\/v2\/product"}],"about":[{"href":"https:\/\/roveyayinevi.com.tr\/index.php\/wp-json\/wp\/v2\/types\/product"}],"wp:attachment":[{"href":"https:\/\/roveyayinevi.com.tr\/index.php\/wp-json\/wp\/v2\/media?parent=754602"}],"wp:term":[{"taxonomy":"product_brand","embeddable":true,"href":"https:\/\/roveyayinevi.com.tr\/index.php\/wp-json\/wp\/v2\/product_brand?post=754602"},{"taxonomy":"product_cat","embeddable":true,"href":"https:\/\/roveyayinevi.com.tr\/index.php\/wp-json\/wp\/v2\/product_cat?post=754602"},{"taxonomy":"product_tag","embeddable":true,"href":"https:\/\/roveyayinevi.com.tr\/index.php\/wp-json\/wp\/v2\/product_tag?post=754602"}],"curies":[{"name":"wp","href":"https:\/\/api.w.org\/{rel}","templated":true}]}}