{"id":754600,"date":"2025-08-28T06:15:37","date_gmt":"2025-08-28T03:15:37","guid":{"rendered":"https:\/\/roveyayinevi.com.tr\/index.php\/urun\/tuhaf-tesadufler-1-sifreli-kagit\/"},"modified":"2026-04-16T03:07:54","modified_gmt":"2026-04-16T00:07:54","slug":"tuhaf-tesadufler-1-sifreli-kagit","status":"publish","type":"product","link":"https:\/\/roveyayinevi.com.tr\/index.php\/urun\/tuhaf-tesadufler-1-sifreli-kagit\/","title":{"rendered":"Tuhaf Tesad\u00fcfler 1-\u015eifreli Ka\u011f\u0131t"},"content":{"rendered":"<p>Batu, Caner ve Naz o g\u00fcn okuldan eve d\u00f6nerken her \u015fey normaldi. Anne ve babalar\u0131n\u0131n yurt d\u0131\u015f\u0131nda bir konferansa gidecek olmas\u0131nda da bir gariplik yoktu. Onlar\u0131n yoklu\u011funda gazeteci amcalar\u0131 \u00c7etin\u2019in \u00e7ocuklarla kalacak olmas\u0131 ise hi\u00e7 tuhaf bir durum de\u011fildi. Peki apartmanda tekinsiz tiplerin dola\u015fmas\u0131, asans\u00f6rde \u015fifreli k\u00e2\u011f\u0131tlar bulunmas\u0131, amcalar\u0131n\u0131n bir \u00e7eteyi ara\u015ft\u0131r\u0131yor olmas\u0131, bilgisayar oyunlar\u0131ndaki mesajla\u015fmalar, polis bask\u0131nlar\u0131, \u00c7etin\u2019in arkada\u015f\u0131 Engin\u2019in abur cuburu bu kadar \u00e7ok sevmesi tesad\u00fcf olabilir miydi? (Tamam, Engin\u2019in abur cubur sevmesi konusunu bo\u015f verin.) Pek\u00e2l\u00e2, tesad\u00fcf diye bir \u015fey yoktur\u2026 \u2026ama tesad\u00fcf sand\u0131\u011f\u0131m\u0131z tuhaf olaylar bizi soluksuz maceralara g\u00f6t\u00fcr\u00fcr. <\/p>\n","protected":false},"excerpt":{"rendered":"<p>Batu, Caner ve Naz o g\u00fcn okuldan eve d\u00f6nerken her \u015fey normaldi. Anne ve babalar\u0131n\u0131n yurt d\u0131\u015f\u0131nda bir konferansa gidecek olmas\u0131nda da bir gariplik yoktu. Onlar\u0131n<span class=\"excerpt-hellip\"> [\u2026]<\/span><\/p>\n","protected":false},"featured_media":0,"template":"","meta":{"_monsterinsights_skip_tracking":false,"_monsterinsights_sitenote_active":false,"_monsterinsights_sitenote_note":"","_monsterinsights_sitenote_category":0},"product_brand":[],"product_cat":[12275,12274],"product_tag":[],"class_list":{"0":"post-754600","1":"product","2":"type-product","3":"status-publish","5":"product_cat-6-12-yas-kitaplari","6":"product_cat-cocuk-ve-genclik-kitaplari","7":"pa_cilt-ciltsiz","8":"pa_tur-kitap","9":"pa_yayinevi-x-libris","10":"pa_yazar-deniz-erbulak","12":"first","13":"instock","14":"sale","15":"shipping-taxable","16":"purchasable","17":"product-type-simple"},"_links":{"self":[{"href":"https:\/\/roveyayinevi.com.tr\/index.php\/wp-json\/wp\/v2\/product\/754600","targetHints":{"allow":["GET"]}}],"collection":[{"href":"https:\/\/roveyayinevi.com.tr\/index.php\/wp-json\/wp\/v2\/product"}],"about":[{"href":"https:\/\/roveyayinevi.com.tr\/index.php\/wp-json\/wp\/v2\/types\/product"}],"wp:attachment":[{"href":"https:\/\/roveyayinevi.com.tr\/index.php\/wp-json\/wp\/v2\/media?parent=754600"}],"wp:term":[{"taxonomy":"product_brand","embeddable":true,"href":"https:\/\/roveyayinevi.com.tr\/index.php\/wp-json\/wp\/v2\/product_brand?post=754600"},{"taxonomy":"product_cat","embeddable":true,"href":"https:\/\/roveyayinevi.com.tr\/index.php\/wp-json\/wp\/v2\/product_cat?post=754600"},{"taxonomy":"product_tag","embeddable":true,"href":"https:\/\/roveyayinevi.com.tr\/index.php\/wp-json\/wp\/v2\/product_tag?post=754600"}],"curies":[{"name":"wp","href":"https:\/\/api.w.org\/{rel}","templated":true}]}}