{"id":754598,"date":"2025-08-28T06:15:33","date_gmt":"2025-08-28T03:15:33","guid":{"rendered":"https:\/\/roveyayinevi.com.tr\/index.php\/urun\/derdiyar\/"},"modified":"2026-04-16T03:07:53","modified_gmt":"2026-04-16T00:07:53","slug":"derdiyar","status":"publish","type":"product","link":"https:\/\/roveyayinevi.com.tr\/index.php\/urun\/derdiyar\/","title":{"rendered":"Derdiyar"},"content":{"rendered":"<p>Yalan, dolan bilmem do\u011frudur \u00f6z\u00fcm, Katiyyen olmad\u0131 y\u00fcksekte g\u00f6z\u00fcm Nefretle s\u00f6ylenmi\u015f yok k\u00f6t\u00fc s\u00f6z\u00fcm Kalp k\u0131rmaktan ka\u00e7an bir DERD\u0130YAR\u2019\u0131m   \u015eiirlerim sizi huzura sals\u0131n \u0130htiyac\u0131 olan \u00f6\u011f\u00fcd\u00fc als\u0131n Ard\u0131mdan geriye ho\u015f seda kals\u0131n Bu d\u00fcnyadan ge\u00e7en bir DERD\u0130YAR\u2019\u0131m   Fato\u015f Ta\u015fk\u0131n Karado\u011fan <\/p>\n","protected":false},"excerpt":{"rendered":"<p>Yalan, dolan bilmem do\u011frudur \u00f6z\u00fcm, Katiyyen olmad\u0131 y\u00fcksekte g\u00f6z\u00fcm Nefretle s\u00f6ylenmi\u015f yok k\u00f6t\u00fc s\u00f6z\u00fcm Kalp k\u0131rmaktan ka\u00e7an bir DERD\u0130YAR\u2019\u0131m \u015eiirlerim sizi huzura sals\u0131n \u0130htiyac\u0131 olan \u00f6\u011f\u00fcd\u00fc<span class=\"excerpt-hellip\"> [\u2026]<\/span><\/p>\n","protected":false},"featured_media":0,"template":"","meta":{"_monsterinsights_skip_tracking":false,"_monsterinsights_sitenote_active":false,"_monsterinsights_sitenote_note":"","_monsterinsights_sitenote_category":0},"product_brand":[],"product_cat":[12291,12509],"product_tag":[],"class_list":{"0":"post-754598","1":"product","2":"type-product","3":"status-publish","5":"product_cat-edebiyat","6":"product_cat-siir","7":"pa_cilt-ciltsiz","8":"pa_tur-kitap","9":"pa_yayinevi-gulnar-yayinlari","10":"pa_yazar-fatos-taskin-karadogan","12":"first","13":"instock","14":"sale","15":"shipping-taxable","16":"purchasable","17":"product-type-simple"},"_links":{"self":[{"href":"https:\/\/roveyayinevi.com.tr\/index.php\/wp-json\/wp\/v2\/product\/754598","targetHints":{"allow":["GET"]}}],"collection":[{"href":"https:\/\/roveyayinevi.com.tr\/index.php\/wp-json\/wp\/v2\/product"}],"about":[{"href":"https:\/\/roveyayinevi.com.tr\/index.php\/wp-json\/wp\/v2\/types\/product"}],"wp:attachment":[{"href":"https:\/\/roveyayinevi.com.tr\/index.php\/wp-json\/wp\/v2\/media?parent=754598"}],"wp:term":[{"taxonomy":"product_brand","embeddable":true,"href":"https:\/\/roveyayinevi.com.tr\/index.php\/wp-json\/wp\/v2\/product_brand?post=754598"},{"taxonomy":"product_cat","embeddable":true,"href":"https:\/\/roveyayinevi.com.tr\/index.php\/wp-json\/wp\/v2\/product_cat?post=754598"},{"taxonomy":"product_tag","embeddable":true,"href":"https:\/\/roveyayinevi.com.tr\/index.php\/wp-json\/wp\/v2\/product_tag?post=754598"}],"curies":[{"name":"wp","href":"https:\/\/api.w.org\/{rel}","templated":true}]}}