{"id":754597,"date":"2025-08-28T06:15:31","date_gmt":"2025-08-28T03:15:31","guid":{"rendered":"https:\/\/roveyayinevi.com.tr\/index.php\/urun\/gufte-bizden-beste-sizden\/"},"modified":"2026-04-16T03:07:53","modified_gmt":"2026-04-16T00:07:53","slug":"gufte-bizden-beste-sizden","status":"publish","type":"product","link":"https:\/\/roveyayinevi.com.tr\/index.php\/urun\/gufte-bizden-beste-sizden\/","title":{"rendered":"G\u00fcfte Bizden Beste Sizden"},"content":{"rendered":"<p>1955 y\u0131l\u0131nda \u00c7orum\u2019un Sungurlu il\u00e7esinde do\u011fdu. \u0130lkokul ve ortaokulu il\u00e7esinde bitirdikten sonra \u00c7orum \u00d6\u011fretmen Okuluna ba\u015flad\u0131. 1974 y\u0131l\u0131nda mezun oldu.   S\u0131ras\u0131yla; Sivas: Kabasakal ve Ak\u00e7ahan ilkokullar\u0131nda. \u00c7orum: Aya\u011f\u0131b\u00fcy\u00fck ve K\u00fc\u00e7\u00fckpolatl\u0131 ilkokullar\u0131nda. \u0130stanbul: Sar\u0131yer-Uskumruk\u00f6y ilkokullar\u0131\u2019nda, Ka\u011f\u0131thane-T\u0131naztepe ve \u00c7a\u011flayan ilkokullar\u0131\u2019nda, \u015ei\u015fli-Harbiye ilk\u00f6\u011fretim okulu\u2019nda, Ka\u011f\u0131thane-Osman Tevfik Yalman ilk\u00f6\u011fretim Okulu\u2019nda g\u00f6rev yapt\u0131ktan sonra emekli oldu.   Halen \u00d6zel Pera G\u00fczel Sanatlar Kurumlar\u0131nda \u0130dari M\u00fcd\u00fcr olarak g\u00f6rev yapmaktad\u0131r. <\/p>\n","protected":false},"excerpt":{"rendered":"<p>1955 y\u0131l\u0131nda \u00c7orum\u2019un Sungurlu il\u00e7esinde do\u011fdu. \u0130lkokul ve ortaokulu il\u00e7esinde bitirdikten sonra \u00c7orum \u00d6\u011fretmen Okuluna ba\u015flad\u0131. 1974 y\u0131l\u0131nda mezun oldu. S\u0131ras\u0131yla; Sivas: Kabasakal ve Ak\u00e7ahan ilkokullar\u0131nda.<span class=\"excerpt-hellip\"> [\u2026]<\/span><\/p>\n","protected":false},"featured_media":0,"template":"","meta":{"_monsterinsights_skip_tracking":false,"_monsterinsights_sitenote_active":false,"_monsterinsights_sitenote_note":"","_monsterinsights_sitenote_category":0},"product_brand":[],"product_cat":[12291,12509],"product_tag":[],"class_list":{"0":"post-754597","1":"product","2":"type-product","3":"status-publish","5":"product_cat-edebiyat","6":"product_cat-siir","7":"pa_cilt-ciltsiz","8":"pa_tur-kitap","9":"pa_yayinevi-gulnar-yayinlari","10":"pa_yazar-huseyin-alpsahin","12":"first","13":"instock","14":"sale","15":"shipping-taxable","16":"purchasable","17":"product-type-simple"},"_links":{"self":[{"href":"https:\/\/roveyayinevi.com.tr\/index.php\/wp-json\/wp\/v2\/product\/754597","targetHints":{"allow":["GET"]}}],"collection":[{"href":"https:\/\/roveyayinevi.com.tr\/index.php\/wp-json\/wp\/v2\/product"}],"about":[{"href":"https:\/\/roveyayinevi.com.tr\/index.php\/wp-json\/wp\/v2\/types\/product"}],"wp:attachment":[{"href":"https:\/\/roveyayinevi.com.tr\/index.php\/wp-json\/wp\/v2\/media?parent=754597"}],"wp:term":[{"taxonomy":"product_brand","embeddable":true,"href":"https:\/\/roveyayinevi.com.tr\/index.php\/wp-json\/wp\/v2\/product_brand?post=754597"},{"taxonomy":"product_cat","embeddable":true,"href":"https:\/\/roveyayinevi.com.tr\/index.php\/wp-json\/wp\/v2\/product_cat?post=754597"},{"taxonomy":"product_tag","embeddable":true,"href":"https:\/\/roveyayinevi.com.tr\/index.php\/wp-json\/wp\/v2\/product_tag?post=754597"}],"curies":[{"name":"wp","href":"https:\/\/api.w.org\/{rel}","templated":true}]}}