{"id":754595,"date":"2025-08-28T06:15:27","date_gmt":"2025-08-28T03:15:27","guid":{"rendered":"https:\/\/roveyayinevi.com.tr\/index.php\/urun\/makalelerim\/"},"modified":"2026-04-16T03:07:53","modified_gmt":"2026-04-16T00:07:53","slug":"makalelerim","status":"publish","type":"product","link":"https:\/\/roveyayinevi.com.tr\/index.php\/urun\/makalelerim\/","title":{"rendered":"Makalelerim"},"content":{"rendered":"<p>Dr. \u015eemsettin K\u00fczeci, bizim g\u00f6n\u00fcl co\u011frafyam\u0131z\u0131 bilenlerin yak\u0131ndan tan\u0131d\u0131\u011f\u0131 bir isim. O bir \u201cdava\u201dn\u0131n insan\u0131. Ge\u00e7en y\u0131llar ve kar\u015f\u0131la\u015ft\u0131\u011f\u0131 nice hakna\u015finasl\u0131klar onu bu yoldan uzakla\u015ft\u0131ramam\u0131\u015f. \u00c7\u00fcnk\u00fc inand\u0131\u011f\u0131 ve u\u011frunda bin bir me\u015fakkate tahamm\u00fcl etti\u011fi dava \u201cKerk\u00fck T\u00fcrkl\u00fc\u011f\u00fcn\u00fcn Bekas\u0131 Davas\u0131\u201dd\u0131r. Ancak \u015eemseddin Bey, bir davan\u0131n ilimsiz, irfans\u0131z ve entelekt\u00fcel derinlikten yoksun olarak s\u00fcrd\u00fcr\u00fclemeyece\u011finin fark\u0131nda olan bir d\u00fc\u015f\u00fcnce insan\u0131d\u0131r ayn\u0131 zamanda. T\u00fcm bunlar\u0131n yan\u0131 s\u0131ra gazeteci, TV Programc\u0131s\u0131, \u00f6\u011fretmen ve zalimlere kar\u015f\u0131 daima mazlumlar\u0131n yan\u0131nda olmu\u015f bir d\u00fc\u015f\u00fcnce insan\u0131d\u0131r. <\/p>\n","protected":false},"excerpt":{"rendered":"<p>Dr. \u015eemsettin K\u00fczeci, bizim g\u00f6n\u00fcl co\u011frafyam\u0131z\u0131 bilenlerin yak\u0131ndan tan\u0131d\u0131\u011f\u0131 bir isim. O bir \u201cdava\u201dn\u0131n insan\u0131. Ge\u00e7en y\u0131llar ve kar\u015f\u0131la\u015ft\u0131\u011f\u0131 nice hakna\u015finasl\u0131klar onu bu yoldan uzakla\u015ft\u0131ramam\u0131\u015f. \u00c7\u00fcnk\u00fc<span class=\"excerpt-hellip\"> [\u2026]<\/span><\/p>\n","protected":false},"featured_media":0,"template":"","meta":{"_monsterinsights_skip_tracking":false,"_monsterinsights_sitenote_active":false,"_monsterinsights_sitenote_note":"","_monsterinsights_sitenote_category":0},"product_brand":[],"product_cat":[12291,104362],"product_tag":[],"class_list":{"0":"post-754595","1":"product","2":"type-product","3":"status-publish","5":"product_cat-edebiyat","6":"product_cat-makale","7":"pa_cilt-ciltsiz","8":"pa_tur-kitap","9":"pa_yayinevi-gulnar-yayinlari","10":"pa_yazar-semsettin-kuzeci","12":"first","13":"instock","14":"sale","15":"shipping-taxable","16":"purchasable","17":"product-type-simple"},"_links":{"self":[{"href":"https:\/\/roveyayinevi.com.tr\/index.php\/wp-json\/wp\/v2\/product\/754595","targetHints":{"allow":["GET"]}}],"collection":[{"href":"https:\/\/roveyayinevi.com.tr\/index.php\/wp-json\/wp\/v2\/product"}],"about":[{"href":"https:\/\/roveyayinevi.com.tr\/index.php\/wp-json\/wp\/v2\/types\/product"}],"wp:attachment":[{"href":"https:\/\/roveyayinevi.com.tr\/index.php\/wp-json\/wp\/v2\/media?parent=754595"}],"wp:term":[{"taxonomy":"product_brand","embeddable":true,"href":"https:\/\/roveyayinevi.com.tr\/index.php\/wp-json\/wp\/v2\/product_brand?post=754595"},{"taxonomy":"product_cat","embeddable":true,"href":"https:\/\/roveyayinevi.com.tr\/index.php\/wp-json\/wp\/v2\/product_cat?post=754595"},{"taxonomy":"product_tag","embeddable":true,"href":"https:\/\/roveyayinevi.com.tr\/index.php\/wp-json\/wp\/v2\/product_tag?post=754595"}],"curies":[{"name":"wp","href":"https:\/\/api.w.org\/{rel}","templated":true}]}}