{"id":754591,"date":"2025-08-28T06:15:21","date_gmt":"2025-08-28T03:15:21","guid":{"rendered":"https:\/\/roveyayinevi.com.tr\/index.php\/urun\/dort-ruzgar\/"},"modified":"2026-04-12T03:11:37","modified_gmt":"2026-04-12T00:11:37","slug":"dort-ruzgar","status":"publish","type":"product","link":"https:\/\/roveyayinevi.com.tr\/index.php\/urun\/dort-ruzgar\/","title":{"rendered":"D\u00f6rt R\u00fczgar"},"content":{"rendered":"<p>Dinlersen topra\u011f\u0131m sana kendi hik\u00e2yesini anlat\u0131r. Ailemizin hik\u00e2yesini\u2026   Bazen g\u00f6zlerimi kapatt\u0131\u011f\u0131mda tozun tad\u0131n\u0131 ald\u0131\u011f\u0131ma yemin edebilirim\u2026    Teksas, 1921. Bolluk ve bereket zaman\u0131. Birinci D\u00fcnya Sava\u015f\u0131 sona ermi\u015f, c\u00f6mert topraklar\u0131yla Amerika yeni ve iyimser bir d\u00f6neme girmi\u015ftir. Ancak kad\u0131nlar i\u00e7in evlili\u011fin tek se\u00e7enek olarak g\u00f6r\u00fcld\u00fc\u011f\u00fc bir d\u00f6nemde evde kalm\u0131\u015f g\u00f6z\u00fcyle bak\u0131lan yirmi be\u015f ya\u015f\u0131ndaki Elsa Wolcott i\u00e7in gelecek h\u00e2l\u00e2 belirsizdir. Ta ki hayat\u0131n\u0131 de\u011fi\u015ftirmeye karar verip Rafe Martinelli\u2019yle tan\u0131\u015fana dek. Fakat Elsa\u2019n\u0131n d\u00fc\u015f\u00fcnmeden ald\u0131\u011f\u0131 bu karar\u0131n baz\u0131 sonu\u00e7lar\u0131 olur ve art\u0131k yapabilece\u011fi tek bir \u015fey vard\u0131r: neredeyse hi\u00e7 tan\u0131mad\u0131\u011f\u0131 bir adamla evlenmek.    Takvimler 1934\u2019\u00fc g\u00f6sterdi\u011finde d\u00fcnya de\u011fi\u015fmi\u015f, milyonlarca insan i\u015fsiz kalm\u0131\u015ft\u0131r. B\u00fcy\u00fck Ovalar\u2019\u0131 mahveden kurakl\u0131kla beraber kuruyup \u00e7atlayan topraktan mahsul alamayan \u00e7ift\u00e7iler art\u0131k yaln\u0131zca tarlalar\u0131n\u0131 ve hayvanlar\u0131n\u0131 kaybetmemek i\u00e7in m\u00fccadele etmektedir. Y\u0131k\u0131c\u0131 toz f\u0131rt\u0131nalar\u0131 d\u00fcnyalar\u0131n\u0131 alt\u00fcst ederken Martinelli ailesinin \u00e7iftli\u011finde de her \u015fey \u00f6lmeye ba\u015flar ve Elsa\u2019n\u0131n k\u00f6ks\u00fcz evlili\u011fi de buna d\u00e2hildir. Art\u0131k bir anne olarak tek amac\u0131 \u00e7ocuklar\u0131n\u0131n hayatta kalmas\u0131n\u0131 sa\u011flamak olsa da, ya\u011fmuru bekleyerek ge\u00e7irdi\u011fi her yeni g\u00fcn do\u011faya kar\u015f\u0131 \u00fcmitsiz bir m\u00fccadeleden ibarettir.    D\u00f6rt R\u00fczg\u00e2r, B\u00fcy\u00fck Buhran d\u00f6nemini tecr\u00fcbe eden insanlara hayat vererek, bir ulusu ikiye b\u00f6len ac\u0131 ger\u00e7ekleri ve zengin ile yoksul aras\u0131ndaki bitmek bilmeyen sava\u015f\u0131 anlatan \u00e7arp\u0131c\u0131 bir roman. Umudu, direni\u015f ruhunu ve zor zamanlarda insan\u0131n ne kadar dirayetli olabildi\u011fini hat\u0131rlatan bu hik\u00e2ye, asl\u0131nda cesareti ve fedak\u00e2rl\u0131klar\u0131yla bir nesli temsil eden yenilmez bir kad\u0131n\u0131n g\u00f6z\u00fcnden Amerikan R\u00fcyas\u0131\u2019n\u0131n ta kendisi.      \u201cKristin Hannah bize hem insan kalbinin hem de d\u00fcnyam\u0131z\u0131n r\u00fczg\u00e2rdaki k\u00fc\u00e7\u00fck bir de\u011fi\u015fim kadar g\u00fc\u00e7l\u00fc ama bir o kadar da k\u0131r\u0131lgan olabilece\u011fini hat\u0131rlat\u0131yor. Topra\u011f\u0131 vuran kurakl\u0131\u011f\u0131 kendi ruhunda da hisseden bir anne, \u2018annelik\u2019 denen ve i\u00e7ten gelen o m\u00fcthi\u015f g\u00fc\u00e7le evlatlar\u0131n\u0131 kurtarmak i\u00e7in \u00e7\u00f6lleri a\u015fmaya, a\u00e7l\u0131\u011fa direnmeye \u00e7al\u0131\u015f\u0131yor. Do\u011fan\u0131n k\u0131ymetini bilmenin \u00f6nemine ve asl\u0131nda onun ne kadar hassas oldu\u011funa dikkat \u00e7eken, tam zaman\u0131nda kaleme al\u0131nm\u0131\u015f bir roman.\u201d  Delia Owens    \u201cD\u00f6rt R\u00fczg\u00e2r yer yer annelerin g\u00fcc\u00fcne ve y\u0131rt\u0131c\u0131l\u0131\u011f\u0131na dair bir \u00f6vg\u00fc, yer yer bizi bir arada tutan\u0131n yaln\u0131zca sevgi oldu\u011funa dair bir \u00e7\u0131kar\u0131m. Ama hepsinden \u00f6tesi i\u00e7inizde dokunulmak isteyen her noktaya dokunmay\u0131 ba\u015faran ve sizi son sayfas\u0131na dek \u015fa\u015f\u0131rtan, kelimenin tam anlam\u0131yla g\u00fczel bir hik\u00e2ye.\u201d  Associated Press    \u201cHay\u0131r, g\u00f6zlerinize batan, di\u015flerinizin aras\u0131nda \u00e7\u0131t\u0131rdayan kum ger\u00e7ek de\u011fil; sadece Kristin Hannah\u2019n\u0131n toz f\u0131rt\u0131nalar\u0131n\u0131 tasvir etmekteki ba\u015far\u0131s\u0131ndan kaynaklan\u0131yor. Elsa Martinelli karakteri kalbinize taht kuracak.\u201d  Amazon Book Review    \u201cOkuru zamanda yolculu\u011fa \u00e7\u0131karan, destans\u0131 ve dokunakl\u0131 bir kara g\u00fcn ve sevgi hik\u00e2yesi. \u00c7ok g\u00f6rkemli ve etkileyici.\u201d  USA Today    \u201c\u00d6yle g\u00fczel ki can\u0131n\u0131z yan\u0131yor.\u201d  Newsweek   \u201cD\u00f6rt R\u00fczg\u00e2r \u015fu an bile t\u00fcylerinizi \u00fcrpertecek kadar g\u00fcncel bir hik\u00e2ye. Ta\u015f\u0131d\u0131\u011f\u0131 mesaj heyecan ve umut verici: Biz kavgac\u0131 ya\u015fam sava\u015f\u00e7\u0131lar\u0131ndan olu\u015fan bir milletiz. Nice zorluk g\u00f6rd\u00fck ve bir o kadar\u0131n\u0131 daha g\u00f6rece\u011fiz. Birbirinize kenetlenin.\u201d  The New York Times   \u201cD\u00f6rt R\u00fczg\u00e2r, En B\u00fcy\u00fck Nesil kad\u0131nlar\u0131n\u0131n \u00e7ok \u00f6nemli olmas\u0131na ra\u011fmen s\u0131k s\u0131k g\u00f6z ard\u0131 edilen rollerine \u0131\u015f\u0131k tutan bir yetenek g\u00f6sterisi.\u201d  People   \u201cHannah, Toz \u00c7ana\u011f\u0131 g\u00f6\u00e7\u00fcne bu nefes kesici sevgi, cesaret ve fedak\u00e2rl\u0131k hik\u00e2yesiyle can veriyor. Ac\u0131 verici ger\u00e7ekleri duygusal a\u00e7\u0131dan derin karakterlerle ve \u0131\u015f\u0131ldayarak daha ilk sat\u0131rdan kula\u011f\u0131n\u0131za tam da olmas\u0131 gerekti\u011fi gibi gelen lirik bir dille harmanl\u0131yor.\u201d  Publishers Weekly   \u201cOla\u011fan\u00fcst\u00fc\u2026 Aile ba\u011flar\u0131na, direnmeye, kad\u0131nlar aras\u0131ndaki dostluklara ve metanete dair, okudu\u011funuza asla pi\u015fman olmayaca\u011f\u0131n\u0131z \u00e7ok zengin bir hik\u00e2ye.\u201d  Booklist   \u201cYa\u015fam sava\u015f\u0131na devam etmek ile yuva bildikleri yer aras\u0131nda zor bir tercih yapmak zorunda kalan aileleri temsil eden bir kad\u0131n\u0131n yolculu\u011fu.\u201d  GoodMorningAmerica   \u201cAilesini ayakta tutmaya \u00e7al\u0131\u015fan Amerikal\u0131 bir kad\u0131n\u0131n s\u00fcr\u00fckleyici, destans\u0131 hik\u00e2yesi. Ulusal \u00e7apta bir kriz s\u00f6z konusu oldu\u011funda kad\u0131nlar\u0131n y\u00fck\u00fc nas\u0131l omuzlad\u0131\u011f\u0131 ger\u00e7e\u011fine dikkat \u00e7ekti\u011fi i\u00e7in zamanlamas\u0131 bak\u0131m\u0131ndan d\u00fc\u015f\u00fcnd\u00fcr\u00fcc\u00fc.\u201d  Real Simple   \u201cFedak\u00e2rl\u0131\u011f\u0131, cesareti, sevgiyi ve umudu anlatan h\u00fcz\u00fcnl\u00fc ama \u00e7ok g\u00fczel bir hik\u00e2ye. Mendilinizi yan\u0131n\u0131zdan eksik etmeyin.\u201d  The Skimm   \u201cSevgiyi, fedak\u00e2rl\u0131\u011f\u0131 ve hayatta kalmak i\u00e7in insan\u0131n neler yapabilece\u011fini g\u00f6zler \u00f6n\u00fcne seren derin, nefes kesici bir roman.\u201d  Kate Morton   \u201cUstal\u0131k dersi niteli\u011finde.\u201d  Karen Swan   \u201cHannah\u2019n\u0131n B\u00fclb\u00fcl roman\u0131n\u0131n hayranlar\u0131 bu romanla da hayal k\u0131r\u0131kl\u0131\u011f\u0131na u\u011framayacaklar ve h\u00e2l\u00e2 haberiniz yoksa mendillerinizi elinizin alt\u0131ndan eksik etmemeniz konusunda sizi uyaracaklar.\u201d KMUW   \u201cG\u00f6zya\u015flar\u0131na bo\u011fulabilecekleri bir kitap aray\u0131\u015f\u0131ndaki sad\u0131k Hannah hayranlar\u0131 i\u00e7in\u2026\u201d  Kirkus   \u201cOkurlar Elsa\u2019n\u0131n g\u00f6z\u00fcnden B\u00fcy\u00fck Buhran d\u00f6nemine yolculuk edecek ve B\u00fcy\u00fck Ovalar\u2019da verilen ya\u015fam m\u00fccadelesini birinci elden tecr\u00fcbe edecek. Tarih\u00ee roman severler ise bu dokunakl\u0131 hik\u00e2yenin i\u00e7inde kendilerini kaybedip Elsa\u2019n\u0131n o k\u0131r\u0131lgan, \u00f6z g\u00fcvensiz k\u0131zdan korkusuz bir direni\u015f\u00e7iye d\u00f6n\u00fc\u015fmesine tan\u0131k olman\u0131n tad\u0131n\u0131 \u00e7\u0131karacak.\u201d  Library Journal <\/p>\n","protected":false},"excerpt":{"rendered":"<p>Dinlersen topra\u011f\u0131m sana kendi hik\u00e2yesini anlat\u0131r. Ailemizin hik\u00e2yesini\u2026 Bazen g\u00f6zlerimi kapatt\u0131\u011f\u0131mda tozun tad\u0131n\u0131 ald\u0131\u011f\u0131ma yemin edebilirim\u2026 Teksas, 1921. Bolluk ve bereket zaman\u0131. Birinci D\u00fcnya Sava\u015f\u0131 sona<span class=\"excerpt-hellip\"> [\u2026]<\/span><\/p>\n","protected":false},"featured_media":0,"template":"","meta":{"_monsterinsights_skip_tracking":false,"_monsterinsights_sitenote_active":false,"_monsterinsights_sitenote_note":"","_monsterinsights_sitenote_category":0},"product_brand":[],"product_cat":[12291,12711],"product_tag":[],"class_list":{"0":"post-754591","1":"product","2":"type-product","3":"status-publish","5":"product_cat-edebiyat","6":"product_cat-roman-oyku","7":"pa_cilt-ciltsiz","8":"pa_tur-kitap","9":"pa_yayinevi-pegasus-yayinlari","10":"pa_yazar-kristin-hannah","12":"first","13":"instock","14":"sale","15":"shipping-taxable","16":"purchasable","17":"product-type-simple"},"_links":{"self":[{"href":"https:\/\/roveyayinevi.com.tr\/index.php\/wp-json\/wp\/v2\/product\/754591","targetHints":{"allow":["GET"]}}],"collection":[{"href":"https:\/\/roveyayinevi.com.tr\/index.php\/wp-json\/wp\/v2\/product"}],"about":[{"href":"https:\/\/roveyayinevi.com.tr\/index.php\/wp-json\/wp\/v2\/types\/product"}],"wp:attachment":[{"href":"https:\/\/roveyayinevi.com.tr\/index.php\/wp-json\/wp\/v2\/media?parent=754591"}],"wp:term":[{"taxonomy":"product_brand","embeddable":true,"href":"https:\/\/roveyayinevi.com.tr\/index.php\/wp-json\/wp\/v2\/product_brand?post=754591"},{"taxonomy":"product_cat","embeddable":true,"href":"https:\/\/roveyayinevi.com.tr\/index.php\/wp-json\/wp\/v2\/product_cat?post=754591"},{"taxonomy":"product_tag","embeddable":true,"href":"https:\/\/roveyayinevi.com.tr\/index.php\/wp-json\/wp\/v2\/product_tag?post=754591"}],"curies":[{"name":"wp","href":"https:\/\/api.w.org\/{rel}","templated":true}]}}