{"id":754590,"date":"2025-08-28T06:15:19","date_gmt":"2025-08-28T03:15:19","guid":{"rendered":"https:\/\/roveyayinevi.com.tr\/index.php\/urun\/col-yagmurum\/"},"modified":"2026-04-16T03:07:53","modified_gmt":"2026-04-16T00:07:53","slug":"col-yagmurum","status":"publish","type":"product","link":"https:\/\/roveyayinevi.com.tr\/index.php\/urun\/col-yagmurum\/","title":{"rendered":"\u00c7\u00f6l Ya\u011fmurum"},"content":{"rendered":"<p>\u015eiir hayat\u0131n anlaml\u0131 \u00f6zetidir. \u015eiir kam\u00e7\u0131lanan duygular\u0131n, \u00f6zlemlerin, d\u00fc\u015f\u00fcncelerin, kelimelerle \u015fahlan\u0131\u015f\u0131d\u0131r. \u015eiir varolu\u015fun keyfidir. \u015eiir yazmama neden olanlara sonsuz te\u015fekk\u00fcr ediyorum.   \u00dclkemizin de\u011feri olan rol model insan Prof. Dr. Abdulkadir G\u00dcLL\u00dc\u2019ye Bu \u00fclkede sesin var s\u00f6z\u00fcn de olsun diyen Y\u00fcce Yaradan\u0131n yery\u00fcz\u00fcnde da\u011f\u0131tt\u0131\u011f\u0131 kandillerinden olan g\u00fczel insan Durdu G\u00dcNE\u015e\u2019e G\u00fclnar Yay\u0131nlar\u0131na da te\u015fekk\u00fcr ediyorum. Youtube kanal\u0131mdan hat\u0131ra defterimden seslendirdi\u011fim \u015fiirleri dinleyebilirsiniz. <\/p>\n","protected":false},"excerpt":{"rendered":"<p>\u015eiir hayat\u0131n anlaml\u0131 \u00f6zetidir. \u015eiir kam\u00e7\u0131lanan duygular\u0131n, \u00f6zlemlerin, d\u00fc\u015f\u00fcncelerin, kelimelerle \u015fahlan\u0131\u015f\u0131d\u0131r. \u015eiir varolu\u015fun keyfidir. \u015eiir yazmama neden olanlara sonsuz te\u015fekk\u00fcr ediyorum. \u00dclkemizin de\u011feri olan rol model<span class=\"excerpt-hellip\"> [\u2026]<\/span><\/p>\n","protected":false},"featured_media":0,"template":"","meta":{"_monsterinsights_skip_tracking":false,"_monsterinsights_sitenote_active":false,"_monsterinsights_sitenote_note":"","_monsterinsights_sitenote_category":0},"product_brand":[],"product_cat":[12291,12509],"product_tag":[],"class_list":{"0":"post-754590","1":"product","2":"type-product","3":"status-publish","5":"product_cat-edebiyat","6":"product_cat-siir","7":"pa_cilt-ciltsiz","8":"pa_tur-kitap","9":"pa_yayinevi-gulnar-yayinlari","10":"pa_yazar-denizhan-ozer","12":"first","13":"instock","14":"sale","15":"shipping-taxable","16":"purchasable","17":"product-type-simple"},"_links":{"self":[{"href":"https:\/\/roveyayinevi.com.tr\/index.php\/wp-json\/wp\/v2\/product\/754590","targetHints":{"allow":["GET"]}}],"collection":[{"href":"https:\/\/roveyayinevi.com.tr\/index.php\/wp-json\/wp\/v2\/product"}],"about":[{"href":"https:\/\/roveyayinevi.com.tr\/index.php\/wp-json\/wp\/v2\/types\/product"}],"wp:attachment":[{"href":"https:\/\/roveyayinevi.com.tr\/index.php\/wp-json\/wp\/v2\/media?parent=754590"}],"wp:term":[{"taxonomy":"product_brand","embeddable":true,"href":"https:\/\/roveyayinevi.com.tr\/index.php\/wp-json\/wp\/v2\/product_brand?post=754590"},{"taxonomy":"product_cat","embeddable":true,"href":"https:\/\/roveyayinevi.com.tr\/index.php\/wp-json\/wp\/v2\/product_cat?post=754590"},{"taxonomy":"product_tag","embeddable":true,"href":"https:\/\/roveyayinevi.com.tr\/index.php\/wp-json\/wp\/v2\/product_tag?post=754590"}],"curies":[{"name":"wp","href":"https:\/\/api.w.org\/{rel}","templated":true}]}}