{"id":754588,"date":"2025-08-28T06:15:15","date_gmt":"2025-08-28T03:15:15","guid":{"rendered":"https:\/\/roveyayinevi.com.tr\/index.php\/urun\/bir-kadin-bir-erkege\/"},"modified":"2026-04-16T03:07:53","modified_gmt":"2026-04-16T00:07:53","slug":"bir-kadin-bir-erkege","status":"publish","type":"product","link":"https:\/\/roveyayinevi.com.tr\/index.php\/urun\/bir-kadin-bir-erkege\/","title":{"rendered":"Bir Kad\u0131n Bir Erke\u011fe"},"content":{"rendered":"<p>Kendi de bir \u00f6yk\u00fcc\u00fc olan H\u00fcrriyet Ya\u015far\u2019\u0131n daha \u00f6nce yapt\u0131\u011f\u0131 Bir Tersine Y\u00fcr\u00fcy\u00fc\u015f \/ 12 Eyl\u00fcl \u00d6yk\u00fcleri ve Yi\u011fit \u0130ken \u00d6lenlere \/ 12 Mart \u00d6yk\u00fcleri adl\u0131 se\u00e7kileri okurlarca ilgiyle kar\u015f\u0131lanm\u0131\u015ft\u0131. Ge\u00e7en y\u0131l Sat\u0131\u015f \u00c7a\u011f\u0131 adl\u0131 \u00f6yk\u00fc kitab\u0131n\u0131 yay\u0131mlad\u0131\u011f\u0131m\u0131z yazar\u0131m\u0131z\u0131n son \u00e7al\u0131\u015fmas\u0131 bu kez \u00e7a\u011fda\u015f yaz\u0131n\u0131m\u0131z\u0131n kurucular\u0131ndan Memduh \u015eevket Esendal\u2019\u0131n kad\u0131n ki\u015filerinden olu\u015fan bir \u00f6yk\u00fc se\u00e7kisi \u00d6yk\u00fc okurunun M.\u015e.E. k\u0131saltmas\u0131yla da tan\u0131d\u0131\u011f\u0131 Esendal, T\u00fcrk \u00f6yk\u00fcc\u00fcl\u00fc\u011f\u00fcn\u00fcn en b\u00fcy\u00fcklerinden. Yaz\u0131da saray dili Osmanl\u0131cadan halk T\u00fcrk\u00e7esine ge\u00e7i\u015fin de en etkin \u00f6nc\u00fclerinden. Bu derlemedeki \u00f6yk\u00fclerinde bizi, erke\u011fini kendi se\u00e7en, \u201co g\u00fczel yuva\u201dy\u0131 kurup oca\u011f\u0131 t\u00fctt\u00fcren, olmad\u0131\u011f\u0131n\u0131 g\u00f6rd\u00fc\u011f\u00fcnde bozup yeniden kurabilen, ya\u015famda cebelle\u015ftik\u00e7e onu sevebilen kad\u0131nlarla tan\u0131\u015ft\u0131r\u0131yor. G\u00fcc\u00fcn\u00fc ya\u015famla kayna\u015fmas\u0131ndan, sokaktaki, evdeki g\u00fcndelik, k\u0131vrak T\u00fcrk\u00e7eyle ya\u015fay\u0131\u015ftan alan, bunalan y\u00fcreklere ya\u015fam a\u015f\u0131layan \u00f6yk\u00fclere. <\/p>\n","protected":false},"excerpt":{"rendered":"<p>Kendi de bir \u00f6yk\u00fcc\u00fc olan H\u00fcrriyet Ya\u015far\u2019\u0131n daha \u00f6nce yapt\u0131\u011f\u0131 Bir Tersine Y\u00fcr\u00fcy\u00fc\u015f \/ 12 Eyl\u00fcl \u00d6yk\u00fcleri ve Yi\u011fit \u0130ken \u00d6lenlere \/ 12 Mart \u00d6yk\u00fcleri adl\u0131<span class=\"excerpt-hellip\"> [\u2026]<\/span><\/p>\n","protected":false},"featured_media":0,"template":"","meta":{"_monsterinsights_skip_tracking":false,"_monsterinsights_sitenote_active":false,"_monsterinsights_sitenote_note":"","_monsterinsights_sitenote_category":0},"product_brand":[],"product_cat":[12291,18202],"product_tag":[],"class_list":{"0":"post-754588","1":"product","2":"type-product","3":"status-publish","5":"product_cat-edebiyat","6":"product_cat-hikaye","7":"pa_cilt-ciltsiz","8":"pa_tur-kitap","9":"pa_yayinevi-cumhuriyet-kitaplari","10":"pa_yazar-memduh-sevket-esendal","12":"first","13":"instock","14":"sale","15":"shipping-taxable","16":"purchasable","17":"product-type-simple"},"_links":{"self":[{"href":"https:\/\/roveyayinevi.com.tr\/index.php\/wp-json\/wp\/v2\/product\/754588","targetHints":{"allow":["GET"]}}],"collection":[{"href":"https:\/\/roveyayinevi.com.tr\/index.php\/wp-json\/wp\/v2\/product"}],"about":[{"href":"https:\/\/roveyayinevi.com.tr\/index.php\/wp-json\/wp\/v2\/types\/product"}],"wp:attachment":[{"href":"https:\/\/roveyayinevi.com.tr\/index.php\/wp-json\/wp\/v2\/media?parent=754588"}],"wp:term":[{"taxonomy":"product_brand","embeddable":true,"href":"https:\/\/roveyayinevi.com.tr\/index.php\/wp-json\/wp\/v2\/product_brand?post=754588"},{"taxonomy":"product_cat","embeddable":true,"href":"https:\/\/roveyayinevi.com.tr\/index.php\/wp-json\/wp\/v2\/product_cat?post=754588"},{"taxonomy":"product_tag","embeddable":true,"href":"https:\/\/roveyayinevi.com.tr\/index.php\/wp-json\/wp\/v2\/product_tag?post=754588"}],"curies":[{"name":"wp","href":"https:\/\/api.w.org\/{rel}","templated":true}]}}