{"id":754587,"date":"2025-08-28T06:15:13","date_gmt":"2025-08-28T03:15:13","guid":{"rendered":"https:\/\/roveyayinevi.com.tr\/index.php\/urun\/amin-maalouf-ile-gecmisten-bugune\/"},"modified":"2026-04-16T03:07:53","modified_gmt":"2026-04-16T00:07:53","slug":"amin-maalouf-ile-gecmisten-bugune","status":"publish","type":"product","link":"https:\/\/roveyayinevi.com.tr\/index.php\/urun\/amin-maalouf-ile-gecmisten-bugune\/","title":{"rendered":"Amin Maalouf ile Ge\u00e7mi\u015ften Bug\u00fcne"},"content":{"rendered":"<p>Amin Maalouf, imgelem alan\u0131n\u0131 ge\u00e7mi\u015ften bug\u00fcnlere kadar ta\u015f\u0131rken, her \u00e7a\u011f a\u00e7\u0131l\u0131\u015f ve kapan\u0131\u015f\u0131nda, tarih zincirini k\u0131rmadan, hayatla edebiyat aras\u0131nda bir \u00e7izgide y\u00fcr\u00fcm\u00fc\u015f, duygular\u0131 ve edebi kurgular\u0131 d\u0131\u015f\u0131nda politik d\u00fc\u015f\u00fcncelerini de payla\u015fmaya \u00e7al\u0131\u015fm\u0131\u015f ba\u015far\u0131l\u0131 bir ayd\u0131n. Onun \u201cDo\u011funun Limanlar\u0131\u201d adl\u0131 roman\u0131n\u0131 okurken, ya\u015fam\u0131m boyunca okudu\u011fum binlerce kitap i\u00e7inden ayr\u0131l\u0131p ba\u015fk\u00f6\u015felere gelen bir ba\u015fyap\u0131tla sars\u0131lm\u0131\u015ft\u0131 ruhum\u2026 Maalouf, ba\u015ftan sona okunmay\u0131 hak eden bir yazard\u0131\u2026 Onun bir b\u00fct\u00fcnm\u00fc\u015f gibi duran, ge\u00e7mi\u015fi bug\u00fcnlere ta\u015f\u0131yan yaz\u0131n d\u00fcnyas\u0131na yak\u0131ndan ve ele\u015ftirel bir g\u00f6zle bakt\u0131\u011f\u0131mda ise, o b\u00fct\u00fcnl\u00fck i\u00e7inde kimi sars\u0131nt\u0131lar\u0131n ortaya \u00e7\u0131kt\u0131\u011f\u0131n\u0131 g\u00f6rd\u00fcm sanki. D\u00fcn\u00fc anlat\u0131rken tutunur g\u00f6r\u00fcnd\u00fc\u011f\u00fc hak yemezlik, bug\u00fcnlere gelindi\u011finde yerinden epeyce sapm\u0131\u015f gibi g\u00f6r\u00fcnmekteydi. Bu sapmay\u0131 g\u00f6r\u00fcn\u00fcr k\u0131lmak i\u00e7in, onun gibi Yak\u0131nasya k\u00f6kenli (kendi tan\u0131m\u0131d\u0131r) bir H\u0131ristiyan, bir levanten \u00e7ocu\u011fu olan, onun gibi M\u0131s\u0131r\u2019da e\u011fitim g\u00f6rm\u00fc\u015f, sonradan ge\u00e7ti\u011fi Bat\u0131 d\u00fcnyas\u0131nda da bile\u011finin hakk\u0131yla bir yazar ve bilim insan\u0131 olma hakk\u0131 edinmi\u015f, \u00fcnl\u00fc \u201c\u015earkiyat\u00e7\u0131l\u0131k\u201d\u0131n yazar\u0131 Edward Said ile kar\u015f\u0131la\u015ft\u0131rmay\u0131 denedim ve Maalouf\u2019un yap\u0131tlar\u0131na yak\u0131ndan bir \u00e7\u00f6z\u00fcmleme yapmaya \u00e7al\u0131\u015ft\u0131m. Edebiyat\u0131 ya\u015famdan ay\u0131rmayanlar ve d\u00fcnyan\u0131n yar\u0131n\u0131na ili\u015fkin kimi kayg\u0131lar\u0131 olanlar i\u00e7in \u00f6nemli noktalara parmak bast\u0131\u011f\u0131m\u0131, yaz\u0131n d\u00fcnyas\u0131ndan ya\u015fama do\u011fru yeni ufuklar a\u00e7abilmi\u015f oldu\u011fumu san\u0131yorum. <\/p>\n","protected":false},"excerpt":{"rendered":"<p>Amin Maalouf, imgelem alan\u0131n\u0131 ge\u00e7mi\u015ften bug\u00fcnlere kadar ta\u015f\u0131rken, her \u00e7a\u011f a\u00e7\u0131l\u0131\u015f ve kapan\u0131\u015f\u0131nda, tarih zincirini k\u0131rmadan, hayatla edebiyat aras\u0131nda bir \u00e7izgide y\u00fcr\u00fcm\u00fc\u015f, duygular\u0131 ve edebi kurgular\u0131<span class=\"excerpt-hellip\"> [\u2026]<\/span><\/p>\n","protected":false},"featured_media":0,"template":"","meta":{"_monsterinsights_skip_tracking":false,"_monsterinsights_sitenote_active":false,"_monsterinsights_sitenote_note":"","_monsterinsights_sitenote_category":0},"product_brand":[],"product_cat":[12777,12291],"product_tag":[],"class_list":{"0":"post-754587","1":"product","2":"type-product","3":"status-publish","5":"product_cat-deneme","6":"product_cat-edebiyat","7":"pa_cilt-ciltsiz","8":"pa_tur-kitap","9":"pa_yayinevi-abis-yayincilik","10":"pa_yazar-alper-akcam","12":"first","13":"instock","14":"sale","15":"shipping-taxable","16":"purchasable","17":"product-type-simple"},"_links":{"self":[{"href":"https:\/\/roveyayinevi.com.tr\/index.php\/wp-json\/wp\/v2\/product\/754587","targetHints":{"allow":["GET"]}}],"collection":[{"href":"https:\/\/roveyayinevi.com.tr\/index.php\/wp-json\/wp\/v2\/product"}],"about":[{"href":"https:\/\/roveyayinevi.com.tr\/index.php\/wp-json\/wp\/v2\/types\/product"}],"wp:attachment":[{"href":"https:\/\/roveyayinevi.com.tr\/index.php\/wp-json\/wp\/v2\/media?parent=754587"}],"wp:term":[{"taxonomy":"product_brand","embeddable":true,"href":"https:\/\/roveyayinevi.com.tr\/index.php\/wp-json\/wp\/v2\/product_brand?post=754587"},{"taxonomy":"product_cat","embeddable":true,"href":"https:\/\/roveyayinevi.com.tr\/index.php\/wp-json\/wp\/v2\/product_cat?post=754587"},{"taxonomy":"product_tag","embeddable":true,"href":"https:\/\/roveyayinevi.com.tr\/index.php\/wp-json\/wp\/v2\/product_tag?post=754587"}],"curies":[{"name":"wp","href":"https:\/\/api.w.org\/{rel}","templated":true}]}}