{"id":754586,"date":"2025-08-28T06:15:11","date_gmt":"2025-08-28T03:15:11","guid":{"rendered":"https:\/\/roveyayinevi.com.tr\/index.php\/urun\/harita-boyama-kitabi-2\/"},"modified":"2026-04-16T03:07:53","modified_gmt":"2026-04-16T00:07:53","slug":"harita-boyama-kitabi-2","status":"publish","type":"product","link":"https:\/\/roveyayinevi.com.tr\/index.php\/urun\/harita-boyama-kitabi-2\/","title":{"rendered":"Harita Boyama Kitab\u0131"},"content":{"rendered":"<p>Haritalarla u\u011fra\u015fmak \u00f6\u011frenmenin zevkli bir yolu olabilir.  Renkleri kullanarak onlar\u0131 ortaya \u00e7\u0131karmak ise olaya bamba\u015fka boyutlar katar\u2026   Farkl\u0131 y\u00f6nleriyle, ilkokul ve sonras\u0131 t\u00fcm ya\u015f gruplar\u0131na hitap eden HABOK\u0130 JR serisi 2 kitaptan olu\u015fmaktad\u0131r.  D\u00fcnya ve T\u00fcrkiye temal\u0131 kitaplarla co\u011frafya bilgilerini peki\u015ftirebilir, siyasi haritalarla \u00fclkeleri ve illeri \u00f6\u011frenebilir, yaban hayat\u0131, bitki \u00f6rt\u00fcleri veya insan yerle\u015fimleri gibi \u00e7e\u015fitli konularda yeni bilgiler edinebilir, bir yandan da, boya kalemlerini kullanarak yeni el becerileri geli\u015ftirebilirsin.   Renkli, keyifli ve bilgi dolu yolculuklara haz\u0131r m\u0131s\u0131n? <\/p>\n","protected":false},"excerpt":{"rendered":"<p>Haritalarla u\u011fra\u015fmak \u00f6\u011frenmenin zevkli bir yolu olabilir. Renkleri kullanarak onlar\u0131 ortaya \u00e7\u0131karmak ise olaya bamba\u015fka boyutlar katar\u2026 Farkl\u0131 y\u00f6nleriyle, ilkokul ve sonras\u0131 t\u00fcm ya\u015f gruplar\u0131na hitap<span class=\"excerpt-hellip\"> [\u2026]<\/span><\/p>\n","protected":false},"featured_media":0,"template":"","meta":{"_monsterinsights_skip_tracking":false,"_monsterinsights_sitenote_active":false,"_monsterinsights_sitenote_note":"","_monsterinsights_sitenote_category":0},"product_brand":[],"product_cat":[12644,12274],"product_tag":[],"class_list":{"0":"post-754586","1":"product","2":"type-product","3":"status-publish","5":"product_cat-boyama-kitaplari","6":"product_cat-cocuk-ve-genclik-kitaplari","7":"pa_cilt-ciltsiz","8":"pa_tur-kitap","9":"pa_yayinevi-mela-yayinlari","10":"pa_yazar-veli-kural","12":"first","13":"instock","14":"sale","15":"shipping-taxable","16":"purchasable","17":"product-type-simple"},"_links":{"self":[{"href":"https:\/\/roveyayinevi.com.tr\/index.php\/wp-json\/wp\/v2\/product\/754586","targetHints":{"allow":["GET"]}}],"collection":[{"href":"https:\/\/roveyayinevi.com.tr\/index.php\/wp-json\/wp\/v2\/product"}],"about":[{"href":"https:\/\/roveyayinevi.com.tr\/index.php\/wp-json\/wp\/v2\/types\/product"}],"wp:attachment":[{"href":"https:\/\/roveyayinevi.com.tr\/index.php\/wp-json\/wp\/v2\/media?parent=754586"}],"wp:term":[{"taxonomy":"product_brand","embeddable":true,"href":"https:\/\/roveyayinevi.com.tr\/index.php\/wp-json\/wp\/v2\/product_brand?post=754586"},{"taxonomy":"product_cat","embeddable":true,"href":"https:\/\/roveyayinevi.com.tr\/index.php\/wp-json\/wp\/v2\/product_cat?post=754586"},{"taxonomy":"product_tag","embeddable":true,"href":"https:\/\/roveyayinevi.com.tr\/index.php\/wp-json\/wp\/v2\/product_tag?post=754586"}],"curies":[{"name":"wp","href":"https:\/\/api.w.org\/{rel}","templated":true}]}}