{"id":754583,"date":"2025-08-28T06:15:08","date_gmt":"2025-08-28T03:15:08","guid":{"rendered":"https:\/\/roveyayinevi.com.tr\/index.php\/urun\/osmaniye-arastirmalari-iii\/"},"modified":"2026-04-16T03:07:53","modified_gmt":"2026-04-16T00:07:53","slug":"osmaniye-arastirmalari-iii","status":"publish","type":"product","link":"https:\/\/roveyayinevi.com.tr\/index.php\/urun\/osmaniye-arastirmalari-iii\/","title":{"rendered":"Osmaniye Ara\u015ft\u0131rmalar\u0131 III"},"content":{"rendered":"<p>\u0130\u00e7indekiler     \u00b7       \u00d6NS\u00d6Z \u00b7       OSMAN\u0130YE\u2019N\u0130N SOSYO- EKONOM\u0130K VE TAR\u0130H\u0130 ARKA PLANINA GENEL B\u0130R BAKI\u015e \u00b7       MUSTAFA KEMAL\u2019\u0130N M\u0130LL\u0130 M\u00dcCADELEYE KARAR VERD\u0130\u011e\u0130 YER:CEBEL-\u0130 BEREKET (OSMAN\u0130YE) \u00b7       CEBEL-\u0130 BEREKET M\u00dcFT\u00dcS\u00dc K\u00dcREV\u0130 M\u00dcFT\u00dc VE \u201c\u0130\u015eGAL \u00c7ANTASI K\u0130TABI\u201d \u00b7       AYDINO\u011eLU TUFAN BEY\u2019\u0130N DO\u011eU K\u0130L\u0130KYA CEPHES\u0130N\u0130 TE\u015eK\u0130LATLANDIRMASI \u00b7       MAMURE BASKINI VE KAYMAKAM SA\u0130M BEY\u2019\u0130N \u015eEHADET\u0130 \u00b7       OSMAN\u0130YE (MERKEZ) BELED\u0130YES\u0130 1919 YILI B\u00dcT\u00c7ES\u0130 \u00b7       T\u00dcRK\u0130YE\u2019DE SE\u00c7\u0130MLER VE OSMAN\u0130YE\u2019N\u0130N \u0130L YAPILMASI (1950-1999) \u00b7       1974 KIBRIS BARI\u015e HAREK\u00c2TI VE HAREK\u00c2TA KAD\u0130RL\u0130\u2019DEN KATILAN GAZ\u0130LER\u0130N ANILARI \u00b7       \u00c7UKUROVA\u2019DA DEVLET VE A\u011eA: D\u00dcZ\u0130\u00c7\u0130 K\u00d6Y ENST\u0130T\u00dcS\u00dc PRAT\u0130\u011e\u0130 OSMAN\u0130YE (CEBEL-\u0130 BEREKET) ALANYAZIN DENEMES\u0130<\/p>\n","protected":false},"excerpt":{"rendered":"<p>\u0130\u00e7indekiler \u00b7 \u00d6NS\u00d6Z \u00b7 OSMAN\u0130YE\u2019N\u0130N SOSYO- EKONOM\u0130K VE TAR\u0130H\u0130 ARKA PLANINA GENEL B\u0130R BAKI\u015e \u00b7 MUSTAFA KEMAL\u2019\u0130N M\u0130LL\u0130 M\u00dcCADELEYE KARAR VERD\u0130\u011e\u0130 YER:CEBEL-\u0130 BEREKET (OSMAN\u0130YE) \u00b7 CEBEL-\u0130<span class=\"excerpt-hellip\"> [\u2026]<\/span><\/p>\n","protected":false},"featured_media":0,"template":"","meta":{"_monsterinsights_skip_tracking":false,"_monsterinsights_sitenote_active":false,"_monsterinsights_sitenote_note":"","_monsterinsights_sitenote_category":0},"product_brand":[],"product_cat":[12573,12566],"product_tag":[],"class_list":{"0":"post-754583","1":"product","2":"type-product","3":"status-publish","5":"product_cat-akademik-kitaplar","6":"product_cat-egitim","7":"pa_cilt-ciltsiz","8":"pa_tur-kitap","9":"pa_yayinevi-gazi-kitabevi","10":"pa_yazar-kolektif","12":"first","13":"instock","14":"sale","15":"shipping-taxable","16":"purchasable","17":"product-type-simple"},"_links":{"self":[{"href":"https:\/\/roveyayinevi.com.tr\/index.php\/wp-json\/wp\/v2\/product\/754583","targetHints":{"allow":["GET"]}}],"collection":[{"href":"https:\/\/roveyayinevi.com.tr\/index.php\/wp-json\/wp\/v2\/product"}],"about":[{"href":"https:\/\/roveyayinevi.com.tr\/index.php\/wp-json\/wp\/v2\/types\/product"}],"wp:attachment":[{"href":"https:\/\/roveyayinevi.com.tr\/index.php\/wp-json\/wp\/v2\/media?parent=754583"}],"wp:term":[{"taxonomy":"product_brand","embeddable":true,"href":"https:\/\/roveyayinevi.com.tr\/index.php\/wp-json\/wp\/v2\/product_brand?post=754583"},{"taxonomy":"product_cat","embeddable":true,"href":"https:\/\/roveyayinevi.com.tr\/index.php\/wp-json\/wp\/v2\/product_cat?post=754583"},{"taxonomy":"product_tag","embeddable":true,"href":"https:\/\/roveyayinevi.com.tr\/index.php\/wp-json\/wp\/v2\/product_tag?post=754583"}],"curies":[{"name":"wp","href":"https:\/\/api.w.org\/{rel}","templated":true}]}}