{"id":754582,"date":"2025-08-28T06:15:07","date_gmt":"2025-08-28T03:15:07","guid":{"rendered":"https:\/\/roveyayinevi.com.tr\/index.php\/urun\/beden-egitimi-ve-spora-multidisipliner-bir-bakis-5\/"},"modified":"2026-04-16T03:07:53","modified_gmt":"2026-04-16T00:07:53","slug":"beden-egitimi-ve-spora-multidisipliner-bir-bakis-5","status":"publish","type":"product","link":"https:\/\/roveyayinevi.com.tr\/index.php\/urun\/beden-egitimi-ve-spora-multidisipliner-bir-bakis-5\/","title":{"rendered":"Beden E\u011fitimi Ve Spora Multidisipliner Bir Baki\u015f -5"},"content":{"rendered":"<p>\u0130\u00e7indekiler     B\u00d6L\u00dcM 1 BEDEN E\u011e\u0130T\u0130M\u0130 ve SPORDA YAPAY ZEKA   B\u00d6L\u00dcM 2 F\u0130Z\u0130KSEL UYGUNLUK   B\u00d6L\u00dcM 3 2019-2023 YILLARI ARASI OL\u0130MP\u0130YAT OYUNLARI \u00dcZER\u0130NE YAPILAN \u00c7ALI\u015eMALARIN DE\u011eERLEN\u0130R\u0130LMES\u0130   B\u00d6L\u00dcM 4 KADIN ve F\u0130Z\u0130KSEL AKT\u0130V\u0130TE   B\u00d6L\u00dcM 5 ANTREN\u00d6R SPORCU \u0130L\u0130\u015eK\u0130S\u0130   B\u00d6L\u00dcM 6 \u00d6ZEL GEREKS\u0130N\u0130ML\u0130 B\u0130REYLERDE MOTOR YETERL\u0130L\u0130K ve F\u0130Z\u0130KSEL UYGUNLU\u011eUN \u00d6L\u00c7\u00dcLMES\u0130   B\u00d6L\u00dcM 7 E\u011e\u0130T\u0130MDE YAPAY ZEKA <\/p>\n","protected":false},"excerpt":{"rendered":"<p>\u0130\u00e7indekiler B\u00d6L\u00dcM 1 BEDEN E\u011e\u0130T\u0130M\u0130 ve SPORDA YAPAY ZEKA B\u00d6L\u00dcM 2 F\u0130Z\u0130KSEL UYGUNLUK B\u00d6L\u00dcM 3 2019-2023 YILLARI ARASI OL\u0130MP\u0130YAT OYUNLARI \u00dcZER\u0130NE YAPILAN \u00c7ALI\u015eMALARIN DE\u011eERLEN\u0130R\u0130LMES\u0130 B\u00d6L\u00dcM 4<span class=\"excerpt-hellip\"> [\u2026]<\/span><\/p>\n","protected":false},"featured_media":0,"template":"","meta":{"_monsterinsights_skip_tracking":false,"_monsterinsights_sitenote_active":false,"_monsterinsights_sitenote_note":"","_monsterinsights_sitenote_category":0},"product_brand":[],"product_cat":[15563,15564],"product_tag":[],"class_list":{"0":"post-754582","1":"product","2":"type-product","3":"status-publish","5":"product_cat-hobi","6":"product_cat-spor","7":"pa_cilt-ciltsiz","8":"pa_tur-kitap","9":"pa_yayinevi-gazi-kitabevi","10":"pa_yazar-kolektif","12":"first","13":"instock","14":"sale","15":"shipping-taxable","16":"purchasable","17":"product-type-simple"},"_links":{"self":[{"href":"https:\/\/roveyayinevi.com.tr\/index.php\/wp-json\/wp\/v2\/product\/754582","targetHints":{"allow":["GET"]}}],"collection":[{"href":"https:\/\/roveyayinevi.com.tr\/index.php\/wp-json\/wp\/v2\/product"}],"about":[{"href":"https:\/\/roveyayinevi.com.tr\/index.php\/wp-json\/wp\/v2\/types\/product"}],"wp:attachment":[{"href":"https:\/\/roveyayinevi.com.tr\/index.php\/wp-json\/wp\/v2\/media?parent=754582"}],"wp:term":[{"taxonomy":"product_brand","embeddable":true,"href":"https:\/\/roveyayinevi.com.tr\/index.php\/wp-json\/wp\/v2\/product_brand?post=754582"},{"taxonomy":"product_cat","embeddable":true,"href":"https:\/\/roveyayinevi.com.tr\/index.php\/wp-json\/wp\/v2\/product_cat?post=754582"},{"taxonomy":"product_tag","embeddable":true,"href":"https:\/\/roveyayinevi.com.tr\/index.php\/wp-json\/wp\/v2\/product_tag?post=754582"}],"curies":[{"name":"wp","href":"https:\/\/api.w.org\/{rel}","templated":true}]}}