{"id":754581,"date":"2025-08-28T06:15:05","date_gmt":"2025-08-28T03:15:05","guid":{"rendered":"https:\/\/roveyayinevi.com.tr\/index.php\/urun\/iktisadi-konulara-davranissal-yaklasim-iii\/"},"modified":"2026-04-16T03:07:53","modified_gmt":"2026-04-16T00:07:53","slug":"iktisadi-konulara-davranissal-yaklasim-iii","status":"publish","type":"product","link":"https:\/\/roveyayinevi.com.tr\/index.php\/urun\/iktisadi-konulara-davranissal-yaklasim-iii\/","title":{"rendered":"\u0130ktisadi Konulara Davran\u0131\u015fsal Yakla\u015f\u0131m III"},"content":{"rendered":"<p>\u0130\u00e7indekiler     B\u00d6L\u00dcM 1 \u00d6RG\u00dcTSEL N\u00d6ROB\u0130L\u0130M TEMEL\u0130NDE H\u0130YERAR\u015e\u0130K STAT\u00dcN\u00dcN ACIYA DAYALI EMPAT\u0130 \u00dcZER\u0130NDEK\u0130 ETK\u0130S\u0130N\u0130N ELEKTROENSEFALOGRAF\u0130 (EEG) VE G\u00d6Z \u0130ZLEME Y\u00d6NTEMLER\u0130YLE BEL\u0130RLENMES\u0130   B\u00d6L\u00dcM 2 BEL\u0130RS\u0130ZL\u0130K VE KORKUNUN B\u0130REYLER\u0130N R\u0130SK ALGISI \u00dcZER\u0130NE ETK\u0130S\u0130   B\u00d6L\u00dcM 3 F\u0130NANSAL VARLIK MODELLER\u0130N\u0130N GELENEKSEL TEOR\u0130LER VE DAVRANI\u015eSAL YAKLA\u015eIM A\u00c7ISINDAN \u0130NCELENMES\u0130   B\u00d6L\u00dcM 4 DAVRANI\u015eSAL F\u0130NANS BA\u011eLAMINDA YATIRIMCI KARARLARININ DE\u011eERLEND\u0130R\u0130LMES\u0130   B\u00d6L\u00dcM 5 F\u0130NANSAL YATIRIMLARA Y\u00d6N VERME NOKTASINDA DAVRANI\u015eSAL F\u0130NANSIN ROL\u00dc   B\u00d6L\u00dcM 6 P\u0130YASA ETK\u0130NL\u0130\u011e\u0130N\u0130N BORSA \u0130STANBUL HAVACILIK \u015e\u0130RKETLER\u0130 \u0130\u00c7\u0130N SINANMASI   B\u00d6L\u00dcM 7 BTC-USD KURU, ALTININ ONS F\u0130YATI VE BRENT PETROL F\u0130YATINDA AS\u0130METR\u0130K ETK\u0130N\u0130N VARLI\u011eINA \u0130L\u0130\u015eK\u0130N B\u0130R ARA\u015eTIRMA   B\u00d6L\u00dcM 8 BEHAVIORAL ACCOUNTING FROM BIBLIOMETRIC ANALYSIS PERSPECTIVE   B\u00d6L\u00dcM 9 KAMU POL\u0130T\u0130KALARINDA DAVRANI\u015eSAL YAKLA\u015eIM   B\u00d6L\u00dcM 10 E\u011e\u0130T\u0130M POL\u0130T\u0130KALARINDA D\u00dcRTME UYGULAMALARI   B\u00d6L\u00dcM 11 KAMU POL\u0130T\u0130KALARINA \u0130L\u0130\u015eK\u0130N D\u00dcRTMELER\u0130N B\u0130REYLER\u0130N ALGISI \u00dcZER\u0130NE B\u0130R DE\u011eERLEND\u0130RME   B\u00d6L\u00dcM 12 VERG\u0130 UYUMUNUN SA\u011eLANMASINDA DAVRANI\u015eSAL KAMU POL\u0130T\u0130KALARININ DE\u011eERLEND\u0130R\u0130LMES\u0130<\/p>\n","protected":false},"excerpt":{"rendered":"<p>\u0130\u00e7indekiler B\u00d6L\u00dcM 1 \u00d6RG\u00dcTSEL N\u00d6ROB\u0130L\u0130M TEMEL\u0130NDE H\u0130YERAR\u015e\u0130K STAT\u00dcN\u00dcN ACIYA DAYALI EMPAT\u0130 \u00dcZER\u0130NDEK\u0130 ETK\u0130S\u0130N\u0130N ELEKTROENSEFALOGRAF\u0130 (EEG) VE G\u00d6Z \u0130ZLEME Y\u00d6NTEMLER\u0130YLE BEL\u0130RLENMES\u0130 B\u00d6L\u00dcM 2 BEL\u0130RS\u0130ZL\u0130K VE KORKUNUN B\u0130REYLER\u0130N<span class=\"excerpt-hellip\"> [\u2026]<\/span><\/p>\n","protected":false},"featured_media":0,"template":"","meta":{"_monsterinsights_skip_tracking":false,"_monsterinsights_sitenote_active":false,"_monsterinsights_sitenote_note":"","_monsterinsights_sitenote_category":0},"product_brand":[],"product_cat":[13043],"product_tag":[],"class_list":{"0":"post-754581","1":"product","2":"type-product","3":"status-publish","5":"product_cat-ekonomi","6":"pa_cilt-ciltsiz","7":"pa_tur-kitap","8":"pa_yayinevi-gazi-kitabevi","9":"pa_yazar-kolektif","11":"first","12":"instock","13":"sale","14":"shipping-taxable","15":"purchasable","16":"product-type-simple"},"_links":{"self":[{"href":"https:\/\/roveyayinevi.com.tr\/index.php\/wp-json\/wp\/v2\/product\/754581","targetHints":{"allow":["GET"]}}],"collection":[{"href":"https:\/\/roveyayinevi.com.tr\/index.php\/wp-json\/wp\/v2\/product"}],"about":[{"href":"https:\/\/roveyayinevi.com.tr\/index.php\/wp-json\/wp\/v2\/types\/product"}],"wp:attachment":[{"href":"https:\/\/roveyayinevi.com.tr\/index.php\/wp-json\/wp\/v2\/media?parent=754581"}],"wp:term":[{"taxonomy":"product_brand","embeddable":true,"href":"https:\/\/roveyayinevi.com.tr\/index.php\/wp-json\/wp\/v2\/product_brand?post=754581"},{"taxonomy":"product_cat","embeddable":true,"href":"https:\/\/roveyayinevi.com.tr\/index.php\/wp-json\/wp\/v2\/product_cat?post=754581"},{"taxonomy":"product_tag","embeddable":true,"href":"https:\/\/roveyayinevi.com.tr\/index.php\/wp-json\/wp\/v2\/product_tag?post=754581"}],"curies":[{"name":"wp","href":"https:\/\/api.w.org\/{rel}","templated":true}]}}