{"id":754578,"date":"2025-08-28T06:15:00","date_gmt":"2025-08-28T03:15:00","guid":{"rendered":"https:\/\/roveyayinevi.com.tr\/index.php\/urun\/ayna-2\/"},"modified":"2026-04-16T03:07:53","modified_gmt":"2026-04-16T00:07:53","slug":"ayna-2","status":"publish","type":"product","link":"https:\/\/roveyayinevi.com.tr\/index.php\/urun\/ayna-2\/","title":{"rendered":"Ayna"},"content":{"rendered":"<p>Andi, dilini bilmedi\u011fi bir \u00fclkeye do\u011fru yola \u00e7\u0131karken bir ayna ile \u00f6yle bir \u015fey ke\u015ffetti ki farkl\u0131l\u0131klar, yerini oyuna b\u0131rakt\u0131. D\u00fcnyan\u0131n FARKLI yerlerinde AYNI oyunlar\u0131 oynayan \u00e7ocuklar, farkl\u0131 kelimelerle konu\u015fsa bile ayn\u0131 dili konu\u015fuyorlar. Bu hikayede farkl\u0131l\u0131klar\u0131 ortadan kald\u0131ran iki \u015fifre sakl\u0131. \u00c7ok iyi bildi\u011finiz bir oyunu farkl\u0131 dillerde ve farkl\u0131 \u015fekillerde oynamaya haz\u0131r m\u0131s\u0131n\u0131z? Bu kitaptaki \u00e7ocuklardan yeti\u015fkinlere anlaml\u0131 bir mesaj var.<\/p>\n","protected":false},"excerpt":{"rendered":"<p>Andi, dilini bilmedi\u011fi bir \u00fclkeye do\u011fru yola \u00e7\u0131karken bir ayna ile \u00f6yle bir \u015fey ke\u015ffetti ki farkl\u0131l\u0131klar, yerini oyuna b\u0131rakt\u0131. D\u00fcnyan\u0131n FARKLI yerlerinde AYNI oyunlar\u0131 oynayan<span class=\"excerpt-hellip\"> [\u2026]<\/span><\/p>\n","protected":false},"featured_media":0,"template":"","meta":{"_monsterinsights_skip_tracking":false,"_monsterinsights_sitenote_active":false,"_monsterinsights_sitenote_note":"","_monsterinsights_sitenote_category":0},"product_brand":[],"product_cat":[12274,12284],"product_tag":[],"class_list":{"0":"post-754578","1":"product","2":"type-product","3":"status-publish","5":"product_cat-cocuk-ve-genclik-kitaplari","6":"product_cat-hikayeler","7":"pa_cilt-ciltsiz","8":"pa_tur-kitap","9":"pa_yayinevi-ucan-fil-yayinlari","10":"pa_yazar-utku-haser","12":"first","13":"instock","14":"sale","15":"shipping-taxable","16":"purchasable","17":"product-type-simple"},"_links":{"self":[{"href":"https:\/\/roveyayinevi.com.tr\/index.php\/wp-json\/wp\/v2\/product\/754578","targetHints":{"allow":["GET"]}}],"collection":[{"href":"https:\/\/roveyayinevi.com.tr\/index.php\/wp-json\/wp\/v2\/product"}],"about":[{"href":"https:\/\/roveyayinevi.com.tr\/index.php\/wp-json\/wp\/v2\/types\/product"}],"wp:attachment":[{"href":"https:\/\/roveyayinevi.com.tr\/index.php\/wp-json\/wp\/v2\/media?parent=754578"}],"wp:term":[{"taxonomy":"product_brand","embeddable":true,"href":"https:\/\/roveyayinevi.com.tr\/index.php\/wp-json\/wp\/v2\/product_brand?post=754578"},{"taxonomy":"product_cat","embeddable":true,"href":"https:\/\/roveyayinevi.com.tr\/index.php\/wp-json\/wp\/v2\/product_cat?post=754578"},{"taxonomy":"product_tag","embeddable":true,"href":"https:\/\/roveyayinevi.com.tr\/index.php\/wp-json\/wp\/v2\/product_tag?post=754578"}],"curies":[{"name":"wp","href":"https:\/\/api.w.org\/{rel}","templated":true}]}}