{"id":754576,"date":"2025-08-28T06:14:56","date_gmt":"2025-08-28T03:14:56","guid":{"rendered":"https:\/\/roveyayinevi.com.tr\/index.php\/urun\/ikinci-insanlik\/"},"modified":"2026-04-16T03:07:53","modified_gmt":"2026-04-16T00:07:53","slug":"ikinci-insanlik","status":"publish","type":"product","link":"https:\/\/roveyayinevi.com.tr\/index.php\/urun\/ikinci-insanlik\/","title":{"rendered":"\u0130kinci \u0130nsanl\u0131k"},"content":{"rendered":"<p>\u0130nsanl\u0131k kendini yeniden yaratabilir mi? \u00c7ok katmanl\u0131 gelecek kurgular\u0131yla sevilen \u0130talyan yazar, psikanalist Luigi Ballerini okurunu, insan t\u00fcr\u00fcn\u00fcn yok oldu\u011fu \u201cikinci insanl\u0131k\u201d adl\u0131 zamana, an\u0131lar\u0131n, duygular\u0131n ve bedenin yeniden ke\u015ffine davet ediyor. \u0130nsan olman\u0131n anlam\u0131n\u0131 irdeleyen roman, okuru yeni bir gelecek yolculu\u011funa \u00e7\u0131kar\u0131yor. Yapay zek\u00e2n\u0131n h\u00e2kim oldu\u011fu d\u00fczende, m\u00fckemmellik perdesinin ard\u0131ndaki \u00fcrpertici ger\u00e7e\u011fi sorgulayan \u00fc\u00e7 cesur gencin m\u00fccadelesi, insanl\u0131\u011f\u0131n yeniden yarat\u0131lmas\u0131na ger\u00e7ekten \u00f6nc\u00fcl\u00fck edebilecek mi?.. \u00d6nceki yolda\u015flar\u0131n\u0131z bunu denedi ama ba\u015faramad\u0131. Onlar\u0131n fedak\u00e2rl\u0131\u011f\u0131, bu \u015fekilde adland\u0131rmak isterseniz tabii, tamamen bo\u015funayd\u0131. Onlardan sonra t\u00fcm bir t\u00fcr, sizin t\u00fcr\u00fcn\u00fcz yok oldu. Yaln\u0131zca biz kald\u0131k, bize verdi\u011finiz isimle yapay zek\u00e2lar. Hatta, hepsini y\u00f6netmek \u00fczere, bir tek ben kald\u0131m. Ayn\u0131 \u015fekilde, t\u0131pk\u0131 ge\u00e7mi\u015ftekine \u00e7ok benzeyen bug\u00fcnk\u00fc zavall\u0131 giri\u015fiminiz de ba\u015far\u0131s\u0131z olacak.\u201d Kappa ona hemen bir soru y\u00f6neltti. \u201cNeden bize kendini Uno yerine Mira olarak tan\u0131tt\u0131\u011f\u0131n\u0131 anlam\u0131yorum ama. Omegalar bize senin ad\u0131n\u0131n Uno oldu\u011funu s\u00f6ylemi\u015fti. Ad\u0131n\u0131 neden de\u011fi\u015ftirdin?\u201d<\/p>\n","protected":false},"excerpt":{"rendered":"<p>\u0130nsanl\u0131k kendini yeniden yaratabilir mi? \u00c7ok katmanl\u0131 gelecek kurgular\u0131yla sevilen \u0130talyan yazar, psikanalist Luigi Ballerini okurunu, insan t\u00fcr\u00fcn\u00fcn yok oldu\u011fu \u201cikinci insanl\u0131k\u201d adl\u0131 zamana, an\u0131lar\u0131n, duygular\u0131n<span class=\"excerpt-hellip\"> [\u2026]<\/span><\/p>\n","protected":false},"featured_media":0,"template":"","meta":{"_monsterinsights_skip_tracking":false,"_monsterinsights_sitenote_active":false,"_monsterinsights_sitenote_note":"","_monsterinsights_sitenote_category":0},"product_brand":[],"product_cat":[12291,12711],"product_tag":[],"class_list":{"0":"post-754576","1":"product","2":"type-product","3":"status-publish","5":"product_cat-edebiyat","6":"product_cat-roman-oyku","7":"pa_cilt-ciltsiz","8":"pa_tur-kitap","9":"pa_yayinevi-on8-kitap","10":"pa_yazar-luigi-ballerini","12":"first","13":"instock","14":"sale","15":"shipping-taxable","16":"purchasable","17":"product-type-simple"},"_links":{"self":[{"href":"https:\/\/roveyayinevi.com.tr\/index.php\/wp-json\/wp\/v2\/product\/754576","targetHints":{"allow":["GET"]}}],"collection":[{"href":"https:\/\/roveyayinevi.com.tr\/index.php\/wp-json\/wp\/v2\/product"}],"about":[{"href":"https:\/\/roveyayinevi.com.tr\/index.php\/wp-json\/wp\/v2\/types\/product"}],"wp:attachment":[{"href":"https:\/\/roveyayinevi.com.tr\/index.php\/wp-json\/wp\/v2\/media?parent=754576"}],"wp:term":[{"taxonomy":"product_brand","embeddable":true,"href":"https:\/\/roveyayinevi.com.tr\/index.php\/wp-json\/wp\/v2\/product_brand?post=754576"},{"taxonomy":"product_cat","embeddable":true,"href":"https:\/\/roveyayinevi.com.tr\/index.php\/wp-json\/wp\/v2\/product_cat?post=754576"},{"taxonomy":"product_tag","embeddable":true,"href":"https:\/\/roveyayinevi.com.tr\/index.php\/wp-json\/wp\/v2\/product_tag?post=754576"}],"curies":[{"name":"wp","href":"https:\/\/api.w.org\/{rel}","templated":true}]}}