{"id":754570,"date":"2025-08-28T06:14:45","date_gmt":"2025-08-28T03:14:45","guid":{"rendered":"https:\/\/roveyayinevi.com.tr\/index.php\/urun\/yeni-nesil-anne\/"},"modified":"2026-04-16T03:07:53","modified_gmt":"2026-04-16T00:07:53","slug":"yeni-nesil-anne","status":"publish","type":"product","link":"https:\/\/roveyayinevi.com.tr\/index.php\/urun\/yeni-nesil-anne\/","title":{"rendered":"Yeni Nesil Anne"},"content":{"rendered":"<p>Yeni Nesil Anne, \u0130dil Hazan Kohen\u2019in kaleminden, hayat\u0131n\u0131n en b\u00fcy\u00fck s\u00fcrpriziyle gelecek planlar\u0131n\u0131 yeniden yapan, modern, matrak ve b\u00fcy\u00fck konu\u015fan bir anne aday\u0131n\u0131n kahkahalar vadeden zorlu yolculu\u011fu\u2026    Kim duas\u0131na, evrenine, auras\u0131na dilek yerle\u015ftirecekse benden s\u00f6ylemesi, terminiyle girin dile\u011finizi. Ne diledi\u011fine dikkat et derler ya, ne zaman i\u00e7in diledi\u011fine dikkat etmek laz\u0131mm\u0131\u015f me\u011fer.    Ad\u0131m Ayb\u00fcke. \u00dcniversiteyi bitiren her yeni mezun gibi d\u00fcnyan\u0131n tarihini de\u011fi\u015ftirece\u011fime inan\u0131yordum ama m\u00fczayede koordinat\u00f6r\u00fc olarak kariyer basamaklar\u0131 yerine hastane basamaklar\u0131n\u0131 t\u0131rmanmak \u00e7\u0131kt\u0131 \u015fans\u0131ma. Elimde gidi\u015f d\u00f6n\u00fc\u015f bir bilet, kariyerime d\u00f6nmek ya da doktora gitmek aras\u0131nda gidip geliyorum.    Yeni kimli\u011fim, karn\u0131m kadar h\u0131zl\u0131 \u015fekillenemedi\u011fi i\u00e7in karma\u015f\u0131k duygular i\u00e7indeyim. Annemin k\u0131z\u0131, e\u015fimin kar\u0131s\u0131, i\u015fimin demirba\u015f\u0131 ve \u015fimdi k\u0131z\u0131m\u0131n annesi\u2026 Kat kat giyindi\u011fim, hangisi bol, hangisi dar geliyor bakmadan ku\u015fand\u0131\u011f\u0131m onca kimlik alt\u0131nda \u00fczerime tam oturmayacak diye en \u00e7ok endi\u015felendi\u011fim galiba bu sonuncusu.    Herkesin boy g\u00f6stermek i\u00e7in birbiriyle yar\u0131\u015ft\u0131\u011f\u0131 \u015fu d\u00fcnyada en g\u00f6stermeye haz\u0131r m\u0131y\u0131m? <\/p>\n","protected":false},"excerpt":{"rendered":"<p>Yeni Nesil Anne, \u0130dil Hazan Kohen\u2019in kaleminden, hayat\u0131n\u0131n en b\u00fcy\u00fck s\u00fcrpriziyle gelecek planlar\u0131n\u0131 yeniden yapan, modern, matrak ve b\u00fcy\u00fck konu\u015fan bir anne aday\u0131n\u0131n kahkahalar vadeden zorlu<span class=\"excerpt-hellip\"> [\u2026]<\/span><\/p>\n","protected":false},"featured_media":0,"template":"","meta":{"_monsterinsights_skip_tracking":false,"_monsterinsights_sitenote_active":false,"_monsterinsights_sitenote_note":"","_monsterinsights_sitenote_category":0},"product_brand":[],"product_cat":[12364,12376],"product_tag":[],"class_list":{"0":"post-754570","1":"product","2":"type-product","3":"status-publish","5":"product_cat-genel-konular","6":"product_cat-kisisel-gelisim","7":"pa_cilt-ciltsiz","8":"pa_tur-kitap","9":"pa_yayinevi-artemis-yayinlari","10":"pa_yazar-idil-hazan-kohen","12":"first","13":"instock","14":"sale","15":"shipping-taxable","16":"purchasable","17":"product-type-simple"},"_links":{"self":[{"href":"https:\/\/roveyayinevi.com.tr\/index.php\/wp-json\/wp\/v2\/product\/754570","targetHints":{"allow":["GET"]}}],"collection":[{"href":"https:\/\/roveyayinevi.com.tr\/index.php\/wp-json\/wp\/v2\/product"}],"about":[{"href":"https:\/\/roveyayinevi.com.tr\/index.php\/wp-json\/wp\/v2\/types\/product"}],"wp:attachment":[{"href":"https:\/\/roveyayinevi.com.tr\/index.php\/wp-json\/wp\/v2\/media?parent=754570"}],"wp:term":[{"taxonomy":"product_brand","embeddable":true,"href":"https:\/\/roveyayinevi.com.tr\/index.php\/wp-json\/wp\/v2\/product_brand?post=754570"},{"taxonomy":"product_cat","embeddable":true,"href":"https:\/\/roveyayinevi.com.tr\/index.php\/wp-json\/wp\/v2\/product_cat?post=754570"},{"taxonomy":"product_tag","embeddable":true,"href":"https:\/\/roveyayinevi.com.tr\/index.php\/wp-json\/wp\/v2\/product_tag?post=754570"}],"curies":[{"name":"wp","href":"https:\/\/api.w.org\/{rel}","templated":true}]}}