{"id":754569,"date":"2025-08-28T06:14:43","date_gmt":"2025-08-28T03:14:43","guid":{"rendered":"https:\/\/roveyayinevi.com.tr\/index.php\/urun\/yeni-secilmis-konularla-guncel-ekonomik-sorunlar-2\/"},"modified":"2026-04-16T03:07:53","modified_gmt":"2026-04-16T00:07:53","slug":"yeni-secilmis-konularla-guncel-ekonomik-sorunlar-2","status":"publish","type":"product","link":"https:\/\/roveyayinevi.com.tr\/index.php\/urun\/yeni-secilmis-konularla-guncel-ekonomik-sorunlar-2\/","title":{"rendered":"Yeni Se\u00e7ilmi\u015f Konularla G\u00fcncel Ekonomik Sorunlar 2"},"content":{"rendered":"<p>\u0130\u00e7indekiler     B\u00d6L\u00dcM 1: CAM TAVAN SENDROMUNUN KADIN \u00c7ALI\u015eMA HAYATINA ETK\u0130S\u0130   B\u00d6L\u00dcM 2: T\u00dcRK\u0130YE\u2019DE \u0130ST\u0130HDAM VE \u0130\u015eS\u0130ZL\u0130K SORUNU \u00dcZER\u0130NE B\u0130R \u0130NCELEME   B\u00d6L\u00dcM 3: YOKSULLU\u011eUN HEM SEBEP HEM DE SONU\u00c7 OLARAK BA\u015eLICA EKONOM\u0130K ETK\u0130LER\u0130   B\u00d6L\u00dcM 4: S\u00dcRD\u00dcR\u00dcLEB\u0130L\u0130R KALKINMA \u0130\u00c7\u0130N YE\u015e\u0130L EKONOM\u0130   B\u00d6L\u00dcM 5: N\u00d6RO\u0130KT\u0130SAT KAVRAMINA TEOR\u0130K B\u0130R BAKI\u015e   B\u00d6L\u00dcM 6: SOSYAL MEDYA ARA\u00c7LARININ KU\u015eAKLAR ARASI FARKLILIKLARI VE EKONOM\u0130K ETK\u0130S\u0130   B\u00d6L\u00dcM 7: GEL\u0130R DA\u011eILIMI VE GEL\u0130R DA\u011eILIMI ADALETS\u0130ZL\u0130\u011e\u0130N\u0130N EKONOM\u0130K ETK\u0130LER\u0130 <\/p>\n","protected":false},"excerpt":{"rendered":"<p>\u0130\u00e7indekiler B\u00d6L\u00dcM 1: CAM TAVAN SENDROMUNUN KADIN \u00c7ALI\u015eMA HAYATINA ETK\u0130S\u0130 B\u00d6L\u00dcM 2: T\u00dcRK\u0130YE\u2019DE \u0130ST\u0130HDAM VE \u0130\u015eS\u0130ZL\u0130K SORUNU \u00dcZER\u0130NE B\u0130R \u0130NCELEME B\u00d6L\u00dcM 3: YOKSULLU\u011eUN HEM SEBEP HEM<span class=\"excerpt-hellip\"> [\u2026]<\/span><\/p>\n","protected":false},"featured_media":0,"template":"","meta":{"_monsterinsights_skip_tracking":false,"_monsterinsights_sitenote_active":false,"_monsterinsights_sitenote_note":"","_monsterinsights_sitenote_category":0},"product_brand":[],"product_cat":[13043],"product_tag":[],"class_list":{"0":"post-754569","1":"product","2":"type-product","3":"status-publish","5":"product_cat-ekonomi","6":"pa_cilt-ciltsiz","7":"pa_tur-kitap","8":"pa_yayinevi-gazi-kitabevi","9":"pa_yazar-kolektif","11":"first","12":"instock","13":"sale","14":"shipping-taxable","15":"purchasable","16":"product-type-simple"},"_links":{"self":[{"href":"https:\/\/roveyayinevi.com.tr\/index.php\/wp-json\/wp\/v2\/product\/754569","targetHints":{"allow":["GET"]}}],"collection":[{"href":"https:\/\/roveyayinevi.com.tr\/index.php\/wp-json\/wp\/v2\/product"}],"about":[{"href":"https:\/\/roveyayinevi.com.tr\/index.php\/wp-json\/wp\/v2\/types\/product"}],"wp:attachment":[{"href":"https:\/\/roveyayinevi.com.tr\/index.php\/wp-json\/wp\/v2\/media?parent=754569"}],"wp:term":[{"taxonomy":"product_brand","embeddable":true,"href":"https:\/\/roveyayinevi.com.tr\/index.php\/wp-json\/wp\/v2\/product_brand?post=754569"},{"taxonomy":"product_cat","embeddable":true,"href":"https:\/\/roveyayinevi.com.tr\/index.php\/wp-json\/wp\/v2\/product_cat?post=754569"},{"taxonomy":"product_tag","embeddable":true,"href":"https:\/\/roveyayinevi.com.tr\/index.php\/wp-json\/wp\/v2\/product_tag?post=754569"}],"curies":[{"name":"wp","href":"https:\/\/api.w.org\/{rel}","templated":true}]}}