{"id":754568,"date":"2025-08-28T06:14:42","date_gmt":"2025-08-28T03:14:42","guid":{"rendered":"https:\/\/roveyayinevi.com.tr\/index.php\/urun\/etkinliklerle-sag-beyin-sol-beyin-gelistirme-2-yas-6li-set\/"},"modified":"2026-04-16T03:07:53","modified_gmt":"2026-04-16T00:07:53","slug":"etkinliklerle-sag-beyin-sol-beyin-gelistirme-2-yas-6li-set","status":"publish","type":"product","link":"https:\/\/roveyayinevi.com.tr\/index.php\/urun\/etkinliklerle-sag-beyin-sol-beyin-gelistirme-2-yas-6li-set\/","title":{"rendered":"Etkinliklerle Sa\u011f Beyin Sol Beyin Geli\u015ftirme (2+ Ya\u015f) 6\u2019l\u0131 Set"},"content":{"rendered":"<p>Alg\u0131, Dikkat ve Konsantrasyon Art\u0131ran G\u00f6rsel-\u0130\u015fitsel Egzersizler   \u0130nsan beyninin en esnek, uyumlu ve h\u0131zl\u0131 geli\u015fti\u011fi d\u00f6nem, erken \u00e7ocukluk d\u00f6nemidir. Bilimsel veriler g\u00f6steriyor ki 2 ya\u015f\u0131ndaki bir \u00e7ocu\u011fun beynindeki ba\u011flant\u0131lar bir yeti\u015fkinin beynindekilerden iki kat daha fazlad\u0131r. D\u0131\u015far\u0131dan uyar\u0131 almam\u0131\u015f n\u00f6ronlar di\u011fer n\u00f6ronlarla ba\u011flant\u0131ya ge\u00e7mezler. \u0130lk ba\u011flant\u0131lar \u015fekillendi\u011finde, beyin bu mevcut ba\u011flant\u0131lar\u0131 geli\u015ftirmeye ba\u015flar.   Bu d\u00f6nemde, beyinde; ba\u015fta dil, g\u00f6rme i\u015fitme, duygusal kontrol, sosyalle\u015fme gibi yetilerin geli\u015ftirilmesi ve \u00fcst d\u00fczeye \u00e7\u0131kar\u0131lmas\u0131 \u00e7ocu\u011fa verilen e\u011fitimle yak\u0131ndan ili\u015fkilidir. \u0130ster matematikte ister sanatta olsun hem sa\u011f hem sol beynini g\u00fc\u00e7lendirmi\u015f ve dengede kullanabilen \u00e7ocuklar\u0131m\u0131z e\u011fitim ya\u015famlar\u0131nda \u00e7ok daha ba\u015far\u0131l\u0131 olacakt\u0131r. Bu ama\u00e7la haz\u0131rlanan setimizde; g\u00f6rsel ve sesli beyin egzersizleriyle sa\u011f beyni; s\u00f6zel-say\u0131sal egzersizlerle sol beyni geli\u015ftirecek \u00e7al\u0131\u015fmalara yer verilmi\u015ftir.   Kazan\u0131mlar: \u2022 Alg\u0131sal Dikkat \u2022 Odaklanma ve Konsantrasyon Art\u0131r\u0131m\u0131 \u2022 G\u00f6rsel Alg\u0131- \u0130\u015fitsel Dikkat Geli\u015fimi \u2022 Dinledi\u011fini Kavrama-Anlama Becerileri \u2022 Odaklanma ve Konsantrasyon Art\u0131r\u0131m\u0131 \u2022 Duydu\u011funu K\u0131sa S\u00fcreli Belle\u011fe Kolay Kaydetme \u2022 Ak\u0131l Y\u00fcr\u00fctme \u2022 \u0130\u015flem Becerileri \u2022 Neden-Sonu\u00e7 \u0130li\u015fkisi \u2022 Muhakeme \u2022 Dil Geli\u015fimi gibi alanlarda sa\u011flayaca\u011f\u0131 geli\u015fim; ya\u015fam\u0131na en iyi \u015fekilde ba\u015flang\u0131\u00e7 yapmas\u0131 ve s\u00fcrd\u00fcrmesine \u00f6nemli katk\u0131lar sa\u011flayacakt\u0131r.   \u00d6        PS\u0130KOLOG \u00d6        \u00c7OCUK GEL\u0130\u015e\u0130M\u0130 UZMANI \u00d6        REHBER \u00d6\u011eRETMEN ONAYLI <\/p>\n","protected":false},"excerpt":{"rendered":"<p>Alg\u0131, Dikkat ve Konsantrasyon Art\u0131ran G\u00f6rsel-\u0130\u015fitsel Egzersizler \u0130nsan beyninin en esnek, uyumlu ve h\u0131zl\u0131 geli\u015fti\u011fi d\u00f6nem, erken \u00e7ocukluk d\u00f6nemidir. Bilimsel veriler g\u00f6steriyor ki 2 ya\u015f\u0131ndaki bir<span class=\"excerpt-hellip\"> [\u2026]<\/span><\/p>\n","protected":false},"featured_media":0,"template":"","meta":{"_monsterinsights_skip_tracking":false,"_monsterinsights_sitenote_active":false,"_monsterinsights_sitenote_note":"","_monsterinsights_sitenote_category":0},"product_brand":[],"product_cat":[12274,24599],"product_tag":[],"class_list":{"0":"post-754568","1":"product","2":"type-product","3":"status-publish","5":"product_cat-cocuk-ve-genclik-kitaplari","6":"product_cat-zeka-gelisimi","7":"pa_cilt-ciltsiz","8":"pa_tur-kitap","9":"pa_yayinevi-hayykitap","10":"pa_yazar-canan-ozturk","12":"first","13":"instock","14":"sale","15":"shipping-taxable","16":"purchasable","17":"product-type-simple"},"_links":{"self":[{"href":"https:\/\/roveyayinevi.com.tr\/index.php\/wp-json\/wp\/v2\/product\/754568","targetHints":{"allow":["GET"]}}],"collection":[{"href":"https:\/\/roveyayinevi.com.tr\/index.php\/wp-json\/wp\/v2\/product"}],"about":[{"href":"https:\/\/roveyayinevi.com.tr\/index.php\/wp-json\/wp\/v2\/types\/product"}],"wp:attachment":[{"href":"https:\/\/roveyayinevi.com.tr\/index.php\/wp-json\/wp\/v2\/media?parent=754568"}],"wp:term":[{"taxonomy":"product_brand","embeddable":true,"href":"https:\/\/roveyayinevi.com.tr\/index.php\/wp-json\/wp\/v2\/product_brand?post=754568"},{"taxonomy":"product_cat","embeddable":true,"href":"https:\/\/roveyayinevi.com.tr\/index.php\/wp-json\/wp\/v2\/product_cat?post=754568"},{"taxonomy":"product_tag","embeddable":true,"href":"https:\/\/roveyayinevi.com.tr\/index.php\/wp-json\/wp\/v2\/product_tag?post=754568"}],"curies":[{"name":"wp","href":"https:\/\/api.w.org\/{rel}","templated":true}]}}