{"id":754566,"date":"2025-08-28T06:14:39","date_gmt":"2025-08-28T03:14:39","guid":{"rendered":"https:\/\/roveyayinevi.com.tr\/index.php\/urun\/kardes-kiskancligi\/"},"modified":"2026-04-16T03:07:53","modified_gmt":"2026-04-16T00:07:53","slug":"kardes-kiskancligi","status":"publish","type":"product","link":"https:\/\/roveyayinevi.com.tr\/index.php\/urun\/kardes-kiskancligi\/","title":{"rendered":"Karde\u015f K\u0131skan\u00e7l\u0131\u011f\u0131"},"content":{"rendered":"<p>\u201c\u00c7ocu\u011fumuzun Karde\u015f K\u0131skan\u00e7l\u0131\u011f\u0131n\u0131 Atlatabilmesi \u0130\u00e7in Neler Yapabiliriz?\u201d\u201cKarde\u015f K\u0131skan\u00e7l\u0131\u011f\u0131, \u00e7ocuklarda s\u0131k\u00e7a kar\u015f\u0131la\u015f\u0131lan ve ebeveynlerin \u00e7o\u011fu zaman \u00e7aresiz kald\u0131\u011f\u0131 bir k\u0131skan\u00e7l\u0131k t\u00fcr\u00fcd\u00fcr. Karde\u015f k\u0131skan\u00e7l\u0131\u011f\u0131n\u0131n y\u00f6netiminde anne-baban\u0131n liderli\u011fi \u00e7ok \u00f6nemlidir. Unutulmamal\u0131d\u0131r ki k\u0131skan\u00e7l\u0131k; insan\u0131n en \u00e7ok gizledi\u011fi, utand\u0131\u011f\u0131 duygulardan biri olsa da do\u011fal bir duygudur\u2026\u201d Prof. Dr. Nevzat TarhanK\u0131skan\u00e7l\u0131k; bizim do\u011fu\u015ftan getirdi\u011fimiz \u00f6fke, sevgi, utanma ve korku gibi do\u011fal, olumlu ve gerekli bir duygudur. Fakat yanl\u0131\u015f yakla\u015f\u0131mlarla tetiklendi\u011finde, k\u0131skanan \u00e7ocu\u011fumuzun hem kendisine hem de k\u0131skand\u0131\u011f\u0131 karde\u015fine zarar verecek boyuta ula\u015fma riski ta\u015f\u0131r. K\u0131skan\u00e7l\u0131k her ya\u015ftaki ve ailedeki her \u00e7ocukta g\u00f6r\u00fclse de daha \u00e7ok yeni bir karde\u015f geldi\u011finde ve ilk \u00e7ocukta ortaya \u00e7\u0131kar. \u00c7ocuklar\u0131n miza\u00e7lar\u0131na, \u00f6nceki duygu durumlar\u0131na ve ebeveynlerin yakla\u015f\u0131mlar\u0131na g\u00f6re her \u00e7ocukta farkl\u0131 dozlarda seyredebilir. K\u0131skanan \u00e7ocu\u011fumuzu anlar ve do\u011fru davran\u0131rsak, k\u0131skan\u00e7l\u0131k normal s\u0131n\u0131rlarda seyreder ve giderek yerini daha sa\u011fl\u0131kl\u0131 duygulara b\u0131rak\u0131r. Uzman Aile Dan\u0131\u015fman\u0131 Yazar Saliha Erdim taraf\u0131ndan kaleme al\u0131nan bu kitap, okuyucusuna hemen hemen her ailede ya\u015fanan karde\u015f k\u0131skan\u00e7l\u0131\u011f\u0131n\u0131n kolayl\u0131kla a\u015f\u0131labilmesi i\u00e7in \u00f6nemli tavsiyelerde bulunuyor.<\/p>\n","protected":false},"excerpt":{"rendered":"<p>\u201c\u00c7ocu\u011fumuzun Karde\u015f K\u0131skan\u00e7l\u0131\u011f\u0131n\u0131 Atlatabilmesi \u0130\u00e7in Neler Yapabiliriz?\u201d\u201cKarde\u015f K\u0131skan\u00e7l\u0131\u011f\u0131, \u00e7ocuklarda s\u0131k\u00e7a kar\u015f\u0131la\u015f\u0131lan ve ebeveynlerin \u00e7o\u011fu zaman \u00e7aresiz kald\u0131\u011f\u0131 bir k\u0131skan\u00e7l\u0131k t\u00fcr\u00fcd\u00fcr. Karde\u015f k\u0131skan\u00e7l\u0131\u011f\u0131n\u0131n y\u00f6netiminde anne-baban\u0131n liderli\u011fi \u00e7ok<span class=\"excerpt-hellip\"> [\u2026]<\/span><\/p>\n","protected":false},"featured_media":0,"template":"","meta":{"_monsterinsights_skip_tracking":false,"_monsterinsights_sitenote_active":false,"_monsterinsights_sitenote_note":"","_monsterinsights_sitenote_category":0},"product_brand":[],"product_cat":[12831,12324],"product_tag":[],"class_list":{"0":"post-754566","1":"product","2":"type-product","3":"status-publish","5":"product_cat-aile-ve-cocuk","6":"product_cat-sosyoloji","7":"pa_cilt-ciltsiz","8":"pa_tur-kitap","9":"pa_yayinevi-hayat-yayinlari","10":"pa_yazar-saliha-erdim","12":"first","13":"instock","14":"sale","15":"shipping-taxable","16":"purchasable","17":"product-type-simple"},"_links":{"self":[{"href":"https:\/\/roveyayinevi.com.tr\/index.php\/wp-json\/wp\/v2\/product\/754566","targetHints":{"allow":["GET"]}}],"collection":[{"href":"https:\/\/roveyayinevi.com.tr\/index.php\/wp-json\/wp\/v2\/product"}],"about":[{"href":"https:\/\/roveyayinevi.com.tr\/index.php\/wp-json\/wp\/v2\/types\/product"}],"wp:attachment":[{"href":"https:\/\/roveyayinevi.com.tr\/index.php\/wp-json\/wp\/v2\/media?parent=754566"}],"wp:term":[{"taxonomy":"product_brand","embeddable":true,"href":"https:\/\/roveyayinevi.com.tr\/index.php\/wp-json\/wp\/v2\/product_brand?post=754566"},{"taxonomy":"product_cat","embeddable":true,"href":"https:\/\/roveyayinevi.com.tr\/index.php\/wp-json\/wp\/v2\/product_cat?post=754566"},{"taxonomy":"product_tag","embeddable":true,"href":"https:\/\/roveyayinevi.com.tr\/index.php\/wp-json\/wp\/v2\/product_tag?post=754566"}],"curies":[{"name":"wp","href":"https:\/\/api.w.org\/{rel}","templated":true}]}}