{"id":754565,"date":"2025-08-28T06:14:38","date_gmt":"2025-08-28T03:14:38","guid":{"rendered":"https:\/\/roveyayinevi.com.tr\/index.php\/urun\/kitap-lik-230-kasim-aralik-2023\/"},"modified":"2026-04-16T03:07:53","modified_gmt":"2026-04-16T00:07:53","slug":"kitap-lik-230-kasim-aralik-2023","status":"publish","type":"product","link":"https:\/\/roveyayinevi.com.tr\/index.php\/urun\/kitap-lik-230-kasim-aralik-2023\/","title":{"rendered":"Kitap-l\u0131k 230 \/ Kas\u0131m \u2013 Aral\u0131k 2023"},"content":{"rendered":"<p>Yap\u0131 Kredi Yay\u0131nlar\u0131\u2019n\u0131n edebiyat dergisi kitap-l\u0131k\u2019\u0131n yeni say\u0131s\u0131 \u00e7\u0131kt\u0131. 230. say\u0131n\u0131n dosya konusu \u201c\u00d6zdemir Asaf 100 Ya\u015f\u0131nda\u201d. Y\u00fccel Kay\u0131ran, M. \u015eeref \u00d6zsoy, Seda Arun yaz\u0131lar\u0131n\u0131n yan\u0131 s\u0131ra \u015fairin ar\u015fivinden ilk kez g\u00fcn \u0131\u015f\u0131\u011f\u0131na \u00e7\u0131kan \u015fiir, yaz\u0131 ve \u00f6yk\u00fcler dosyada yer al\u0131yor. Mehmet Rifat\u2019\u0131n \u201cMasallara Yakla\u015f\u0131m Bi\u00e7imleri\u201d ba\u015fl\u0131kl\u0131 incelemesi; Ferhad Eyvazi\u2019nin Furu\u011f Ferruhzad-\u0130brahim G\u00fclistan ili\u015fkisini anlatan yaz\u0131s\u0131yla Ev Karad\u0131r filmi \u00fcst\u00fcne yap\u0131lm\u0131\u015f s\u00f6yle\u015fi \u00e7evirisi; Abdullah Ezik\u2019in Elif Erdo\u011fan ile Tesad\u00fcfen Z\u00fcmr\u00fcd\u00fcanka kitab\u0131 \u00fcst\u00fcne yapt\u0131\u011f\u0131 s\u00f6yle\u015fi bu say\u0131n\u0131n \u00f6ne \u00e7\u0131kan sayfalar\u0131. Nihat Ziyalan, S\u00fcreyya Berfe, H\u00fcseyin Ferhad, Bet\u00fcl Tar\u0131man, B\u00e2ki Ayhan T., Gonca \u00d6zmen, Serhat Uyurkulak \u015fiirleri; Muzaffer Kale, G\u00f6khan Y\u0131lmaz, \u015eebnem Balevi, Alper Be\u015fe, G\u00fclay Pamuk, Osman G\u00fcr \u00f6yk\u00fcleri; Mehmet Erg\u00fcven, M. Sad\u0131k Aslankara, Feridun Anda\u00e7, Engin Soysal, Alper \u00c7eker, Do\u011fu Ka\u015fka, Halil \u015eahan yaz\u0131lar\u0131yla kitap-l\u0131k dergisinin 230. say\u0131s\u0131nda. kitap-l\u0131k 31 y\u0131ld\u0131r iyi edebiyat\u0131n adresi. <\/p>\n","protected":false},"excerpt":{"rendered":"<p>Yap\u0131 Kredi Yay\u0131nlar\u0131\u2019n\u0131n edebiyat dergisi kitap-l\u0131k\u2019\u0131n yeni say\u0131s\u0131 \u00e7\u0131kt\u0131. 230. say\u0131n\u0131n dosya konusu \u201c\u00d6zdemir Asaf 100 Ya\u015f\u0131nda\u201d. Y\u00fccel Kay\u0131ran, M. \u015eeref \u00d6zsoy, Seda Arun yaz\u0131lar\u0131n\u0131n yan\u0131<span class=\"excerpt-hellip\"> [\u2026]<\/span><\/p>\n","protected":false},"featured_media":0,"template":"","meta":{"_monsterinsights_skip_tracking":false,"_monsterinsights_sitenote_active":false,"_monsterinsights_sitenote_note":"","_monsterinsights_sitenote_category":0},"product_brand":[],"product_cat":[13527],"product_tag":[],"class_list":{"0":"post-754565","1":"product","2":"type-product","3":"status-publish","5":"product_cat-sureli-yayinlar","6":"pa_cilt-ciltsiz","7":"pa_tur-dergi","8":"pa_yayinevi-yapi-kredi-yayinlari-dergi","9":"pa_yazar-kolektif","11":"first","12":"instock","13":"sale","14":"shipping-taxable","15":"purchasable","16":"product-type-simple"},"_links":{"self":[{"href":"https:\/\/roveyayinevi.com.tr\/index.php\/wp-json\/wp\/v2\/product\/754565","targetHints":{"allow":["GET"]}}],"collection":[{"href":"https:\/\/roveyayinevi.com.tr\/index.php\/wp-json\/wp\/v2\/product"}],"about":[{"href":"https:\/\/roveyayinevi.com.tr\/index.php\/wp-json\/wp\/v2\/types\/product"}],"wp:attachment":[{"href":"https:\/\/roveyayinevi.com.tr\/index.php\/wp-json\/wp\/v2\/media?parent=754565"}],"wp:term":[{"taxonomy":"product_brand","embeddable":true,"href":"https:\/\/roveyayinevi.com.tr\/index.php\/wp-json\/wp\/v2\/product_brand?post=754565"},{"taxonomy":"product_cat","embeddable":true,"href":"https:\/\/roveyayinevi.com.tr\/index.php\/wp-json\/wp\/v2\/product_cat?post=754565"},{"taxonomy":"product_tag","embeddable":true,"href":"https:\/\/roveyayinevi.com.tr\/index.php\/wp-json\/wp\/v2\/product_tag?post=754565"}],"curies":[{"name":"wp","href":"https:\/\/api.w.org\/{rel}","templated":true}]}}