{"id":754564,"date":"2025-08-28T06:14:36","date_gmt":"2025-08-28T03:14:36","guid":{"rendered":"https:\/\/roveyayinevi.com.tr\/index.php\/urun\/cocuklar-icin-arkeoloji-el-kitabi\/"},"modified":"2026-04-16T03:07:53","modified_gmt":"2026-04-16T00:07:53","slug":"cocuklar-icin-arkeoloji-el-kitabi","status":"publish","type":"product","link":"https:\/\/roveyayinevi.com.tr\/index.php\/urun\/cocuklar-icin-arkeoloji-el-kitabi\/","title":{"rendered":"\u00c7ocuklar \u0130\u00e7in Arkeoloji El Kitab\u0131"},"content":{"rendered":"<p>Arkeolojiye dair merak etti\u011finiz her \u015fey bu kitapta!  Arkeoloji nedir? Nas\u0131l arkeolog olunur? Nerede kaz\u0131 yap\u0131l\u0131r? Stratigrafi nedir? M\u00fczeler ne i\u015fe yarar? B\u00fct\u00fcn zamanlar\u0131n en ola\u011fan\u00fcst\u00fc ke\u015fifleri nelerdir? Arkeolojiye merak duyan \u00e7ocuklar i\u00e7in \u00f6zel el kitab\u0131 ger\u00e7ek arkeologlar taraf\u0131ndan kaleme al\u0131nm\u0131\u015ft\u0131r. T\u00fcrkiye\u2019deki Troya Antik Kenti, Macchu Pichu\u2019daki Inka Antik Kenti, \u00c7in\u2019deki Toprak Askerler ve daha pek \u00e7ok d\u00fcnya harikas\u0131na dair merak uyand\u0131ran bilgilere ek olarak arkeologlar\u0131n bu ke\u015fifleri yaparken ne gibi y\u00f6ntemlerden faydaland\u0131\u011f\u0131n\u0131 da \u00f6\u011freneceksiniz. Kaz\u0131 yapmak zamanda yolculu\u011fa benzer ama bu yolculukta tam olarak nereye gidece\u011finizi ve ne bulaca\u011f\u0131n\u0131z\u0131 asla bilemezsiniz. Ne dersiniz, ke\u015ffetmeye haz\u0131r m\u0131s\u0131n\u0131z? <\/p>\n","protected":false},"excerpt":{"rendered":"<p>Arkeolojiye dair merak etti\u011finiz her \u015fey bu kitapta! Arkeoloji nedir? Nas\u0131l arkeolog olunur? Nerede kaz\u0131 yap\u0131l\u0131r? Stratigrafi nedir? M\u00fczeler ne i\u015fe yarar? B\u00fct\u00fcn zamanlar\u0131n en ola\u011fan\u00fcst\u00fc<span class=\"excerpt-hellip\"> [\u2026]<\/span><\/p>\n","protected":false},"featured_media":0,"template":"","meta":{"_monsterinsights_skip_tracking":false,"_monsterinsights_sitenote_active":false,"_monsterinsights_sitenote_note":"","_monsterinsights_sitenote_category":0},"product_brand":[],"product_cat":[12274,12284],"product_tag":[],"class_list":{"0":"post-754564","1":"product","2":"type-product","3":"status-publish","5":"product_cat-cocuk-ve-genclik-kitaplari","6":"product_cat-hikayeler","7":"pa_cilt-ciltsiz","8":"pa_tur-kitap","9":"pa_yayinevi-yapi-kredi-yayinlari","10":"pa_yazar-stefano-tognetti","12":"first","13":"instock","14":"sale","15":"shipping-taxable","16":"purchasable","17":"product-type-simple"},"_links":{"self":[{"href":"https:\/\/roveyayinevi.com.tr\/index.php\/wp-json\/wp\/v2\/product\/754564","targetHints":{"allow":["GET"]}}],"collection":[{"href":"https:\/\/roveyayinevi.com.tr\/index.php\/wp-json\/wp\/v2\/product"}],"about":[{"href":"https:\/\/roveyayinevi.com.tr\/index.php\/wp-json\/wp\/v2\/types\/product"}],"wp:attachment":[{"href":"https:\/\/roveyayinevi.com.tr\/index.php\/wp-json\/wp\/v2\/media?parent=754564"}],"wp:term":[{"taxonomy":"product_brand","embeddable":true,"href":"https:\/\/roveyayinevi.com.tr\/index.php\/wp-json\/wp\/v2\/product_brand?post=754564"},{"taxonomy":"product_cat","embeddable":true,"href":"https:\/\/roveyayinevi.com.tr\/index.php\/wp-json\/wp\/v2\/product_cat?post=754564"},{"taxonomy":"product_tag","embeddable":true,"href":"https:\/\/roveyayinevi.com.tr\/index.php\/wp-json\/wp\/v2\/product_tag?post=754564"}],"curies":[{"name":"wp","href":"https:\/\/api.w.org\/{rel}","templated":true}]}}