{"id":754563,"date":"2025-08-28T06:14:34","date_gmt":"2025-08-28T03:14:34","guid":{"rendered":"https:\/\/roveyayinevi.com.tr\/index.php\/urun\/mal-sayimi\/"},"modified":"2026-04-16T03:07:53","modified_gmt":"2026-04-16T00:07:53","slug":"mal-sayimi","status":"publish","type":"product","link":"https:\/\/roveyayinevi.com.tr\/index.php\/urun\/mal-sayimi\/","title":{"rendered":"Mal Say\u0131m\u0131"},"content":{"rendered":"<p>Bo\u011fazi\u00e7i\u2019ni izlerken \u015fiirine yeni kelimelerle sar\u0131lm\u0131\u015f bir \u015fair Nina Faber. \u0130stanbul seyahatinden Oslo\u2019ya d\u00f6n\u00fcp yeni \u015fiir kitab\u0131n\u0131 \u00e7\u0131kar\u0131yor ama olaylar bekledi\u011fi gibi ilerlemiyor. \u015eiirlerinin aks\u0131 gibi, \u00f6nce da\u011f\u0131l\u0131yor, azal\u0131yor, yank\u0131larla \u00e7o\u011fal\u0131p sonra bir doruk noktas\u0131nda u\u00e7u\u015fa ge\u00e7iyor. Co\u015fkulu bir Erlend Loe karakteri o.   Eserleri pek \u00e7ok \u00fclkede yay\u0131mlanan Norve\u00e7li yazar Erlend Loe, 2013\u2019te kaleme ald\u0131\u011f\u0131 Mal Say\u0131m\u0131\u2019nda son derece ak\u0131c\u0131 \u00fcslubuyla bir y\u00fcrek \u00e7arp\u0131nt\u0131s\u0131na, bir ya\u015fl\u0131 \u015faire d\u00fcnyada bir nefeslik alan a\u00e7\u0131yor.   Mal Say\u0131m\u0131 t\u0131pk\u0131 Doppler ve Bildi\u011fimiz D\u00fcnyan\u0131n Sonu gibi k\u00fclt bir metne d\u00f6n\u00fc\u015f\u00fcyor. <\/p>\n","protected":false},"excerpt":{"rendered":"<p>Bo\u011fazi\u00e7i\u2019ni izlerken \u015fiirine yeni kelimelerle sar\u0131lm\u0131\u015f bir \u015fair Nina Faber. \u0130stanbul seyahatinden Oslo\u2019ya d\u00f6n\u00fcp yeni \u015fiir kitab\u0131n\u0131 \u00e7\u0131kar\u0131yor ama olaylar bekledi\u011fi gibi ilerlemiyor. \u015eiirlerinin aks\u0131 gibi,<span class=\"excerpt-hellip\"> [\u2026]<\/span><\/p>\n","protected":false},"featured_media":0,"template":"","meta":{"_monsterinsights_skip_tracking":false,"_monsterinsights_sitenote_active":false,"_monsterinsights_sitenote_note":"","_monsterinsights_sitenote_category":0},"product_brand":[],"product_cat":[12291,12711],"product_tag":[],"class_list":{"0":"post-754563","1":"product","2":"type-product","3":"status-publish","5":"product_cat-edebiyat","6":"product_cat-roman-oyku","7":"pa_cilt-ciltsiz","8":"pa_tur-kitap","9":"pa_yayinevi-yapi-kredi-yayinlari","10":"pa_yazar-erlend-loe","12":"first","13":"instock","14":"sale","15":"shipping-taxable","16":"purchasable","17":"product-type-simple"},"_links":{"self":[{"href":"https:\/\/roveyayinevi.com.tr\/index.php\/wp-json\/wp\/v2\/product\/754563","targetHints":{"allow":["GET"]}}],"collection":[{"href":"https:\/\/roveyayinevi.com.tr\/index.php\/wp-json\/wp\/v2\/product"}],"about":[{"href":"https:\/\/roveyayinevi.com.tr\/index.php\/wp-json\/wp\/v2\/types\/product"}],"wp:attachment":[{"href":"https:\/\/roveyayinevi.com.tr\/index.php\/wp-json\/wp\/v2\/media?parent=754563"}],"wp:term":[{"taxonomy":"product_brand","embeddable":true,"href":"https:\/\/roveyayinevi.com.tr\/index.php\/wp-json\/wp\/v2\/product_brand?post=754563"},{"taxonomy":"product_cat","embeddable":true,"href":"https:\/\/roveyayinevi.com.tr\/index.php\/wp-json\/wp\/v2\/product_cat?post=754563"},{"taxonomy":"product_tag","embeddable":true,"href":"https:\/\/roveyayinevi.com.tr\/index.php\/wp-json\/wp\/v2\/product_tag?post=754563"}],"curies":[{"name":"wp","href":"https:\/\/api.w.org\/{rel}","templated":true}]}}