{"id":754560,"date":"2025-08-28T06:14:29","date_gmt":"2025-08-28T03:14:29","guid":{"rendered":"https:\/\/roveyayinevi.com.tr\/index.php\/urun\/dunyayi-degistir-5-somizli\/"},"modified":"2026-04-16T03:07:52","modified_gmt":"2026-04-16T00:07:52","slug":"dunyayi-degistir-5-somizli","status":"publish","type":"product","link":"https:\/\/roveyayinevi.com.tr\/index.php\/urun\/dunyayi-degistir-5-somizli\/","title":{"rendered":"D\u00fcnyay\u0131 De\u011fi\u015ftir 5 (\u015e\u00f6mizli)"},"content":{"rendered":"<p>Seninle kar\u015f\u0131la\u015ft\u0131\u011f\u0131mdan beri hayat\u0131m alt \u00fcst oldu.   Beden de\u011fi\u015ftiren Saitou Yuichi ve Mitsumune\u2019nin maceras\u0131 gerilim dolu bir sona yakla\u015f\u0131yor. Korkun\u00e7 g\u00fc\u00e7lere sahip bir adamla kar\u015f\u0131 kar\u015f\u0131ya geliyorlar. Acaba hayatta kalabilecekler mi?!   &#8216;Ouroboros&#8217;un yarat\u0131c\u0131s\u0131 Yuya Kanzaki, su\u00e7 ve gerilimle dolu bu heyecan verici hik\u00e2yeyi muhte\u015fem bir \u015fekilde tamaml\u0131yor! <\/p>\n","protected":false},"excerpt":{"rendered":"<p>Seninle kar\u015f\u0131la\u015ft\u0131\u011f\u0131mdan beri hayat\u0131m alt \u00fcst oldu. Beden de\u011fi\u015ftiren Saitou Yuichi ve Mitsumune\u2019nin maceras\u0131 gerilim dolu bir sona yakla\u015f\u0131yor. Korkun\u00e7 g\u00fc\u00e7lere sahip bir adamla kar\u015f\u0131 kar\u015f\u0131ya<span class=\"excerpt-hellip\"> [\u2026]<\/span><\/p>\n","protected":false},"featured_media":0,"template":"","meta":{"_monsterinsights_skip_tracking":false,"_monsterinsights_sitenote_active":false,"_monsterinsights_sitenote_note":"","_monsterinsights_sitenote_category":0},"product_brand":[],"product_cat":[12416,12291],"product_tag":[],"class_list":{"0":"post-754560","1":"product","2":"type-product","3":"status-publish","5":"product_cat-cizgi-roman","6":"product_cat-edebiyat","7":"pa_cilt-ciltsiz","8":"pa_tur-kitap","9":"pa_yayinevi-kayip-kita-yayinlari","10":"pa_yazar-yuya-kanzaki","12":"first","13":"instock","14":"sale","15":"shipping-taxable","16":"purchasable","17":"product-type-simple"},"_links":{"self":[{"href":"https:\/\/roveyayinevi.com.tr\/index.php\/wp-json\/wp\/v2\/product\/754560","targetHints":{"allow":["GET"]}}],"collection":[{"href":"https:\/\/roveyayinevi.com.tr\/index.php\/wp-json\/wp\/v2\/product"}],"about":[{"href":"https:\/\/roveyayinevi.com.tr\/index.php\/wp-json\/wp\/v2\/types\/product"}],"wp:attachment":[{"href":"https:\/\/roveyayinevi.com.tr\/index.php\/wp-json\/wp\/v2\/media?parent=754560"}],"wp:term":[{"taxonomy":"product_brand","embeddable":true,"href":"https:\/\/roveyayinevi.com.tr\/index.php\/wp-json\/wp\/v2\/product_brand?post=754560"},{"taxonomy":"product_cat","embeddable":true,"href":"https:\/\/roveyayinevi.com.tr\/index.php\/wp-json\/wp\/v2\/product_cat?post=754560"},{"taxonomy":"product_tag","embeddable":true,"href":"https:\/\/roveyayinevi.com.tr\/index.php\/wp-json\/wp\/v2\/product_tag?post=754560"}],"curies":[{"name":"wp","href":"https:\/\/api.w.org\/{rel}","templated":true}]}}