{"id":754559,"date":"2025-08-28T06:14:27","date_gmt":"2025-08-28T03:14:27","guid":{"rendered":"https:\/\/roveyayinevi.com.tr\/index.php\/urun\/dunyayi-degistir-4-somizli\/"},"modified":"2026-04-16T03:07:52","modified_gmt":"2026-04-16T00:07:52","slug":"dunyayi-degistir-4-somizli","status":"publish","type":"product","link":"https:\/\/roveyayinevi.com.tr\/index.php\/urun\/dunyayi-degistir-4-somizli\/","title":{"rendered":"D\u00fcnyay\u0131 De\u011fi\u015ftir 4 (\u015e\u00f6mizli)"},"content":{"rendered":"<p>Bu intihar m\u0131, yoksa cinayet mi say\u0131l\u0131r? Sence hangisi?!   Beden degistiren Yuichi ve Mitsumune, sonunda kars\u0131 kars\u0131ya geliyor. \u0130lgin\u00e7 fiziksel yeteneklere sahip Yuichi mi, kusursuz bir beyne sahip olan Mitsumune mi? Hangisi hayatta kalacak?   Gizemli se\u00e7kin dedektif, b\u00fcy\u00fck bir s\u0131r perdesini aralamak \u00fczere\u2026 <\/p>\n","protected":false},"excerpt":{"rendered":"<p>Bu intihar m\u0131, yoksa cinayet mi say\u0131l\u0131r? Sence hangisi?! Beden degistiren Yuichi ve Mitsumune, sonunda kars\u0131 kars\u0131ya geliyor. \u0130lgin\u00e7 fiziksel yeteneklere sahip Yuichi mi, kusursuz bir<span class=\"excerpt-hellip\"> [\u2026]<\/span><\/p>\n","protected":false},"featured_media":0,"template":"","meta":{"_monsterinsights_skip_tracking":false,"_monsterinsights_sitenote_active":false,"_monsterinsights_sitenote_note":"","_monsterinsights_sitenote_category":0},"product_brand":[],"product_cat":[12416,12291],"product_tag":[],"class_list":{"0":"post-754559","1":"product","2":"type-product","3":"status-publish","5":"product_cat-cizgi-roman","6":"product_cat-edebiyat","7":"pa_cilt-ciltsiz","8":"pa_tur-kitap","9":"pa_yayinevi-kayip-kita-yayinlari","10":"pa_yazar-yuya-kanzaki","12":"first","13":"instock","14":"sale","15":"shipping-taxable","16":"purchasable","17":"product-type-simple"},"_links":{"self":[{"href":"https:\/\/roveyayinevi.com.tr\/index.php\/wp-json\/wp\/v2\/product\/754559","targetHints":{"allow":["GET"]}}],"collection":[{"href":"https:\/\/roveyayinevi.com.tr\/index.php\/wp-json\/wp\/v2\/product"}],"about":[{"href":"https:\/\/roveyayinevi.com.tr\/index.php\/wp-json\/wp\/v2\/types\/product"}],"wp:attachment":[{"href":"https:\/\/roveyayinevi.com.tr\/index.php\/wp-json\/wp\/v2\/media?parent=754559"}],"wp:term":[{"taxonomy":"product_brand","embeddable":true,"href":"https:\/\/roveyayinevi.com.tr\/index.php\/wp-json\/wp\/v2\/product_brand?post=754559"},{"taxonomy":"product_cat","embeddable":true,"href":"https:\/\/roveyayinevi.com.tr\/index.php\/wp-json\/wp\/v2\/product_cat?post=754559"},{"taxonomy":"product_tag","embeddable":true,"href":"https:\/\/roveyayinevi.com.tr\/index.php\/wp-json\/wp\/v2\/product_tag?post=754559"}],"curies":[{"name":"wp","href":"https:\/\/api.w.org\/{rel}","templated":true}]}}