{"id":754558,"date":"2025-08-28T06:14:25","date_gmt":"2025-08-28T03:14:25","guid":{"rendered":"https:\/\/roveyayinevi.com.tr\/index.php\/urun\/beastars-1-somizli\/"},"modified":"2026-04-16T03:07:52","modified_gmt":"2026-04-16T00:07:52","slug":"beastars-1-somizli","status":"publish","type":"product","link":"https:\/\/roveyayinevi.com.tr\/index.php\/urun\/beastars-1-somizli\/","title":{"rendered":"Beastars 1 (\u015e\u00f6mizli)"},"content":{"rendered":"<p>Etobur ve otoburlar\u0131n birlikte ya\u015fad\u0131\u011f\u0131 bir d\u00fcnya. Umut, a\u015fk, endi\u015fe &#8211; hepsi bir arada!   Cherryton Okulu&#8217;nun tiyatro kul\u00fcb\u00fc \u00fcyesi Legoshi, kurt olmas\u0131na ragmen \u00e7ok nazik karakterlidir. Onun ve arkadaslar\u0131n\u0131n hayvan gen\u00e7lik dramas\u0131 ba\u015fl\u0131yor!! Hadi Hayvanlar D\u00fcnyas\u0131na!! <\/p>\n","protected":false},"excerpt":{"rendered":"<p>Etobur ve otoburlar\u0131n birlikte ya\u015fad\u0131\u011f\u0131 bir d\u00fcnya. Umut, a\u015fk, endi\u015fe &#8211; hepsi bir arada! Cherryton Okulu&#8217;nun tiyatro kul\u00fcb\u00fc \u00fcyesi Legoshi, kurt olmas\u0131na ragmen \u00e7ok nazik karakterlidir.<span class=\"excerpt-hellip\"> [\u2026]<\/span><\/p>\n","protected":false},"featured_media":0,"template":"","meta":{"_monsterinsights_skip_tracking":false,"_monsterinsights_sitenote_active":false,"_monsterinsights_sitenote_note":"","_monsterinsights_sitenote_category":0},"product_brand":[],"product_cat":[12416,12291],"product_tag":[],"class_list":{"0":"post-754558","1":"product","2":"type-product","3":"status-publish","5":"product_cat-cizgi-roman","6":"product_cat-edebiyat","7":"pa_cilt-ciltsiz","8":"pa_tur-kitap","9":"pa_yayinevi-kayip-kita-yayinlari","10":"pa_yazar-paru-itagaki","12":"first","13":"instock","14":"sale","15":"shipping-taxable","16":"purchasable","17":"product-type-simple"},"_links":{"self":[{"href":"https:\/\/roveyayinevi.com.tr\/index.php\/wp-json\/wp\/v2\/product\/754558","targetHints":{"allow":["GET"]}}],"collection":[{"href":"https:\/\/roveyayinevi.com.tr\/index.php\/wp-json\/wp\/v2\/product"}],"about":[{"href":"https:\/\/roveyayinevi.com.tr\/index.php\/wp-json\/wp\/v2\/types\/product"}],"wp:attachment":[{"href":"https:\/\/roveyayinevi.com.tr\/index.php\/wp-json\/wp\/v2\/media?parent=754558"}],"wp:term":[{"taxonomy":"product_brand","embeddable":true,"href":"https:\/\/roveyayinevi.com.tr\/index.php\/wp-json\/wp\/v2\/product_brand?post=754558"},{"taxonomy":"product_cat","embeddable":true,"href":"https:\/\/roveyayinevi.com.tr\/index.php\/wp-json\/wp\/v2\/product_cat?post=754558"},{"taxonomy":"product_tag","embeddable":true,"href":"https:\/\/roveyayinevi.com.tr\/index.php\/wp-json\/wp\/v2\/product_tag?post=754558"}],"curies":[{"name":"wp","href":"https:\/\/api.w.org\/{rel}","templated":true}]}}