{"id":754554,"date":"2025-08-28T06:14:18","date_gmt":"2025-08-28T03:14:18","guid":{"rendered":"https:\/\/roveyayinevi.com.tr\/index.php\/urun\/camur-bocegi\/"},"modified":"2026-04-12T03:11:36","modified_gmt":"2026-04-12T00:11:36","slug":"camur-bocegi","status":"publish","type":"product","link":"https:\/\/roveyayinevi.com.tr\/index.php\/urun\/camur-bocegi\/","title":{"rendered":"\u00c7amur B\u00f6ce\u011fi"},"content":{"rendered":"<p>Ger\u00e7ek ba\u015far\u0131 nedir? H\u0131rs, yetene\u011fi ge\u00e7erse ne olur? Ba\u015fkalar\u0131n\u0131 d\u00fc\u015f\u00fcnmezsek ne olur? Ger\u00e7e\u011fe uymazsak ba\u015f\u0131m\u0131za ne gelir? Hatalar\u0131m\u0131zdan ders \u00e7\u0131karmazsak ne olur? Hak etti\u011fimizden fazlas\u0131n\u0131 istersek ne olur? Kendimizi oldu\u011fumuzdan b\u00fcy\u00fck g\u00f6r\u00fcrsek ne olur? Ger\u00e7e\u011fe ula\u015fmak i\u00e7in de\u011fil de birbirimizi yenmek i\u00e7in tart\u0131\u015f\u0131rsak ne olur?   \u00c7ocuklar\u0131 soru sormaya, d\u00fc\u015f\u00fcnmeye y\u00f6nlendiren kitaplar\u0131yla sevilen yazar Anooshirvan Miandji, bu kitab\u0131nda da h\u0131rsla hareket etmenin, boyundan b\u00fcy\u00fck i\u015flere kalk\u0131\u015fman\u0131n nelere yol a\u00e7abilece\u011fini sevimli bir \u00f6yk\u00fcyle anlat\u0131yor.<\/p>\n","protected":false},"excerpt":{"rendered":"<p>Ger\u00e7ek ba\u015far\u0131 nedir? H\u0131rs, yetene\u011fi ge\u00e7erse ne olur? Ba\u015fkalar\u0131n\u0131 d\u00fc\u015f\u00fcnmezsek ne olur? Ger\u00e7e\u011fe uymazsak ba\u015f\u0131m\u0131za ne gelir? Hatalar\u0131m\u0131zdan ders \u00e7\u0131karmazsak ne olur? Hak etti\u011fimizden fazlas\u0131n\u0131 istersek<span class=\"excerpt-hellip\"> [\u2026]<\/span><\/p>\n","protected":false},"featured_media":0,"template":"","meta":{"_monsterinsights_skip_tracking":false,"_monsterinsights_sitenote_active":false,"_monsterinsights_sitenote_note":"","_monsterinsights_sitenote_category":0},"product_brand":[],"product_cat":[12274,12284],"product_tag":[],"class_list":{"0":"post-754554","1":"product","2":"type-product","3":"status-publish","5":"product_cat-cocuk-ve-genclik-kitaplari","6":"product_cat-hikayeler","7":"pa_cilt-ciltsiz","8":"pa_tur-kitap","9":"pa_yayinevi-bilgi-yayinevi-cocuk","10":"pa_yazar-anooshirvan-miandji","12":"first","13":"instock","14":"sale","15":"shipping-taxable","16":"purchasable","17":"product-type-simple"},"_links":{"self":[{"href":"https:\/\/roveyayinevi.com.tr\/index.php\/wp-json\/wp\/v2\/product\/754554","targetHints":{"allow":["GET"]}}],"collection":[{"href":"https:\/\/roveyayinevi.com.tr\/index.php\/wp-json\/wp\/v2\/product"}],"about":[{"href":"https:\/\/roveyayinevi.com.tr\/index.php\/wp-json\/wp\/v2\/types\/product"}],"wp:attachment":[{"href":"https:\/\/roveyayinevi.com.tr\/index.php\/wp-json\/wp\/v2\/media?parent=754554"}],"wp:term":[{"taxonomy":"product_brand","embeddable":true,"href":"https:\/\/roveyayinevi.com.tr\/index.php\/wp-json\/wp\/v2\/product_brand?post=754554"},{"taxonomy":"product_cat","embeddable":true,"href":"https:\/\/roveyayinevi.com.tr\/index.php\/wp-json\/wp\/v2\/product_cat?post=754554"},{"taxonomy":"product_tag","embeddable":true,"href":"https:\/\/roveyayinevi.com.tr\/index.php\/wp-json\/wp\/v2\/product_tag?post=754554"}],"curies":[{"name":"wp","href":"https:\/\/api.w.org\/{rel}","templated":true}]}}