{"id":754550,"date":"2025-08-28T06:14:12","date_gmt":"2025-08-28T03:14:12","guid":{"rendered":"https:\/\/roveyayinevi.com.tr\/index.php\/urun\/filozoflar-bulusursa\/"},"modified":"2026-04-16T03:07:52","modified_gmt":"2026-04-16T00:07:52","slug":"filozoflar-bulusursa","status":"publish","type":"product","link":"https:\/\/roveyayinevi.com.tr\/index.php\/urun\/filozoflar-bulusursa\/","title":{"rendered":"Filozoflar Bulu\u015fursa"},"content":{"rendered":"<p>\u201cAk\u0131ll\u0131 adam akl\u0131n\u0131 kullan\u0131r, daha ak\u0131ll\u0131s\u0131 ba\u015fkalar\u0131n\u0131n da akl\u0131n\u0131 kullan\u0131r.\u201d Ben diyorum ki, en ak\u0131ll\u0131s\u0131, tan\u0131d\u0131\u011f\u0131 bilgelerden ula\u015fabildi\u011fi herkesin akl\u0131n\u0131 kullan\u0131r. Peki, bu nas\u0131l m\u00fcmk\u00fcn olacak? \u0130simlerini \u00e7ok\u00e7a duydu\u011fumuz filozoflar bir araya gelse\u2026 B\u00f6yle bir \u015fey m\u00fcmk\u00fcn olabilir mi? Kim bilebilir? Bilin\u00e7alt\u0131, kuantum fizi\u011fi ve metaverse diye bir \u015fey varsa bu neden m\u00fcmk\u00fcn olmas\u0131n? Birisi-hem de Nobel \u00f6d\u00fcll\u00fc bir bilim adam\u0131-\u00e7\u0131ksa ve size bunun m\u00fcmk\u00fcn oldu\u011funu, \u00fcstelik bu hayalin elinizde tuttu\u011funuz kitaptan daha ger\u00e7ek oldu\u011funu iddia etse ne yapard\u0131n\u0131z? En \u00f6nemlisi, b\u00f6yle bir filozoflar kurulu kar\u015f\u0131n\u0131zda olsa neler sormak isterdiniz bu insanlara? <\/p>\n","protected":false},"excerpt":{"rendered":"<p>\u201cAk\u0131ll\u0131 adam akl\u0131n\u0131 kullan\u0131r, daha ak\u0131ll\u0131s\u0131 ba\u015fkalar\u0131n\u0131n da akl\u0131n\u0131 kullan\u0131r.\u201d Ben diyorum ki, en ak\u0131ll\u0131s\u0131, tan\u0131d\u0131\u011f\u0131 bilgelerden ula\u015fabildi\u011fi herkesin akl\u0131n\u0131 kullan\u0131r. Peki, bu nas\u0131l m\u00fcmk\u00fcn olacak?<span class=\"excerpt-hellip\"> [\u2026]<\/span><\/p>\n","protected":false},"featured_media":0,"template":"","meta":{"_monsterinsights_skip_tracking":false,"_monsterinsights_sitenote_active":false,"_monsterinsights_sitenote_note":"","_monsterinsights_sitenote_category":0},"product_brand":[],"product_cat":[12291,12711],"product_tag":[],"class_list":{"0":"post-754550","1":"product","2":"type-product","3":"status-publish","5":"product_cat-edebiyat","6":"product_cat-roman-oyku","7":"pa_cilt-ciltsiz","8":"pa_tur-kitap","9":"pa_yayinevi-soncag","10":"pa_yazar-halil-cikriklar","12":"first","13":"instock","14":"sale","15":"shipping-taxable","16":"purchasable","17":"product-type-simple"},"_links":{"self":[{"href":"https:\/\/roveyayinevi.com.tr\/index.php\/wp-json\/wp\/v2\/product\/754550","targetHints":{"allow":["GET"]}}],"collection":[{"href":"https:\/\/roveyayinevi.com.tr\/index.php\/wp-json\/wp\/v2\/product"}],"about":[{"href":"https:\/\/roveyayinevi.com.tr\/index.php\/wp-json\/wp\/v2\/types\/product"}],"wp:attachment":[{"href":"https:\/\/roveyayinevi.com.tr\/index.php\/wp-json\/wp\/v2\/media?parent=754550"}],"wp:term":[{"taxonomy":"product_brand","embeddable":true,"href":"https:\/\/roveyayinevi.com.tr\/index.php\/wp-json\/wp\/v2\/product_brand?post=754550"},{"taxonomy":"product_cat","embeddable":true,"href":"https:\/\/roveyayinevi.com.tr\/index.php\/wp-json\/wp\/v2\/product_cat?post=754550"},{"taxonomy":"product_tag","embeddable":true,"href":"https:\/\/roveyayinevi.com.tr\/index.php\/wp-json\/wp\/v2\/product_tag?post=754550"}],"curies":[{"name":"wp","href":"https:\/\/api.w.org\/{rel}","templated":true}]}}