{"id":754549,"date":"2025-08-28T06:14:11","date_gmt":"2025-08-28T03:14:11","guid":{"rendered":"https:\/\/roveyayinevi.com.tr\/index.php\/urun\/o-panda-benim\/"},"modified":"2026-04-15T03:18:09","modified_gmt":"2026-04-15T00:18:09","slug":"o-panda-benim","status":"publish","type":"product","link":"https:\/\/roveyayinevi.com.tr\/index.php\/urun\/o-panda-benim\/","title":{"rendered":"O Panda Benim"},"content":{"rendered":"<p>Y\u00fczlerce ki\u015fisel geli\u015fim ve ileti\u015fim semineri; binlerce ki\u015fisel geli\u015fim, dil e\u011fitimi ve fark\u0131ndal\u0131k videosu ile tan\u0131nan Haluk Tatar, okurlar\u0131yla bu kez O Panda Benim kitab\u0131yla bulu\u015fuyor. O Panda Benim, i\u00e7inden \u00e7\u0131k\u0131lamayan durumlarda uzanan dost elini ve iyi niyet ta\u015flar\u0131yla d\u00f6\u015fenen yollar\u0131 anlat\u0131yor. Bu kitapta dostluk, evlilik ve delirme \u00fczerine ders veren bir b\u00fcy\u00fcleyici bir hik\u00e2ye sizi bekliyor. Yeniden ba\u015flamak, g\u00fcvenmek ve affetmek \u00fczerine d\u00fc\u015f\u00fcnd\u00fcren O Panda Benim ile an geliyor korkular\u0131m\u0131zla y\u00fczle\u015fiyoruz, an geliyor delili\u011fimizden utan\u0131yoruz. Zaten Haluk Tatar da \u201cHerkesin bir hik\u00e2yesi var. Hik\u00e2yeler, insanlar\u0131n b\u00fcy\u00fcs\u00fcd\u00fcr.\u201d diyerek anlatmaya ba\u015fl\u0131yor ve ekliyor: \u201cBa\u015ftan uyaray\u0131m. Bu kitapta okuyacaklar\u0131n\u0131, bana deli deme diye olabildi\u011fince yumu\u015fatt\u0131m. Olaylar burada okuyacaklar\u0131ndan daha da vahim ve inan\u0131lmas\u0131 zor \u015fekildeydi. Birazdan okuyacaklar\u0131n\u0131n hepsinin a\u00e7\u0131klamas\u0131 da, yine bu kitap bitmeden sana verilmi\u015f olacak.\u201d <\/p>\n","protected":false},"excerpt":{"rendered":"<p>Y\u00fczlerce ki\u015fisel geli\u015fim ve ileti\u015fim semineri; binlerce ki\u015fisel geli\u015fim, dil e\u011fitimi ve fark\u0131ndal\u0131k videosu ile tan\u0131nan Haluk Tatar, okurlar\u0131yla bu kez O Panda Benim kitab\u0131yla bulu\u015fuyor.<span class=\"excerpt-hellip\"> [\u2026]<\/span><\/p>\n","protected":false},"featured_media":0,"template":"","meta":{"_monsterinsights_skip_tracking":false,"_monsterinsights_sitenote_active":false,"_monsterinsights_sitenote_note":"","_monsterinsights_sitenote_category":0},"product_brand":[],"product_cat":[12364,12376],"product_tag":[],"class_list":{"0":"post-754549","1":"product","2":"type-product","3":"status-publish","5":"product_cat-genel-konular","6":"product_cat-kisisel-gelisim","7":"pa_cilt-ciltsiz","8":"pa_tur-kitap","9":"pa_yayinevi-inkilap-kitabevi","10":"pa_yazar-haluk-tatar","12":"first","13":"instock","14":"sale","15":"shipping-taxable","16":"purchasable","17":"product-type-simple"},"_links":{"self":[{"href":"https:\/\/roveyayinevi.com.tr\/index.php\/wp-json\/wp\/v2\/product\/754549","targetHints":{"allow":["GET"]}}],"collection":[{"href":"https:\/\/roveyayinevi.com.tr\/index.php\/wp-json\/wp\/v2\/product"}],"about":[{"href":"https:\/\/roveyayinevi.com.tr\/index.php\/wp-json\/wp\/v2\/types\/product"}],"wp:attachment":[{"href":"https:\/\/roveyayinevi.com.tr\/index.php\/wp-json\/wp\/v2\/media?parent=754549"}],"wp:term":[{"taxonomy":"product_brand","embeddable":true,"href":"https:\/\/roveyayinevi.com.tr\/index.php\/wp-json\/wp\/v2\/product_brand?post=754549"},{"taxonomy":"product_cat","embeddable":true,"href":"https:\/\/roveyayinevi.com.tr\/index.php\/wp-json\/wp\/v2\/product_cat?post=754549"},{"taxonomy":"product_tag","embeddable":true,"href":"https:\/\/roveyayinevi.com.tr\/index.php\/wp-json\/wp\/v2\/product_tag?post=754549"}],"curies":[{"name":"wp","href":"https:\/\/api.w.org\/{rel}","templated":true}]}}