{"id":754547,"date":"2025-08-28T06:14:07","date_gmt":"2025-08-28T03:14:07","guid":{"rendered":"https:\/\/roveyayinevi.com.tr\/index.php\/urun\/babami-yutan-kitaplar\/"},"modified":"2026-04-16T03:07:52","modified_gmt":"2026-04-16T00:07:52","slug":"babami-yutan-kitaplar","status":"publish","type":"product","link":"https:\/\/roveyayinevi.com.tr\/index.php\/urun\/babami-yutan-kitaplar\/","title":{"rendered":"Babam\u0131 Yutan Kitaplar"},"content":{"rendered":"<p>Vivaldo Bonfim, i\u015finden s\u0131k\u0131lm\u0131\u015f ve kendisini edebiyata vermi\u015f bir memurdur. Bir g\u00fcn i\u015f yerinde \u00e7al\u0131\u015f\u0131yormu\u015f numaras\u0131 yap\u0131p kitap okurken bu d\u00fcnyadan kayboluverir.   Elias Bonfim, babas\u0131n\u0131 hi\u00e7 g\u00f6rmemi\u015ftir ve kitaplar arac\u0131l\u0131\u011f\u0131yla edebiyat d\u00fcnyas\u0131nda derin bir aray\u0131\u015fa giri\u015fir: K\u00e2h kanla boyal\u0131 ceketiyle ate\u015fler i\u00e7inde yatan Raskolnikov\u2019dan hareketle k\u00e2h Chuang Tzu\u2019nun kelebek d\u00fc\u015f\u00fcyle.   \u201cDostoyevski\u2019den Lao Tzu\u2019ya, Bradbury\u2019den Chuang Tzu\u2019ya uzanan edeb\u00ee yolda d\u00fc\u015flerle \u00f6r\u00fcl\u00fc sorgulayan ad\u0131mlar\u2026 Mutlaka okunmal\u0131.\u201d FAB\u0130SAD, G\u0130O 2022 Roman Ba\u015far\u0131 \u00d6d\u00fcll\u00fc Efsun Soka\u011f\u0131 137 yazar\u0131 \u015eeref Atak <\/p>\n","protected":false},"excerpt":{"rendered":"<p>Vivaldo Bonfim, i\u015finden s\u0131k\u0131lm\u0131\u015f ve kendisini edebiyata vermi\u015f bir memurdur. Bir g\u00fcn i\u015f yerinde \u00e7al\u0131\u015f\u0131yormu\u015f numaras\u0131 yap\u0131p kitap okurken bu d\u00fcnyadan kayboluverir. Elias Bonfim, babas\u0131n\u0131 hi\u00e7<span class=\"excerpt-hellip\"> [\u2026]<\/span><\/p>\n","protected":false},"featured_media":0,"template":"","meta":{"_monsterinsights_skip_tracking":false,"_monsterinsights_sitenote_active":false,"_monsterinsights_sitenote_note":"","_monsterinsights_sitenote_category":0},"product_brand":[],"product_cat":[12291,12711],"product_tag":[],"class_list":{"0":"post-754547","1":"product","2":"type-product","3":"status-publish","5":"product_cat-edebiyat","6":"product_cat-roman-oyku","7":"pa_cilt-ciltsiz","8":"pa_tur-kitap","9":"pa_yayinevi-sms-yayinlari","10":"pa_yazar-afonso-cruz","12":"first","13":"instock","14":"sale","15":"shipping-taxable","16":"purchasable","17":"product-type-simple"},"_links":{"self":[{"href":"https:\/\/roveyayinevi.com.tr\/index.php\/wp-json\/wp\/v2\/product\/754547","targetHints":{"allow":["GET"]}}],"collection":[{"href":"https:\/\/roveyayinevi.com.tr\/index.php\/wp-json\/wp\/v2\/product"}],"about":[{"href":"https:\/\/roveyayinevi.com.tr\/index.php\/wp-json\/wp\/v2\/types\/product"}],"wp:attachment":[{"href":"https:\/\/roveyayinevi.com.tr\/index.php\/wp-json\/wp\/v2\/media?parent=754547"}],"wp:term":[{"taxonomy":"product_brand","embeddable":true,"href":"https:\/\/roveyayinevi.com.tr\/index.php\/wp-json\/wp\/v2\/product_brand?post=754547"},{"taxonomy":"product_cat","embeddable":true,"href":"https:\/\/roveyayinevi.com.tr\/index.php\/wp-json\/wp\/v2\/product_cat?post=754547"},{"taxonomy":"product_tag","embeddable":true,"href":"https:\/\/roveyayinevi.com.tr\/index.php\/wp-json\/wp\/v2\/product_tag?post=754547"}],"curies":[{"name":"wp","href":"https:\/\/api.w.org\/{rel}","templated":true}]}}