{"id":754545,"date":"2025-08-28T06:14:02","date_gmt":"2025-08-28T03:14:02","guid":{"rendered":"https:\/\/roveyayinevi.com.tr\/index.php\/urun\/cinardaki-izler\/"},"modified":"2026-04-03T03:09:40","modified_gmt":"2026-04-03T00:09:40","slug":"cinardaki-izler","status":"publish","type":"product","link":"https:\/\/roveyayinevi.com.tr\/index.php\/urun\/cinardaki-izler\/","title":{"rendered":"\u00c7\u0131nardaki \u0130zler"},"content":{"rendered":"<p>Sahilden i\u00e7 kesimlere do\u011fru gidildi\u011finde Karadeniz\u2019de zordur ya\u015fam. Tek ge\u00e7im kayna\u011f\u0131 olan f\u0131nd\u0131\u011f\u0131n her y\u0131l olmay\u0131\u015f\u0131n\u0131n yan\u0131nda, oldu\u011fu zamanlar gerek dal\u0131ndan toplanmas\u0131, gerekse kurutulmas\u0131 i\u00e7in her sabah kalkar kalkmaz g\u00f6z\u00fcn\u00fc da\u011flar\u0131n tepesine \u00e7evirip hava tahmini yapan insanlar&#8230; Ya\u011fmur \u00e7amur demeden zamana kar\u015f\u0131 yar\u0131\u015fan bu insanlar\u0131n daha iyi bir gelecek i\u00e7in verdikleri hayat m\u00fccadelesi. Tek umutlar\u0131 olan f\u0131nd\u0131\u011f\u0131n ger\u00e7ek de\u011ferine sat\u0131lmas\u0131 i\u00e7in belirlenecek olan taban fiyat hayalleri&#8230; B\u00fct\u00fcn bu zorluklar i\u00e7inde b\u00fcy\u00fcyen gen\u00e7ler geleceklerini ba\u015fka yerlerde, ba\u015fka alanlarda aramaya ba\u015flar. \u00c7\u00f6z\u00fcm bellidir asl\u0131nda: okumak, \u015fehre yerle\u015fmek, gelece\u011fi oralarda aramak. Gen\u00e7ler bu hayalleri u\u011fruna evlerini terk eder, her t\u00fcrl\u00fc zorlu\u011fa katlan\u0131p okuma m\u00fccadelesi verirler. Okumayan veya okutulmayanlar ise \u0130stanbul\u2019a gitmenin, oralarda gelecek araman\u0131n hayallerini kurarlar hep. Bu romanda daha iyi bir ya\u015fam i\u00e7in okuma m\u00fccadelesi veren k\u00f6y gen\u00e7lerinin iz b\u0131rakan ya\u015fam \u00f6yk\u00fclerini ve f\u0131nd\u0131k bah\u00e7elerinde ba\u015flay\u0131p nerede bitece\u011fi belli olmayan a\u015fklar\u0131n\u0131 bulacaks\u0131n\u0131z. <\/p>\n","protected":false},"excerpt":{"rendered":"<p>Sahilden i\u00e7 kesimlere do\u011fru gidildi\u011finde Karadeniz\u2019de zordur ya\u015fam. Tek ge\u00e7im kayna\u011f\u0131 olan f\u0131nd\u0131\u011f\u0131n her y\u0131l olmay\u0131\u015f\u0131n\u0131n yan\u0131nda, oldu\u011fu zamanlar gerek dal\u0131ndan toplanmas\u0131, gerekse kurutulmas\u0131 i\u00e7in her<span class=\"excerpt-hellip\"> [\u2026]<\/span><\/p>\n","protected":false},"featured_media":0,"template":"","meta":{"_monsterinsights_skip_tracking":false,"_monsterinsights_sitenote_active":false,"_monsterinsights_sitenote_note":"","_monsterinsights_sitenote_category":0},"product_brand":[],"product_cat":[12291,12711],"product_tag":[],"class_list":{"0":"post-754545","1":"product","2":"type-product","3":"status-publish","5":"product_cat-edebiyat","6":"product_cat-roman-oyku","7":"pa_cilt-ciltsiz","8":"pa_tur-kitap","9":"pa_yayinevi-gulnar-yayinlari","10":"pa_yazar-yakup-gulacti","12":"first","13":"instock","14":"sale","15":"shipping-taxable","16":"purchasable","17":"product-type-simple"},"_links":{"self":[{"href":"https:\/\/roveyayinevi.com.tr\/index.php\/wp-json\/wp\/v2\/product\/754545","targetHints":{"allow":["GET"]}}],"collection":[{"href":"https:\/\/roveyayinevi.com.tr\/index.php\/wp-json\/wp\/v2\/product"}],"about":[{"href":"https:\/\/roveyayinevi.com.tr\/index.php\/wp-json\/wp\/v2\/types\/product"}],"wp:attachment":[{"href":"https:\/\/roveyayinevi.com.tr\/index.php\/wp-json\/wp\/v2\/media?parent=754545"}],"wp:term":[{"taxonomy":"product_brand","embeddable":true,"href":"https:\/\/roveyayinevi.com.tr\/index.php\/wp-json\/wp\/v2\/product_brand?post=754545"},{"taxonomy":"product_cat","embeddable":true,"href":"https:\/\/roveyayinevi.com.tr\/index.php\/wp-json\/wp\/v2\/product_cat?post=754545"},{"taxonomy":"product_tag","embeddable":true,"href":"https:\/\/roveyayinevi.com.tr\/index.php\/wp-json\/wp\/v2\/product_tag?post=754545"}],"curies":[{"name":"wp","href":"https:\/\/api.w.org\/{rel}","templated":true}]}}