{"id":754543,"date":"2025-08-28T06:13:59","date_gmt":"2025-08-28T03:13:59","guid":{"rendered":"https:\/\/roveyayinevi.com.tr\/index.php\/urun\/gurultu\/"},"modified":"2025-11-21T09:40:24","modified_gmt":"2025-11-21T06:40:24","slug":"gurultu","status":"publish","type":"product","link":"https:\/\/roveyayinevi.com.tr\/index.php\/urun\/gurultu\/","title":{"rendered":"G\u00fcr\u00fclt\u00fc"},"content":{"rendered":"<p>NEREDE \u0130NSAN YARGISI VARSA ORADA G\u00dcR\u00dcLT\u00dc VARDIR\u2026   Ayn\u0131 \u015fehirdeki iki doktorun ayn\u0131 hastalara farkl\u0131 te\u015fhisler koydu\u011funu ya da ayn\u0131 mahkemedeki iki h\u00e2kimin ayn\u0131 su\u00e7lar\u0131 i\u015fleyen ki\u015filere farkl\u0131 cezalar verdi\u011fini d\u00fc\u015f\u00fcn\u00fcn. \u015eimdi ayn\u0131 doktorun ve ayn\u0131 h\u00e2kimin, sabah veya \u00f6\u011fleden sonra ya da \u00e7ar\u015famba yerine pazartesi olmas\u0131na yahut hen\u00fcz \u00f6\u011fle yeme\u011fi yememesine ba\u011fl\u0131 olarak farkl\u0131 kararlar verdi\u011fini hayal edin. \u0130\u015fte bu ayn\u0131 olmas\u0131 gereken yarg\u0131lardaki de\u011fi\u015fkenlik, g\u00fcr\u00fclt\u00fc \u00f6rnekleridir.   G\u00fcr\u00fclt\u00fc kitab\u0131nda Daniel Kahneman, Olivier Sibony ve Cass R. Sunstein; t\u0131p, hukuk, halk sa\u011fl\u0131\u011f\u0131, ekonomik tahmin, adli t\u0131p, \u00e7ocuk koruma, yarat\u0131c\u0131 strateji, performans incelemesi ve i\u015fe alma d\u00e2hil olmak \u00fczere bir\u00e7ok alanda g\u00fcr\u00fclt\u00fcn\u00fcn nas\u0131l hatalar \u00fcretti\u011fini g\u00f6steriyor. Her ne kadar insanlar\u0131n yarg\u0131da bulundu\u011fu ve karar verdi\u011fi her yerde g\u00fcr\u00fclt\u00fc bulunabilse de, bireyler ve kurulu\u015flar benzer \u015fekilde g\u00fcr\u00fclt\u00fcn\u00fcn etkisini g\u00f6rmezden gelirler.   Yeni fikirlerle dolu G\u00fcr\u00fclt\u00fc, insanlar\u0131n karar verme s\u00fcrecinde g\u00fcr\u00fclt\u00fcye ve \u00f6n yarg\u0131ya nas\u0131l ve neden bu kadar duyarl\u0131 oldu\u011funu a\u00e7\u0131kl\u0131yor. Hepimiz d\u00fc\u015f\u00fcnd\u00fc\u011f\u00fcm\u00fczden daha fazla k\u00f6t\u00fc kararlar veririz. Birka\u00e7 basit \u00e7\u00f6z\u00fcm sunan bu \u00e7\u0131\u011f\u0131r a\u00e7\u0131c\u0131 kitap, nas\u0131l daha iyi yarg\u0131da bulunabilece\u011fimizi ortaya koyuyor.     \u201cAn\u0131tsal bir eser. G\u00fcr\u00fclt\u00fc, son on y\u0131l i\u00e7inde okudu\u011fum en \u00f6nemli kitap olabilir. Ger\u00e7ekten yeni bir fikir ortaya koyuyor. Laf aram\u0131zda bu o kadar \u00f6nemli bir fikir ki hemen uygulamaya koyacaks\u0131n\u0131z.\u201d Prof. Dr. Angela Duckworth, Azim Kitab\u0131n\u0131n Yazar\u0131   \u201c\u00dcretken olmayan politikalar\u0131n en b\u00fcy\u00fck kayna\u011f\u0131 san\u0131lan\u0131n aksine \u00f6n yarg\u0131lar, yolsuzluk ve k\u00f6t\u00fc niyet de\u011fil, \u2018sezgi, cehalet ve atalet\u2019tir. Bu \u00fc\u00e7 k\u00f6t\u00fcl\u00fc\u011f\u00fcn ne kadar yayg\u0131n oldu\u011funu ve onlarla sava\u015fmak i\u00e7in neler yapabilece\u011fimizi \u00e7ok net bir \u015fekilde ortaya koyan G\u00fcr\u00fclt\u00fc, \u00e7ok temel ve ufuk a\u00e7\u0131c\u0131 bir okuma sunuyor.\u201d Prof. Dr. Esther Duflo, 2019 Nobel Ekonomi \u00d6d\u00fcll\u00fc Yazar   \u201cYazarlar, insan yarg\u0131s\u0131ndaki kusurlara dair benzersiz ve yeni i\u00e7g\u00f6r\u00fclerini insan \u00e7abas\u0131n\u0131n her alan\u0131na zekice uyguluyorlar\u2026 G\u00fcr\u00fclt\u00fc, psikoloji alan\u0131nda bir d\u00f6n\u00fcm noktas\u0131 yarat\u0131yor.\u201d Prof. Dr. Philip E. Tetlock   \u201c\u0130nsanlar\u0131 nas\u0131l de\u011ferlendirdi\u011finizi, nas\u0131l karar verdi\u011finizi ve sorunlar\u0131 nas\u0131l \u00e7\u00f6zece\u011finizi yeniden d\u00fc\u015f\u00fcnmenize yard\u0131mc\u0131 olacak d\u00fcnyan\u0131n en b\u00fcy\u00fck beyinlerinden \u00fc\u00e7\u00fcn\u00fc okumaya haz\u0131r olun.\u201d Prof. Dr. Adam Grant   \u201cG\u00fcr\u00fclt\u00fc, g\u00f6zlerden uzak bir yerde saklanan devasa bir toplumsal soruna y\u00f6nelik m\u00fckemmel bir incelemedir.\u201d Prof. Dr. Steven Levitt   \u201cKahneman, Sibony ve Sunstein bir fil kadar b\u00fcy\u00fck bir problem ke\u015ffettiler: g\u00fcr\u00fclt\u00fc. Bu ilham verici kitapta bize g\u00fcr\u00fclt\u00fcn\u00fcn neden \u00f6nemli oldu\u011funu, neden fark etti\u011fimizden \u00e7ok daha fazla oldu\u011funu ve onu nas\u0131l azaltabilece\u011fimizi g\u00f6steriyorlar. Onlar\u0131n tavsiyelerini uygulamak bize daha k\u00e2rl\u0131 i\u015fler, daha sa\u011fl\u0131kl\u0131 vatanda\u015flar, daha adil bir hukuk sistemi ve daha mutlu hayatlar sa\u011flayacakt\u0131r.\u201d Prof. Dr. Jonathan Haidt   \u201cAkademik anlamda tam bir g\u00fc\u00e7 g\u00f6sterisi ortaya koyan G\u00fcr\u00fclt\u00fc, insan\u0131n yarg\u0131da bulunurken neler ya\u015fad\u0131\u011f\u0131n\u0131 g\u00f6zler \u00f6n\u00fcne seriyor.\u201d The New York Times   \u201cBu s\u00fcr\u00fckleyici kitab\u0131n bir ba\u015fyap\u0131t oldu\u011funu s\u00f6ylemekten \u00e7ekinmemeli. \u0130nsan\u0131 yarg\u0131 konusunda d\u00fc\u015f\u00fcnmeye sevk eden G\u00fcr\u00fclt\u00fc ile bu \u00fc\u00e7 yazar, d\u00fcnya hakk\u0131nda d\u00fc\u015f\u00fcnme \u015feklimizi de\u011fi\u015ftirdi. Karar verme ve ya\u015famlar\u0131m\u0131z\u0131 d\u00fczenleme bi\u00e7imimizi derinlemesine inceleyen G\u00fcr\u00fclt\u00fc, yak\u0131n ge\u00e7mi\u015fimize dair kaba basitle\u015ftirmelerin yerini almas\u0131n\u0131n yan\u0131 s\u0131ra insan meselesinin daha karma\u015f\u0131k ve daha ger\u00e7ek\u00e7i bir \u015fekilde kavranmas\u0131na giden yolda at\u0131lan bir sonraki ad\u0131md\u0131r.\u201d The Sunday Times   \u201cG\u00fcr\u00fclt\u00fc, yazarlar\u0131ndan beklenebilece\u011fi gibi \u00f6nemli bir konuya kar\u015f\u0131 titiz bir yakla\u015f\u0131m geli\u015ftirmi\u015f\u2026 Kitab\u0131 okurken \u00e7ok \u015fa\u015f\u0131racaks\u0131n\u0131z. Bili\u015fsel \u00f6n yarg\u0131larla ilgili literat\u00fcr\u00fc \u00f6nemli buluyorsan\u0131z, G\u00fcr\u00fclt\u00fc\u2019n\u00fcn bu alana de\u011ferli bir katk\u0131 yapt\u0131\u011f\u0131n\u0131 g\u00f6receksiniz.\u201d Danny Finkelstein, The Times   \u201cA\u00e7\u0131k\u00e7as\u0131 G\u00fcr\u00fclt\u00fc, son derece s\u0131ra d\u0131\u015f\u0131 bir kitap. Yazarlar yarg\u0131ya var\u0131rken ya\u015fanan sorunlara dair derinlemesine g\u00f6zlemlerini sarih bir \u015fekilde ortaya koymu\u015f. \u00c7ok say\u0131da b\u00fcy\u00fcleyici vaka \u00e7al\u0131\u015fmas\u0131yla birlikte, b\u00fcy\u00fck bir probleme y\u00f6nelik tatmin edici bir \u00e7\u00f6z\u00fcm geli\u015ftirmi\u015fler. Kabul edelim art\u0131k, insanlar genellikle yarg\u0131ya var\u0131rken k\u00f6t\u00fc bir tecr\u00fcbe ya\u015farlar. \u0130\u015fte G\u00fcr\u00fclt\u00fc, nas\u0131l daha iyi olabilece\u011fimizi g\u00f6steriyor.\u201d Martha Gill, The Evening Standard   \u201cOlduk\u00e7a ikna edici\u2026 g\u00fcr\u00fclt\u00fc nedir sorusuna verilmi\u015f m\u00fckemmel bir yan\u0131t.\u201d The Financial Times \u201cSe\u00e7im yapmak \u00f6nemlidir. Maalesef insanlar\u0131n yapt\u0131\u011f\u0131 se\u00e7imlerin \u00e7o\u011fu, bu kesinlikle b\u00fcy\u00fcleyici ve temel kitab\u0131n konusu olan g\u00fcr\u00fclt\u00fcn\u00fcn varl\u0131\u011f\u0131 nedeniyle temelde kusurludur. \u0130nsan\u0131n yarg\u0131 s\u00fcrecini iyi ara\u015ft\u0131rm\u0131\u015f ve bu s\u00fcrecin arazlar\u0131n\u0131 \u00e7ok net bir \u015fekilde tespit etmi\u015f bir kitap var elimde. A\u00e7\u0131k\u00e7as\u0131 neyle kar\u015f\u0131la\u015faca\u011f\u0131m\u0131 bilmeden ba\u015flad\u0131\u011f\u0131m G\u00fcr\u00fclt\u00fc\u2019y\u00fc alk\u0131\u015flarla bitirdim. \u0130\u015f, siyaset ve \u00f6zel hayat\u0131m\u0131zda daha iyi se\u00e7imler yapabiliriz. Bu kitap yolu ayd\u0131nlat\u0131yor.\u201d Rita McGrath \u201cG\u00fcr\u00fclt\u00fc sismik bir etki yaratm\u0131\u015ft\u0131r \u00e7\u00fcnk\u00fc insan yarg\u0131s\u0131nda bulunan temel ancak fazlas\u0131yla hafife al\u0131nm\u0131\u015f bir tehlikeyi g\u00f6zler \u00f6n\u00fcne sermi\u015ftir.\u201d Robert Cialdini, Evet!: \u0130kna Etmenin Bilimsel Olarak Kan\u0131tlanm\u0131\u015f 50 Yolu kitab\u0131n\u0131n e\u015f yazar\u0131 \u201cMuhte\u015fem! G\u00fcr\u00fclt\u00fc, insan yarg\u0131s\u0131nda yeterince takdir edilmeyen bir hata kayna\u011f\u0131n\u0131n derinliklerine iniyor: rastgele olma h\u00e2li. G\u00fcr\u00fclt\u00fcn\u00fcn hik\u00e2yesi, \u015fimdiye kadar bili\u015fsel \u00f6n yarg\u0131 hik\u00e2yesinin etkileyicili\u011finden yoksundu. Kahneman, Sibony ve Sunstein g\u00fcr\u00fclt\u00fcye hayat vererek, insan yarg\u0131s\u0131ndaki rastgele varyasyonlar\u0131 neden \u00f6n yarg\u0131l\u0131 oldu\u011fumuz kadar ciddiye almam\u0131z gerekti\u011fine dair ikna edici bir \u00f6rnek olu\u015fturuyor ve yarg\u0131da g\u00fcr\u00fclt\u00fcy\u00fc (ve \u00f6n yarg\u0131y\u0131) azaltmak i\u00e7in pratik \u00e7\u00f6z\u00fcmler sunuyor.\u201d Annie Duke \u201cG\u00fcr\u00fclt\u00fc, mevcut davran\u0131\u015fsal iktisat literat\u00fcr\u00fcn\u00fcn \u00e7o\u011funda olmayan, karar verme s\u00fcrecini iyile\u015ftirmek i\u00e7in gereken kritik bir kald\u0131rac\u0131 ortaya \u00e7\u0131kar\u0131yor. \u015eirketiniz i\u00e7in alaca\u011f\u0131n\u0131z kararlar\u0131 yok etmeden \u00f6nce, sizi G\u00fcr\u00fclt\u00fc\u2019y\u00fc okumaya davet ediyorum.\u201d Max H. Bazerman   \u201c\u0130yi ara\u015ft\u0131r\u0131lm\u0131\u015f, inand\u0131r\u0131c\u0131 ve pratik bir kitap\u2026 Yazarlara bak\u0131yorum ve bir y\u0131ld\u0131zlar ge\u00e7idi g\u00f6r\u00fcyorum\u2026 Ayr\u0131nt\u0131lar ve kan\u0131tlar, g\u00fcr\u00fclt\u00fc konusunda sundu\u011fu \u00e7oklu bak\u0131\u015f a\u00e7\u0131lar\u0131 gibi titiz ve talepk\u00e2r okuyucular\u0131 tatmin edecek. Her akademisyen, politika yap\u0131c\u0131, lider ve dan\u0131\u015fman bu kitab\u0131 okumal\u0131. G\u00fcr\u00fclt\u00fc\u2019deki i\u00e7g\u00f6r\u00fcleri uygulamak i\u00e7in gereken g\u00fcce ve \u0131srarc\u0131l\u0131\u011fa sahip ki\u015filer daha insanc\u0131l ve adil kararlar alacak, hayat kurtaracak ve zaman, para ve yeteneklerin bo\u015fa gitmesini \u00f6nleyecektir.\u201d Robert Sutton, The Washington Post   \u201cAyd\u0131nlat\u0131c\u0131 \u00f6rneklerle dolu enfes bir \u00e7al\u0131\u015fma. G\u00fcr\u00fclt\u00fc, karar vericiler, \u0130K departmanlar\u0131 ve m\u00fchendisler, sosyal hizmet uzmanlar\u0131 veya teknik direkt\u00f6rler i\u00e7in referans bir \u00e7al\u0131\u015fma olma potansiyeline sahiptir.\u201d Frankfurter Allgemeine Zeitung   \u201cKahneman, yarg\u0131 konusunu kapam\u0131\u015f.\u201d Die Zeit   \u201cD\u00fcnyay\u0131 daha iyi bir yer h\u00e2line getirmek i\u00e7in gereken her \u015feye sahip kitaplar var. G\u00fcr\u00fclt\u00fc de onlardan biri. Siz siz olun bu yazarlar\u0131 takip etmeyi b\u0131rakmay\u0131n.\u201d bild der wissenschaft   \u201cAsl\u0131nda o kadar da basit olmayan bir malzemeyi derinlemesine ara\u015ft\u0131ran, ara\u015ft\u0131rd\u0131k\u00e7a da daha fazla \u2018hakl\u0131ym\u0131\u015f\u2019 dedirten sa\u011flam bir kuramsal \u00e7al\u0131\u015fma. Bu da yetmezmi\u015f gibi rastgele dalgalanma \u00f6rneklerinin esnekli\u011fi ile de etkileyici.\u201d Handelsblatt   \u201cH\u00fcmanist bir savunma: G\u00fcr\u00fclt\u00fcyle m\u00fccadele etseydik, d\u00fcnya daha adil olurdu. Bu kitap sadece karar vericiler i\u00e7in de\u011fil, bunu bilin. Bu bir uyan\u0131\u015f \u00e7a\u011fr\u0131s\u0131\u2026 ve harika bir f\u0131rsat.\u201d P.M.   \u201cGer\u00e7ek d\u00fcnyada, ders kitab\u0131n\u0131n \u00f6tesindeki yarg\u0131larla ilgileniyorsan\u0131z, Kahneman ve arkada\u015flar\u0131n\u0131 okumal\u0131s\u0131n\u0131z.\u201d Frankfurter Allgemeine Zeitung   \u201c\u0130nsan zihninin heyecan verici bir ke\u015ffi. Bu kitap \u00f6n yarg\u0131n\u0131n boyutu ve kapsam\u0131 hakk\u0131ndaki d\u00fc\u015f\u00fcncelerimizi kal\u0131c\u0131 olarak de\u011fi\u015ftirecek.\u201d David Lammy, Birle\u015fik Krall\u0131k Tottenham Milletvekili <\/p>\n","protected":false},"excerpt":{"rendered":"<p>NEREDE \u0130NSAN YARGISI VARSA ORADA G\u00dcR\u00dcLT\u00dc VARDIR\u2026 Ayn\u0131 \u015fehirdeki iki doktorun ayn\u0131 hastalara farkl\u0131 te\u015fhisler koydu\u011funu ya da ayn\u0131 mahkemedeki iki h\u00e2kimin ayn\u0131 su\u00e7lar\u0131 i\u015fleyen ki\u015filere<span class=\"excerpt-hellip\"> [\u2026]<\/span><\/p>\n","protected":false},"featured_media":0,"template":"","meta":{"_monsterinsights_skip_tracking":false,"_monsterinsights_sitenote_active":false,"_monsterinsights_sitenote_note":"","_monsterinsights_sitenote_category":0},"product_brand":[],"product_cat":[12357],"product_tag":[],"class_list":{"0":"post-754543","1":"product","2":"type-product","3":"status-publish","5":"product_cat-psikoloji","6":"pa_cilt-ciltsiz","7":"pa_tur-kitap","8":"pa_yayinevi-pegasus-yayinlari","9":"pa_yazar-daniel-kahneman-olivier-sibony-cass-r-sunstein","11":"first","12":"instock","13":"sale","14":"shipping-taxable","15":"purchasable","16":"product-type-simple"},"_links":{"self":[{"href":"https:\/\/roveyayinevi.com.tr\/index.php\/wp-json\/wp\/v2\/product\/754543","targetHints":{"allow":["GET"]}}],"collection":[{"href":"https:\/\/roveyayinevi.com.tr\/index.php\/wp-json\/wp\/v2\/product"}],"about":[{"href":"https:\/\/roveyayinevi.com.tr\/index.php\/wp-json\/wp\/v2\/types\/product"}],"wp:attachment":[{"href":"https:\/\/roveyayinevi.com.tr\/index.php\/wp-json\/wp\/v2\/media?parent=754543"}],"wp:term":[{"taxonomy":"product_brand","embeddable":true,"href":"https:\/\/roveyayinevi.com.tr\/index.php\/wp-json\/wp\/v2\/product_brand?post=754543"},{"taxonomy":"product_cat","embeddable":true,"href":"https:\/\/roveyayinevi.com.tr\/index.php\/wp-json\/wp\/v2\/product_cat?post=754543"},{"taxonomy":"product_tag","embeddable":true,"href":"https:\/\/roveyayinevi.com.tr\/index.php\/wp-json\/wp\/v2\/product_tag?post=754543"}],"curies":[{"name":"wp","href":"https:\/\/api.w.org\/{rel}","templated":true}]}}