{"id":754542,"date":"2025-08-28T06:13:58","date_gmt":"2025-08-28T03:13:58","guid":{"rendered":"https:\/\/roveyayinevi.com.tr\/index.php\/urun\/cekingen-cocuk\/"},"modified":"2025-11-07T09:35:22","modified_gmt":"2025-11-07T06:35:22","slug":"cekingen-cocuk","status":"publish","type":"product","link":"https:\/\/roveyayinevi.com.tr\/index.php\/urun\/cekingen-cocuk\/","title":{"rendered":"\u00c7ekingen \u00c7ocuk"},"content":{"rendered":"<p>K\u00fc\u00e7\u00fckl\u00fckten Yeti\u015fkinli\u011fe \u00c7ekingenli\u011fin \u00dcstesinden Gelme ve \u00d6n\u00fcne Ge\u00e7me   K\u00fc\u00e7\u00fck \u00c7ocuklarda ve Ergenlerde \u00c7ekingenli\u011fi A\u015fmak ve \u00d6nlemek i\u00e7in Kapsaml\u0131 Bir Ebeveyn Rehberi    ABD\u2019de her be\u015f ki\u015fiden ikisi kendini \u201c\u00e7ekingen\u201d olarak tan\u0131ml\u0131yor. Ancak \u00e7ekingenlik meselesinde \u00fclkenin en yetkin isimlerinden Dr. Philip Zimbardo\u2019ya g\u00f6re \u00e7ekingenli\u011fin \u00fcstesinden gelmek m\u00fcmk\u00fcn. Shirley Radl ile birlikte yazd\u0131klar\u0131 bu kitapta Dr. Zimbardo, \u00e7ocukluktan yeti\u015fkinli\u011fe dek \u00e7ekingenli\u011fi a\u015fma ve \u00f6nleme ama\u00e7l\u0131 bir program sunuyor. \u00c7ekingen \u00c7ocuk, Stanford \u00c7ekingenlik Klini\u011fi\u2019nde yap\u0131lan \u00e7\u0131\u011f\u0131r a\u00e7\u0131c\u0131 ara\u015ft\u0131rmalar temel al\u0131narak haz\u0131rland\u0131. ABD\u2019de ve ba\u015fka \u00fclkelerde d\u00fczenlenen anketlerin yan\u0131 s\u0131ra \u00e7ocuklarla, ebeveynlerle, \u00f6\u011fretmenlerle s\u00f6yle\u015filer ve \u00e7ekingen olan ve olmayan insanlar\u0131n davran\u0131\u015flar\u0131n\u0131 k\u0131yaslayan sistematik deneysel ara\u015ft\u0131rmalar ile de zenginle\u015ftirildi. Bu kitap, hangi ebeveynlik tarz\u0131n\u0131n bir \u00e7ocukta \u00f6z g\u00fcveni te\u015fvik etti\u011fini belgelerle ortaya koyuyor, \u00e7ekingenlik sorununun \u00e7\u00f6z\u00fcm\u00fcne yard\u0131m ediyor ve \u00e7ocu\u011fun kendine ve insanlara g\u00fcvenini art\u0131rma y\u00f6ntemleri sunuyor. \u00c7ocuklar\u0131n \u00e7ekingenli\u011finde okulun nas\u0131l bir etkisi oldu\u011funu ara\u015ft\u0131rarak her \u00e7ocuk i\u00e7in s\u0131n\u0131f deneyimini iyile\u015ftirme yollar\u0131 \u00f6neriyor. \u00c7ekingenli\u011fin \u00e7ocu\u011funun hayat\u0131n\u0131n ak\u0131\u015f\u0131n\u0131 belirlemesine ve se\u00e7eneklerini s\u0131n\u0131rlamas\u0131na izin vermek istemeyen ebeveynlere etkili bir program sunuyor.      \u201cEn yak\u0131n kitap\u00e7\u0131ya ko\u015fup \u00c7ekingen \u00c7ocuk\u2019u al\u0131n.\u201d  Ann Landers    \u201cKitap ailelere, \u00e7ocuklar\u0131n\u0131n \u00f6z g\u00fcveninin okul \u00f6ncesinden \u00fcniversite y\u0131llar\u0131na dek artmas\u0131 i\u00e7in m\u00fcmk\u00fcn olan en elveri\u015fli ortam\u0131 nas\u0131l yaratacaklar\u0131n\u0131 g\u00f6steriyor.\u201d  Science News     \u201cPek \u00e7ok ara\u015ft\u0131rma raporunun aksine keyifli ve sohbet edercesine yaz\u0131lm\u0131\u015f tarz\u0131yla bu kitap, \u00e7ekingenli\u011fin \u00e7e\u015fitli bi\u00e7imleriyle kar\u015f\u0131la\u015fan ebeveynler ve di\u011fer okurlar i\u00e7in kapsaml\u0131 bir rehber\u2026 Anne babalara da \u00f6\u011fretmenlere de \u00e7ocuklar\u0131n hayatlar\u0131n\u0131 olumsuz etkilemeden \u00f6nce \u00e7ekingenli\u011fin \u00fcstesinden gelmelerine yard\u0131m edecek k\u0131ymetli yakla\u015f\u0131mlar sunuyor. \u00c7ocuklar\u0131n\u0131n \u00e7ekingenli\u011fi nedeniyle endi\u015feli olan ebeveynler ve e\u011fitimciler mutlaka okumal\u0131.\u201d  Childhood Education    \u201cBu kitap sadece ebeveynler i\u00e7in de\u011fil, kendini utanga\u00e7 g\u00f6ren her ya\u015ftan insan i\u00e7in de sa\u011flam tavsiyeler sunuyor.\u201d  Washington Post    \u201c\u00c7ekingen \u00c7ocuk, \u00e7ekingenlikle ba\u015f etme stratejileri sunuyor, \u00e7ocu\u011fu ba\u011f\u0131ms\u0131z olmas\u0131 i\u00e7in te\u015fvik ediyor ve ona sosyal bir varl\u0131k olmay\u0131 \u00f6\u011fretiyor. \u0130\u00e7inde ayr\u0131ca lise ve \u00fcniversite y\u0131llar\u0131nda \u00e7ekingenlikle ba\u015f etmek i\u00e7in \u00f6zel ara\u015ft\u0131rmalar\u0131n ve \u00f6nerilerin de bulundu\u011fu bir \u2018\u00f6\u011frencinin \u00e7ekingenlik rehberi\u2019 de var.\u201d  L.A. Herald Examiner      PHILIP G. ZIMBARDO, ABD\u2019de Stanford \u00dcniversitesi Psikoloji B\u00f6l\u00fcm\u00fc\u2019nde emekli onursal profes\u00f6rd\u00fcr. Amerikan Psikoloji Derne\u011fi\u2019nin ba\u015fkanl\u0131\u011f\u0131n\u0131 yapm\u0131\u015ft\u0131r. PBS kanal\u0131nda yay\u0131nlanan pop\u00fcler Discovering Psychology belgeselinin yarat\u0131c\u0131l\u0131\u011f\u0131n\u0131 ve sunuculu\u011funu \u00fcstlenmi\u015ftir. Zimbardo e\u011fitimci, ara\u015ft\u0131rmac\u0131 ve yazar kimli\u011finin yan\u0131 s\u0131ra psikoloji alan\u0131na katk\u0131lar\u0131ndan dolay\u0131 pek \u00e7ok \u00f6d\u00fcle lay\u0131k g\u00f6r\u00fclm\u00fc\u015ft\u00fcr.    SHIRLEY L. RADL, gazeteci ve yazar olarak s\u00fcrd\u00fcrd\u00fc\u011f\u00fc kariyerinin ard\u0131ndan 1991 y\u0131l\u0131nda vefat etmi\u015ftir. <\/p>\n","protected":false},"excerpt":{"rendered":"<p>K\u00fc\u00e7\u00fckl\u00fckten Yeti\u015fkinli\u011fe \u00c7ekingenli\u011fin \u00dcstesinden Gelme ve \u00d6n\u00fcne Ge\u00e7me K\u00fc\u00e7\u00fck \u00c7ocuklarda ve Ergenlerde \u00c7ekingenli\u011fi A\u015fmak ve \u00d6nlemek i\u00e7in Kapsaml\u0131 Bir Ebeveyn Rehberi ABD\u2019de her be\u015f ki\u015fiden ikisi<span class=\"excerpt-hellip\"> [\u2026]<\/span><\/p>\n","protected":false},"featured_media":0,"template":"","meta":{"_monsterinsights_skip_tracking":false,"_monsterinsights_sitenote_active":false,"_monsterinsights_sitenote_note":"","_monsterinsights_sitenote_category":0},"product_brand":[],"product_cat":[26509,13365],"product_tag":[],"class_list":{"0":"post-754542","1":"product","2":"type-product","3":"status-publish","5":"product_cat-cocuk-gelisimi","6":"product_cat-saglik","7":"pa_cilt-ciltsiz","8":"pa_tur-kitap","9":"pa_yayinevi-pegasus-yayinlari","10":"pa_yazar-philip-g-zimbardo-shirley-radl","12":"first","13":"instock","14":"sale","15":"shipping-taxable","16":"purchasable","17":"product-type-simple"},"_links":{"self":[{"href":"https:\/\/roveyayinevi.com.tr\/index.php\/wp-json\/wp\/v2\/product\/754542","targetHints":{"allow":["GET"]}}],"collection":[{"href":"https:\/\/roveyayinevi.com.tr\/index.php\/wp-json\/wp\/v2\/product"}],"about":[{"href":"https:\/\/roveyayinevi.com.tr\/index.php\/wp-json\/wp\/v2\/types\/product"}],"wp:attachment":[{"href":"https:\/\/roveyayinevi.com.tr\/index.php\/wp-json\/wp\/v2\/media?parent=754542"}],"wp:term":[{"taxonomy":"product_brand","embeddable":true,"href":"https:\/\/roveyayinevi.com.tr\/index.php\/wp-json\/wp\/v2\/product_brand?post=754542"},{"taxonomy":"product_cat","embeddable":true,"href":"https:\/\/roveyayinevi.com.tr\/index.php\/wp-json\/wp\/v2\/product_cat?post=754542"},{"taxonomy":"product_tag","embeddable":true,"href":"https:\/\/roveyayinevi.com.tr\/index.php\/wp-json\/wp\/v2\/product_tag?post=754542"}],"curies":[{"name":"wp","href":"https:\/\/api.w.org\/{rel}","templated":true}]}}