{"id":754540,"date":"2025-08-28T06:13:55","date_gmt":"2025-08-28T03:13:55","guid":{"rendered":"https:\/\/roveyayinevi.com.tr\/index.php\/urun\/cumhuriyetcilik-ve-cumhuriyetler\/"},"modified":"2026-04-16T03:07:52","modified_gmt":"2026-04-16T00:07:52","slug":"cumhuriyetcilik-ve-cumhuriyetler","status":"publish","type":"product","link":"https:\/\/roveyayinevi.com.tr\/index.php\/urun\/cumhuriyetcilik-ve-cumhuriyetler\/","title":{"rendered":"Cumhuriyet\u00e7ilik ve Cumhuriyetler"},"content":{"rendered":"<p>Yerk\u00fcreyi kaplayan irili ufakl\u0131 \u00e7ok say\u0131da cumhuriyetin \u201cba\u015far\u0131s\u0131z\u201d varl\u0131\u011f\u0131 etik-politik bir d\u00fc\u015f\u00fcnce gelene\u011fi olarak cumhuriyet(\u00e7ili\u011f)in de g\u00f6lgede kalmas\u0131n\u0131 beraberinde getirmi\u015ftir. \u00c7ok uzun bir s\u00fcre bi\u00e7imsel olarak y\u00fckselen pratikler kar\u015f\u0131s\u0131nda bir d\u00fc\u015f\u00fcnce gelene\u011fi olarak cumhuriyet\u00e7ili\u011fin suskunlu\u011funa tan\u0131kl\u0131k edilmi\u015ftir. Sonras\u0131nda entelekt\u00fcel d\u00fczeyde bir cumhuriyet\u00e7i canlan\u0131\u015f\/silkeleni\u015f s\u00f6z konusu olsa da hen\u00fcz pratikler \u00fczerinde d\u00f6n\u00fc\u015ft\u00fcr\u00fcc\u00fc bir etkiden bahsetmek g\u00fc\u00e7. Cumhuriyetle\u015fememi\u015f cumhuriyetler d\u00fcnyas\u0131nda teoriyle pratik aras\u0131ndaki devasa bo\u015fluk her iki alan\u0131 da sorunsalla\u015ft\u0131rmay\u0131 zorunlu k\u0131l\u0131yor. D\u00fcnyan\u0131n farkl\u0131 co\u011frafyalar\u0131ndan 27 bilim insan\u0131n\u0131n katk\u0131 sundu\u011fu Cumhuriyet\u00e7ilik ve Cumhuriyetler -Teoriyi Derinle\u015ftirmek, Prati\u011fi Sorgulamak-, bir yandan siyaset felsefesinin \u00f6nemli kavramlar\u0131ndan olan cumhuriyet\u00e7ili\u011fi tart\u0131\u015fmay\u0131, temel kavram setleri etraf\u0131nda d\u00f6nen imkanlar\u0131, alan\u0131n \u00f6nde gelen isimleriyle g\u00f6r\u00fcn\u00fcr k\u0131lmay\u0131 \u00e7abalarken \u00f6te yandan Bat\u0131 d\u0131\u015f\u0131 \u00e7e\u015fitli \u00fclke deneyimlerini de i\u00e7erecek \u015fekilde cumhuriyet\u00e7i pratiklerin sorgulamas\u0131n\u0131 yapmay\u0131 ama\u00e7 ediniyor. Ayr\u0131ca 100. y\u0131l \u00e7al\u0131\u015fmalar\u0131na-tart\u0131\u015fmalar\u0131na do\u011frudan katk\u0131 sunmak amac\u0131yla \u00e7e\u015fitli yaz\u0131lardan olu\u015fan bir T\u00fcrkiye b\u00f6l\u00fcm\u00fc de bulunuyor. Kitap, prati\u011fin krizine kar\u015f\u0131 \u201cb\u00fcy\u00fck fikirler\u201din etkisini yitirdi\u011fi bir \u00e7a\u011fda b\u00fcy\u00fck bir gelene\u011fi hat\u0131rlamaya, onu yeniden b\u00fcy\u00fctmeye \u00e7a\u011fr\u0131 yap\u0131yor. <\/p>\n","protected":false},"excerpt":{"rendered":"<p>Yerk\u00fcreyi kaplayan irili ufakl\u0131 \u00e7ok say\u0131da cumhuriyetin \u201cba\u015far\u0131s\u0131z\u201d varl\u0131\u011f\u0131 etik-politik bir d\u00fc\u015f\u00fcnce gelene\u011fi olarak cumhuriyet(\u00e7ili\u011f)in de g\u00f6lgede kalmas\u0131n\u0131 beraberinde getirmi\u015ftir. \u00c7ok uzun bir s\u00fcre bi\u00e7imsel olarak<span class=\"excerpt-hellip\"> [\u2026]<\/span><\/p>\n","protected":false},"featured_media":0,"template":"","meta":{"_monsterinsights_skip_tracking":false,"_monsterinsights_sitenote_active":false,"_monsterinsights_sitenote_note":"","_monsterinsights_sitenote_category":0},"product_brand":[],"product_cat":[12337],"product_tag":[],"class_list":{"0":"post-754540","1":"product","2":"type-product","3":"status-publish","5":"product_cat-politika-siyaset","6":"pa_cilt-ciltsiz","7":"pa_tur-kitap","8":"pa_yayinevi-nika-yayinevi","9":"pa_yazar-kolektif","11":"first","12":"instock","13":"sale","14":"shipping-taxable","15":"purchasable","16":"product-type-simple"},"_links":{"self":[{"href":"https:\/\/roveyayinevi.com.tr\/index.php\/wp-json\/wp\/v2\/product\/754540","targetHints":{"allow":["GET"]}}],"collection":[{"href":"https:\/\/roveyayinevi.com.tr\/index.php\/wp-json\/wp\/v2\/product"}],"about":[{"href":"https:\/\/roveyayinevi.com.tr\/index.php\/wp-json\/wp\/v2\/types\/product"}],"wp:attachment":[{"href":"https:\/\/roveyayinevi.com.tr\/index.php\/wp-json\/wp\/v2\/media?parent=754540"}],"wp:term":[{"taxonomy":"product_brand","embeddable":true,"href":"https:\/\/roveyayinevi.com.tr\/index.php\/wp-json\/wp\/v2\/product_brand?post=754540"},{"taxonomy":"product_cat","embeddable":true,"href":"https:\/\/roveyayinevi.com.tr\/index.php\/wp-json\/wp\/v2\/product_cat?post=754540"},{"taxonomy":"product_tag","embeddable":true,"href":"https:\/\/roveyayinevi.com.tr\/index.php\/wp-json\/wp\/v2\/product_tag?post=754540"}],"curies":[{"name":"wp","href":"https:\/\/api.w.org\/{rel}","templated":true}]}}