{"id":754539,"date":"2025-08-28T06:13:54","date_gmt":"2025-08-28T03:13:54","guid":{"rendered":"https:\/\/roveyayinevi.com.tr\/index.php\/urun\/sozcukleri-tadan-adam\/"},"modified":"2025-12-30T11:14:56","modified_gmt":"2025-12-30T08:14:56","slug":"sozcukleri-tadan-adam","status":"publish","type":"product","link":"https:\/\/roveyayinevi.com.tr\/index.php\/urun\/sozcukleri-tadan-adam\/","title":{"rendered":"S\u00f6zc\u00fckleri Tadan Adam"},"content":{"rendered":"<p>\u201cBu kitapta sizleri duyular\u0131 bir \u015fekilde de\u011fi\u015fikli\u011fe u\u011fram\u0131\u015f, farkl\u0131la\u015fm\u0131\u015f, d\u00fcnyalar\u0131n\u0131n belli bir k\u0131sm\u0131na dair alg\u0131lar\u0131 azalm\u0131\u015f veya artm\u0131\u015f, ger\u00e7ekli\u011fe dair fikirleri duyular\u0131 taraf\u0131ndan s\u0131rad\u0131\u015f\u0131 ve \u00e7o\u011funlukla da \u015fa\u015f\u0131rt\u0131c\u0131 \u015fekillerde bi\u00e7imlendirilen \u00e7ok say\u0131da insanla tan\u0131\u015ft\u0131raca\u011f\u0131m. Bunlardan baz\u0131lar\u0131 do\u011fu\u015ftan itibaren b\u00f6yle ya\u015fam\u0131\u015f, baz\u0131lar\u0131ysa hayatlar\u0131n\u0131n ileriki a\u015famalar\u0131nda deneyimleri de\u011fi\u015fikli\u011fe u\u011fram\u0131\u015f olan insanlar.   \u201cN\u00f6rolojide \u00f6teden beri ge\u00e7erli olan bir ilke vard\u0131r: Bir sistemde terslik ya\u015fand\u0131\u011f\u0131 zaman onu inceledi\u011fimizde, sistemin normal i\u015flevine dair kavray\u0131\u015f\u0131m\u0131z artar. Bu kitapta aktar\u0131lan hik\u00e2yeler duyular\u0131m\u0131z\u0131n \u2013her birimiz a\u00e7\u0131s\u0131ndan\u2013 k\u0131s\u0131tlar\u0131n\u0131 ve tuhafl\u0131klar\u0131n\u0131, sinir sistemimizin yap\u0131sal ve i\u015flevsel b\u00fct\u00fcnl\u00fc\u011f\u00fcne ne kadar ba\u011f\u0131ml\u0131 olduklar\u0131n\u0131 ve daha da \u00f6nemlisi, her birimizin d\u00fcnyaya dair alg\u0131s\u0131n\u0131n ger\u00e7eklikten epeyce farkl\u0131 olabilece\u011fini a\u00e7\u0131k se\u00e7ik ortaya koyuyor. Bu insanlar\u0131n tecr\u00fcbeleri ger\u00e7ekli\u011fin tabiat\u0131na ve insan olman\u0131n ne demek oldu\u011funa dair sorular ortaya at\u0131yor.\u201d   Hi\u00e7 fiziksel ac\u0131 hissetmeyen Paul, k\u00f6r oldu\u011fu halde etraf\u0131nda zombi y\u00fczleri g\u00f6ren Nina, s\u00fcrekli \u00f6l\u00fcm ve \u00e7\u00fcr\u00fcme kokusu alan Joanne, s\u0131cak nesneleri so\u011fuk, so\u011fuk nesneleri de s\u0131cak gibi hisseden Alison, s\u00f6zc\u00fcklerin tad\u0131n\u0131 alan James ve daha niceleri&#8230; N\u00f6rolog Guy Leschziner bu ki\u015filerin hik\u00e2yelerini, al\u0131\u015f\u0131lmad\u0131k durumlar\u0131n\u0131n neden ve sonu\u00e7lar\u0131n\u0131 anlat\u0131rken, konuya sadece bilimsel de\u011fil insani bir a\u00e7\u0131dan da yakla\u015farak bize her ya\u015fam\u0131n kendi i\u00e7inde biricik ve de\u011ferli oldu\u011funu hat\u0131rlat\u0131yor.    <\/p>\n","protected":false},"excerpt":{"rendered":"<p>\u201cBu kitapta sizleri duyular\u0131 bir \u015fekilde de\u011fi\u015fikli\u011fe u\u011fram\u0131\u015f, farkl\u0131la\u015fm\u0131\u015f, d\u00fcnyalar\u0131n\u0131n belli bir k\u0131sm\u0131na dair alg\u0131lar\u0131 azalm\u0131\u015f veya artm\u0131\u015f, ger\u00e7ekli\u011fe dair fikirleri duyular\u0131 taraf\u0131ndan s\u0131rad\u0131\u015f\u0131 ve \u00e7o\u011funlukla<span class=\"excerpt-hellip\"> [\u2026]<\/span><\/p>\n","protected":false},"featured_media":0,"template":"","meta":{"_monsterinsights_skip_tracking":false,"_monsterinsights_sitenote_active":false,"_monsterinsights_sitenote_note":"","_monsterinsights_sitenote_category":0},"product_brand":[],"product_cat":[13005],"product_tag":[],"class_list":{"0":"post-754539","1":"product","2":"type-product","3":"status-publish","5":"product_cat-bilim-muhendislik","6":"pa_cilt-ciltsiz","7":"pa_tur-kitap","8":"pa_yayinevi-metis-yayinlari","9":"pa_yazar-guy-leschziner","11":"first","12":"instock","13":"sale","14":"shipping-taxable","15":"purchasable","16":"product-type-simple"},"_links":{"self":[{"href":"https:\/\/roveyayinevi.com.tr\/index.php\/wp-json\/wp\/v2\/product\/754539","targetHints":{"allow":["GET"]}}],"collection":[{"href":"https:\/\/roveyayinevi.com.tr\/index.php\/wp-json\/wp\/v2\/product"}],"about":[{"href":"https:\/\/roveyayinevi.com.tr\/index.php\/wp-json\/wp\/v2\/types\/product"}],"wp:attachment":[{"href":"https:\/\/roveyayinevi.com.tr\/index.php\/wp-json\/wp\/v2\/media?parent=754539"}],"wp:term":[{"taxonomy":"product_brand","embeddable":true,"href":"https:\/\/roveyayinevi.com.tr\/index.php\/wp-json\/wp\/v2\/product_brand?post=754539"},{"taxonomy":"product_cat","embeddable":true,"href":"https:\/\/roveyayinevi.com.tr\/index.php\/wp-json\/wp\/v2\/product_cat?post=754539"},{"taxonomy":"product_tag","embeddable":true,"href":"https:\/\/roveyayinevi.com.tr\/index.php\/wp-json\/wp\/v2\/product_tag?post=754539"}],"curies":[{"name":"wp","href":"https:\/\/api.w.org\/{rel}","templated":true}]}}