{"id":754538,"date":"2025-08-28T06:13:53","date_gmt":"2025-08-28T03:13:53","guid":{"rendered":"https:\/\/roveyayinevi.com.tr\/index.php\/urun\/dogal-din\/"},"modified":"2025-11-09T09:31:15","modified_gmt":"2025-11-09T06:31:15","slug":"dogal-din","status":"publish","type":"product","link":"https:\/\/roveyayinevi.com.tr\/index.php\/urun\/dogal-din\/","title":{"rendered":"Do\u011fal Din"},"content":{"rendered":"<p>Do\u011fal din inanca de\u011fil o inanc\u0131n ki\u015fiye ne yapt\u0131rd\u0131\u011f\u0131na bakar. Kurumsal din kast, s\u0131n\u0131f yarat\u0131r ve din adamlar\u0131 s\u0131n\u0131f\u0131 olu\u015fturur. Do\u011fal din ise din adamlar\u0131 s\u0131n\u0131f\u0131n\u0131 kabul etmez, herkesi Allah \u00f6n\u00fcnde e\u015fit g\u00f6r\u00fcr.Kurumsal din iyili\u011fi, ahlak\u0131, cenneti tekeline al\u0131r, inhisarc\u0131d\u0131r (tekelci), s\u0131n\u0131r \u00e7izer, \u00f6tekile\u015ftirir, bol kafir ilan eder.Do\u011fal din ise dini insanl\u0131\u011fa a\u00e7ar, iyi, d\u00fcr\u00fcst, herkesi cennete lay\u0131k g\u00f6r\u00fcr, s\u0131n\u0131rlar\u0131 y\u0131kar, insana ve do\u011faya sayg\u0131y\u0131 takva olarak tan\u0131mlar. <\/p>\n","protected":false},"excerpt":{"rendered":"<p>Do\u011fal din inanca de\u011fil o inanc\u0131n ki\u015fiye ne yapt\u0131rd\u0131\u011f\u0131na bakar. Kurumsal din kast, s\u0131n\u0131f yarat\u0131r ve din adamlar\u0131 s\u0131n\u0131f\u0131 olu\u015fturur. Do\u011fal din ise din adamlar\u0131 s\u0131n\u0131f\u0131n\u0131<span class=\"excerpt-hellip\"> [\u2026]<\/span><\/p>\n","protected":false},"featured_media":0,"template":"","meta":{"_monsterinsights_skip_tracking":false,"_monsterinsights_sitenote_active":false,"_monsterinsights_sitenote_note":"","_monsterinsights_sitenote_category":0},"product_brand":[],"product_cat":[12718],"product_tag":[],"class_list":{"0":"post-754538","1":"product","2":"type-product","3":"status-publish","5":"product_cat-din","6":"pa_cilt-ciltsiz","7":"pa_tur-kitap","8":"pa_yayinevi-insa-yayinlari","9":"pa_yazar-r-ihsan-eliacik","11":"first","12":"instock","13":"sale","14":"shipping-taxable","15":"purchasable","16":"product-type-simple"},"_links":{"self":[{"href":"https:\/\/roveyayinevi.com.tr\/index.php\/wp-json\/wp\/v2\/product\/754538","targetHints":{"allow":["GET"]}}],"collection":[{"href":"https:\/\/roveyayinevi.com.tr\/index.php\/wp-json\/wp\/v2\/product"}],"about":[{"href":"https:\/\/roveyayinevi.com.tr\/index.php\/wp-json\/wp\/v2\/types\/product"}],"wp:attachment":[{"href":"https:\/\/roveyayinevi.com.tr\/index.php\/wp-json\/wp\/v2\/media?parent=754538"}],"wp:term":[{"taxonomy":"product_brand","embeddable":true,"href":"https:\/\/roveyayinevi.com.tr\/index.php\/wp-json\/wp\/v2\/product_brand?post=754538"},{"taxonomy":"product_cat","embeddable":true,"href":"https:\/\/roveyayinevi.com.tr\/index.php\/wp-json\/wp\/v2\/product_cat?post=754538"},{"taxonomy":"product_tag","embeddable":true,"href":"https:\/\/roveyayinevi.com.tr\/index.php\/wp-json\/wp\/v2\/product_tag?post=754538"}],"curies":[{"name":"wp","href":"https:\/\/api.w.org\/{rel}","templated":true}]}}