{"id":754537,"date":"2025-08-28T06:13:51","date_gmt":"2025-08-28T03:13:51","guid":{"rendered":"https:\/\/roveyayinevi.com.tr\/index.php\/urun\/kirik-ayna-4\/"},"modified":"2026-01-30T03:42:37","modified_gmt":"2026-01-30T00:42:37","slug":"kirik-ayna-4","status":"publish","type":"product","link":"https:\/\/roveyayinevi.com.tr\/index.php\/urun\/kirik-ayna-4\/","title":{"rendered":"K\u0131r\u0131k Ayna"},"content":{"rendered":"<p>\u201cS\u0131cak yaz havas\u0131nda Mardin ovas\u0131 suyu sar\u0131ya \u00e7alan bir g\u00f6le benziyordu. Esen r\u00fczg\u00e2rla bu\u011fday ba\u015faklar\u0131 bir o yana bir bu yana sal\u0131nd\u0131k\u00e7a g\u00f6l\u00fcn y\u00fczeyinde sapsar\u0131 dalgalar beliriyordu. G\u00fcne\u015fin g\u00f6l\u00fcyd\u00fc bu, rengini o kutsal \u0131\u015f\u0131\u011f\u0131n sar\u0131s\u0131ndan al\u0131yordu. Yak\u0131c\u0131 bir \u0131\u015f\u0131k seli u\u00e7suz bucaks\u0131z tarlalarda ba\u015fka renklere izin vermeden b\u00fct\u00fcn canl\u0131l\u0131\u011f\u0131n \u00fcst\u00fcn\u00fc kavrulmu\u015f bir sar\u0131l\u0131kla \u00f6rt\u00fcyordu. Bir zamanlar farkl\u0131 renklerde boy g\u00f6stermi\u015f otlar, \u00e7imenler, \u00e7i\u00e7ekler, \u00e7al\u0131l\u0131klar boz bulan\u0131k bir renge b\u00fcr\u00fcnm\u00fc\u015ft\u00fc.\u201d \u0130dris Baluken bu roman\u0131nda, edebiyat ve sinema tutkunu bir adam\u0131n \u0131srarl\u0131 bir davet \u00fczerine hem kendi k\u00f6klerini ke\u015ffedip hem de Orta Do\u011fu\u2019nun b\u00fcy\u00fck ac\u0131lar ya\u015fam\u0131\u015f kadim halklar\u0131ndan birine ait kutsal bir emanetin pe\u015fine d\u00fc\u015fece\u011fi Mardin ser\u00fcvenini anlat\u0131yor. \u0130nsan, mekan, tarih, bellek, ya\u015fanm\u0131\u015fl\u0131\u011fa dair sorular\u0131n e\u015flik etti\u011fi bu ser\u00fcvene imkans\u0131z bir a\u015fk\u0131n gelgitleri ekleniyor sonra. Yazar, yumu\u015fak ta\u015flar\u0131 nak\u0131\u015f i\u015fler gibi i\u015fleyen eski zaman ustalar\u0131ndan el alarak, okuru, her yerinden keder ve giz yay\u0131lan o b\u00fcy\u00fcl\u00fc topraklara g\u00f6t\u00fcr\u00fcyor. <\/p>\n","protected":false},"excerpt":{"rendered":"<p>\u201cS\u0131cak yaz havas\u0131nda Mardin ovas\u0131 suyu sar\u0131ya \u00e7alan bir g\u00f6le benziyordu. Esen r\u00fczg\u00e2rla bu\u011fday ba\u015faklar\u0131 bir o yana bir bu yana sal\u0131nd\u0131k\u00e7a g\u00f6l\u00fcn y\u00fczeyinde sapsar\u0131 dalgalar<span class=\"excerpt-hellip\"> [\u2026]<\/span><\/p>\n","protected":false},"featured_media":0,"template":"","meta":{"_monsterinsights_skip_tracking":false,"_monsterinsights_sitenote_active":false,"_monsterinsights_sitenote_note":"","_monsterinsights_sitenote_category":0},"product_brand":[],"product_cat":[12291,12711],"product_tag":[],"class_list":{"0":"post-754537","1":"product","2":"type-product","3":"status-publish","5":"product_cat-edebiyat","6":"product_cat-roman-oyku","7":"pa_cilt-ciltsiz","8":"pa_tur-kitap","9":"pa_yayinevi-dipnot-yayinlari","10":"pa_yazar-idris-baluken","12":"first","13":"instock","14":"sale","15":"shipping-taxable","16":"purchasable","17":"product-type-simple"},"_links":{"self":[{"href":"https:\/\/roveyayinevi.com.tr\/index.php\/wp-json\/wp\/v2\/product\/754537","targetHints":{"allow":["GET"]}}],"collection":[{"href":"https:\/\/roveyayinevi.com.tr\/index.php\/wp-json\/wp\/v2\/product"}],"about":[{"href":"https:\/\/roveyayinevi.com.tr\/index.php\/wp-json\/wp\/v2\/types\/product"}],"wp:attachment":[{"href":"https:\/\/roveyayinevi.com.tr\/index.php\/wp-json\/wp\/v2\/media?parent=754537"}],"wp:term":[{"taxonomy":"product_brand","embeddable":true,"href":"https:\/\/roveyayinevi.com.tr\/index.php\/wp-json\/wp\/v2\/product_brand?post=754537"},{"taxonomy":"product_cat","embeddable":true,"href":"https:\/\/roveyayinevi.com.tr\/index.php\/wp-json\/wp\/v2\/product_cat?post=754537"},{"taxonomy":"product_tag","embeddable":true,"href":"https:\/\/roveyayinevi.com.tr\/index.php\/wp-json\/wp\/v2\/product_tag?post=754537"}],"curies":[{"name":"wp","href":"https:\/\/api.w.org\/{rel}","templated":true}]}}