{"id":754536,"date":"2025-08-28T06:13:50","date_gmt":"2025-08-28T03:13:50","guid":{"rendered":"https:\/\/roveyayinevi.com.tr\/index.php\/urun\/kimlik-ve-aidiyet-ekseninde-musluman-ispanyollar\/"},"modified":"2026-04-16T03:07:52","modified_gmt":"2026-04-16T00:07:52","slug":"kimlik-ve-aidiyet-ekseninde-musluman-ispanyollar","status":"publish","type":"product","link":"https:\/\/roveyayinevi.com.tr\/index.php\/urun\/kimlik-ve-aidiyet-ekseninde-musluman-ispanyollar\/","title":{"rendered":"Kimlik ve Aidiyet Ekseninde M\u00fcsl\u00fcman \u0130spanyollar"},"content":{"rendered":"<p>Sosyal bilim her \u015feyden \u00f6nce ampiriyle bo\u011fu\u015fturulmu\u015f b\u00fct\u00fcnl\u00fckl\u00fc arg\u00fcmanlar, zeminli, ampirik al\u00fcvyonlarla beslenmi\u015f izah \u015femalar\u0131ysa e\u011fer, M\u00fcsl\u00fcman \u0130spanyollar kitab\u0131n\u0131n yazarlar\u0131n\u0131n bu t\u00fcrden bir muhakemenin yetkin ve geli\u015fkin bir \u00f6rne\u011fini verdi\u011fi a\u00e7\u0131k olmal\u0131d\u0131r. Ampiri ve teorinin bu zihin a\u00e7\u0131c\u0131 bulu\u015fmas\u0131n\u0131n somut mek\u00e2n\u0131, m\u00fchtedi M\u00fcsl\u00fcman \u0130spanyollar ile ikinci ku\u015fak m\u00fchtedi \u00e7ocuklar\u0131n\u0131n ya\u015fad\u0131klar\u0131 End\u00fcl\u00fcs \u015fehri Granada ama esasen yazarlar\u0131n Bourdieuc\u00fc adland\u0131rmalar\u0131yla \u201cM\u00fchtedi Nesiller Alan\u0131\u201d. \u0130spanyol m\u00fchtediler ile ikinci ku\u015fak m\u00fchtedi \u00e7ocuklar\u0131n\u0131n i\u00e7erisinde konumland\u0131klar\u0131 M\u00fchtedi Nesiller Alan\u0131nda, teorik te\u00e7hizat\u0131n merce\u011fi alt\u0131nda bamba\u015fka ama bir o kadar da karma\u015f\u0131k bir ger\u00e7eklik kar\u015f\u0131m\u0131za \u00e7\u0131k\u0131yor: g\u00f6m\u00fcl\u00fc iktidar ili\u015fkileri, sermaye terkipleri, alan i\u00e7i m\u00fccadeleler, rekabet\u2026 Granada\u2019da ya\u015fayan m\u00fchtedi \u0130spanyol\u2019un, ihtida tecr\u00fcbesinde ya da ikinci ku\u015fak olmakta ortakla\u015ft\u0131\u011f\u0131 di\u011fer m\u00fchtedilerle; ayn\u0131 dine mensup oldu\u011fu g\u00f6\u00e7men M\u00fcsl\u00fcmanlarla; payla\u015ft\u0131\u011f\u0131 k\u00fclt\u00fcre ra\u011fmen ihtida etti\u011fi i\u00e7in \u201ci\u00e7imizdeki yabanc\u0131\u201d gibi g\u00f6r\u00fcld\u00fc\u011f\u00fc di\u011fer \u0130spanyollarla kurdu\u011fu ili\u015fki formlar\u0131n\u0131 fevkalade maharetli bir \u015fekilde i\u015fleyen bu kitap hi\u00e7 ku\u015fkusuz vaadini yerine getiriyor.<\/p>\n","protected":false},"excerpt":{"rendered":"<p>Sosyal bilim her \u015feyden \u00f6nce ampiriyle bo\u011fu\u015fturulmu\u015f b\u00fct\u00fcnl\u00fckl\u00fc arg\u00fcmanlar, zeminli, ampirik al\u00fcvyonlarla beslenmi\u015f izah \u015femalar\u0131ysa e\u011fer, M\u00fcsl\u00fcman \u0130spanyollar kitab\u0131n\u0131n yazarlar\u0131n\u0131n bu t\u00fcrden bir muhakemenin yetkin ve<span class=\"excerpt-hellip\"> [\u2026]<\/span><\/p>\n","protected":false},"featured_media":0,"template":"","meta":{"_monsterinsights_skip_tracking":false,"_monsterinsights_sitenote_active":false,"_monsterinsights_sitenote_note":"","_monsterinsights_sitenote_category":0},"product_brand":[],"product_cat":[12324],"product_tag":[],"class_list":{"0":"post-754536","1":"product","2":"type-product","3":"status-publish","5":"product_cat-sosyoloji","6":"pa_cilt-ciltsiz","7":"pa_tur-kitap","8":"pa_yayinevi-heretik-yayincilik","9":"pa_yazar-tolga-gurakar-esra-ceviker-gurakar","11":"first","12":"instock","13":"sale","14":"shipping-taxable","15":"purchasable","16":"product-type-simple"},"_links":{"self":[{"href":"https:\/\/roveyayinevi.com.tr\/index.php\/wp-json\/wp\/v2\/product\/754536","targetHints":{"allow":["GET"]}}],"collection":[{"href":"https:\/\/roveyayinevi.com.tr\/index.php\/wp-json\/wp\/v2\/product"}],"about":[{"href":"https:\/\/roveyayinevi.com.tr\/index.php\/wp-json\/wp\/v2\/types\/product"}],"wp:attachment":[{"href":"https:\/\/roveyayinevi.com.tr\/index.php\/wp-json\/wp\/v2\/media?parent=754536"}],"wp:term":[{"taxonomy":"product_brand","embeddable":true,"href":"https:\/\/roveyayinevi.com.tr\/index.php\/wp-json\/wp\/v2\/product_brand?post=754536"},{"taxonomy":"product_cat","embeddable":true,"href":"https:\/\/roveyayinevi.com.tr\/index.php\/wp-json\/wp\/v2\/product_cat?post=754536"},{"taxonomy":"product_tag","embeddable":true,"href":"https:\/\/roveyayinevi.com.tr\/index.php\/wp-json\/wp\/v2\/product_tag?post=754536"}],"curies":[{"name":"wp","href":"https:\/\/api.w.org\/{rel}","templated":true}]}}