{"id":754533,"date":"2025-08-28T06:13:43","date_gmt":"2025-08-28T03:13:43","guid":{"rendered":"https:\/\/roveyayinevi.com.tr\/index.php\/urun\/denizin-altina-dusen-kiz\/"},"modified":"2026-04-16T03:07:52","modified_gmt":"2026-04-16T00:07:52","slug":"denizin-altina-dusen-kiz","status":"publish","type":"product","link":"https:\/\/roveyayinevi.com.tr\/index.php\/urun\/denizin-altina-dusen-kiz\/","title":{"rendered":"Denizin Alt\u0131na D\u00fc\u015fen K\u0131z"},"content":{"rendered":"<p>Nesillerdir Mina\u2019n\u0131n k\u00f6y\u00fc \u00f6l\u00fcmc\u00fcl f\u0131rt\u0131nalarla yerle bir oluyordu. Seller evleri yutuyor, geriye az biraz kalan kaynaklar u\u011fruna kanl\u0131 sava\u015flar veriliyordu. Bir zamanlar biricik koruyucular\u0131 olan Deniz Tanr\u0131s\u0131 \u015fimdi \u00fczerlerine felaket ya\u011fd\u0131r\u0131yordu. Halk ise tanr\u0131lar\u0131n\u0131n \u00f6fkesini yat\u0131\u015ft\u0131rmak i\u00e7in, her y\u0131l onun gelini olmaya lay\u0131k bulunan bir k\u0131z\u0131 denize at\u0131yordu.   \u00c7o\u011fu ki\u015fi Shim Cheong\u2019un dillere destan g\u00fczelli\u011fiyle bu laneti sonland\u0131rabilecek \u201cger\u00e7ek gelin\u201d oldu\u011funu d\u00fc\u015f\u00fcn\u00fcyordu. Ancak onun kalbi Mina\u2019n\u0131n abisindeydi. Rit\u00fceli bozmak \u00fczerelerken Mina ikisini de kurtarmak i\u00e7in Cheong yerine denize atlayacak ve kendini Tayflar \u00c2lemi\u2019nde bulacakt\u0131.   Orada Shin adl\u0131 gizemli bir adam\u0131n yard\u0131m\u0131yla, bir lanete mahk\u00fbm olan Deniz Tanr\u0131s\u0131\u2019n\u0131 uyand\u0131r\u0131p k\u00f6y\u00fcn\u00fc kurtarmaya \u00e7al\u0131\u015facakt\u0131. Ancak Tayflar \u00c2lemi\u2019ndeki bir insan olarak fazla zaman\u0131 yoktu ve d\u00fc\u015fmanlar\u0131 \u00e7oktu.   \u2605 New York Times, ABA Indie, Publishers Weekly \u00c7oksatan\u0131 \u2605 NPR, New York Public Library 2022\u2019nin En \u0130yi Kitab\u0131 \u2605 Indigo, Buzzfeed 2022\u2019nin En \u0130yi Gen\u00e7 Yeti\u015fkin Kitab\u0131 \u2605 YALSA 2022 \u0130lk On En \u0130yi Gen\u00e7 Yeti\u015fkin Kitab\u0131 \u2605 ALA Rise Listesi 2023 Tercihi \u2605 Garden State Gen\u00e7 Kitaplar\u0131 \u00d6d\u00fcl\u00fc 2023 Aday\u0131 \u2605 Bank Street Y\u0131l\u0131n En \u0130yi \u00c7ocuk Kitab\u0131, \u00dcst\u00fcn Liyakat \u00d6d\u00fcl\u00fc   \u201cFedak\u00e2rl\u0131k, a\u015fk ve kader \u00fczerine zekice yaz\u0131lm\u0131\u015f bir hik\u00e2ye.\u201d \u2014Stephanie Garber   \u201c\u00c7ocukken okuyabilmeyi diledi\u011fim g\u00fczel, b\u00fcy\u00fcleyici bir yeniden anlat\u0131m. Axie Oh, Kore mitolojisini kendi sesiyle kusursuz bir \u015fekilde harmanl\u0131yor ve okuruna samimi bir hik\u00e2ye hediye ediyor. Y\u0131llar boyunca tavsiye etmekten vazge\u00e7meyece\u011fim.\u201d \u2014Elizabeth Lim, \u015eafa\u011f\u0131 \u00d6r\u2019\u00fcn New York Times \u00c7oksatan Yazar\u0131   \u201cH\u0131z\u0131 m\u00fckemmel ayarlanm\u0131\u015f, \u00fcslubu harika bu s\u00fcr\u00fckleyici fantastik unutulmaz karakterlerle dolu. Tam Ruhlar\u0131n Ka\u00e7\u0131\u015f\u0131 hayranlar\u0131na g\u00f6re.\u201d \u2014Booklist   \u201cFantastik d\u00fcnyas\u0131nda par\u0131ldayan ger\u00e7ek bir m\u00fccevher. Axie Oh, Kore halk hik\u00e2yesi Shim Cheong\u2019un bu g\u00fc\u00e7l\u00fc ve canl\u0131 yeniden anlat\u0131m\u0131nda efsaneleri tekrar hayata getiriyor. Bunu yaparken de okurlar\u0131n aya\u011f\u0131n\u0131 yerden kesip unutulmaz ve tuhaf bir d\u00fcnyaya g\u00f6t\u00fcr\u00fcyor. Okurlar ileriki y\u0131llarda karakterleri tekrardan ziyaret etmek i\u00e7in yan\u0131p tutu\u015facaklar. Y\u00fcrek, ruh ve a\u015fkla dolup ta\u015fan birbirine g\u00fczelce \u00f6r\u00fclm\u00fc\u015f bu hik\u00e2ye, hi\u00e7 bitmemesini istedi\u011finiz bir r\u00fcya.\u201d \u2014Janelle Angeles   \u201c\u015eiirsel bir anlat\u0131, harika in\u015fa edilmi\u015f bir d\u00fcnya ve t\u00fcm destekleri hak eden bir kad\u0131n kahraman \u2013 bu hik\u00e2ye her \u015fey ve daha fazlas\u0131. M\u00fcthi\u015f bir hik\u00e2ye anlat\u0131c\u0131l\u0131\u011f\u0131 ve elinizden b\u0131rakamayaca\u011f\u0131n\u0131z bir kitap. Kesinlikle muhte\u015fem!\u201d \u2014Kalynn Bayron   \u201cTanr\u0131lar, tayflar, \u015fa\u015f\u0131rt\u0131c\u0131 ters k\u00f6\u015feler ve i\u00e7 i\u00e7e ge\u00e7mi\u015f kaderlerle dolu bir d\u00fcnyaya dalmaya haz\u0131rlan\u0131n. Denizin Alt\u0131na D\u00fc\u015fen K\u0131z merkezine cesur bir kad\u0131n kahraman\u0131 koyan, nefes kesici sinematik bir peri masal\u0131.\u201d \u2014Traci Chee   \u201cFedak\u00e2rl\u0131k, a\u015fk ve kader \u00fczerine m\u00fcthi\u015f ve yarat\u0131c\u0131 bir \u015fekilde kaleme al\u0131nm\u0131\u015f zekice bir hik\u00e2ye. Denizin Alt\u0131na D\u00fc\u015fen K\u0131z bir taraftan nefes kesici bir macera, \u00f6teki taraftan fantastik bir romans ve b\u00fct\u00fcn\u00fcyle b\u00fcy\u00fcleyici.\u201d \u2014Stephanie Garber   \u201cSevgiyle dolup ta\u015fan bir \u00f6yk\u00fc. Denizin Alt\u0131na D\u00fc\u015fen K\u0131z sizi a\u015f\u0131r\u0131 b\u00fcy\u00fcl\u00fc bir diyara do\u011fru bir yolculu\u011fa \u00e7\u0131karacak. Axie Oh\u2019un karakterleri kalbimin tamam\u0131n\u0131 ele ge\u00e7irdi.\u201d \u2014Chloe Gong   \u201cKlasik bir Kore halk hik\u00e2yesini temel alan bu mest edici roman tanr\u0131lar, tayflar, iblisler ve ejderhalarla dolu bir diyar\u0131 canl\u0131 k\u0131l\u0131yor. Hem kalbe hem ruha yap\u0131lan bir yolculuk. \u00c7ekici d\u00fcnya in\u015fas\u0131, h\u0131zl\u0131 olay \u00f6rg\u00fcs\u00fc ve unutulmaz karakterleriyle, Denizin Alt\u0131na D\u00fc\u015fen K\u0131z okurlar\u0131n\u0131 b\u00fcy\u00fcleyecek, keyiflendirecek ve \u015fa\u015f\u0131rtacak.\u201d \u2014Juliet Marillier   \u201cDuygular ve tuhafl\u0131klarla dolu g\u00f6rkemli bir masal d\u00fcnyas\u0131. Studio Ghibli hayranlar\u0131 i\u00e7in birebir!\u201d \u2014Natasha Ngan   \u201cDenizin Alt\u0131na D\u00fc\u015fen K\u0131z, k\u00f6klerini Kore mitinden alan tayflar \u00e2lemi tasviriyle beni \u00e2deta esir ald\u0131. Ailenin ve sevginin g\u00fcc\u00fcn\u00fc konu eden hik\u00e2yesiyle ise duyguland\u0131rd\u0131. Yeni favorim, m\u00fcthi\u015f!\u201d \u2014Xiran Jay Zhao, Iron Widow\u2019un New York Times \u00c7oksatan Yazar\u0131   \u201cSevgi, aile ve fedak\u00e2rl\u0131k \u00fczerine yaz\u0131lm\u0131\u015f bu harika hik\u00e2ye canl\u0131 bir hayal g\u00fcc\u00fcn\u00fcn \u00fcr\u00fcn\u00fc. Studio Ghibli hayranlar\u0131 bu b\u00fcy\u00fcl\u00fc \u00f6yk\u00fcye tapacak!\u201d \u2014June CL Tan   \u201cKendi kaderini yazmak \u00fczerine g\u00fc\u00e7 veren bir fantastik hik\u00e2ye. Her sayfada muhte\u015fem ve yeni bir \u015fey buldum, bu y\u00fczden de kitab\u0131 elimden b\u0131rakamad\u0131m \u00e7\u00fcnk\u00fc bu harikulade ve bamba\u015fka d\u00fcnyay\u0131 daha yak\u0131ndan ke\u015ffetmek istedim.\u201d \u2014The New York Times   \u201cLeziz bi\u00e7imde sevimli\u2026 B\u00fct\u00fcn kalbimle sevdi\u011fim heyecan verici bir fantastik romans. Tek \u015fik\u00e2yetim daha uzun olmamas\u0131, ki bu hi\u00e7 de \u015fik\u00e2yet say\u0131lmaz.\u201d \u2014NPR   \u201cBu g\u00f6rkemli kitap ba\u015fl\u0131 ba\u015f\u0131na b\u00fcy\u00fcl\u00fc bir efsane.\u201d \u2014Buzzfeed   \u201cBu kitap cesur bir kad\u0131n kahraman, y\u00fcre\u011finize dokunacak aile ili\u015fkileri ve tanr\u0131larla \u00f6l\u00fcml\u00fcler d\u00fcnyas\u0131 aras\u0131ndaki y\u0131prat\u0131c\u0131 ve y\u00fckl\u00fc ilgin\u00e7 ba\u011f\u0131 konu ediniyor\u2026 \u00c7o\u011fu okuru esas \u00e7ekecek \u015fey m\u00fcthi\u015f derecede detayl\u0131 tayflar \u00e2lemi ve Oh\u2019nun Shim Cheong efsanesine zekice at\u0131fta bulunmas\u0131 olacakt\u0131r. Do\u011fa\u00fcst\u00fc K-drama ve Lim\u2019in \u015eafa\u011f\u0131 \u00d6r serisi hayranlar\u0131 bu kitab\u0131 yalay\u0131p yutacak.\u201d \u2014The Bulletin   \u201cOh detayl\u0131 ve ilgi \u00e7ekici bir \u00f6yk\u00fc dokuyor\u2026 Cezbedilen okurlar hik\u00e2yenin derinliklerine dalmay\u0131 arzulayacaklar. \u0130\u00e7inde kaybolmak i\u00e7in m\u00fcthi\u015f bir fantastik d\u00fcnya.\u201d \u2014Kirkus Reviews   \u201cMoon Lovers gibi tarihi K-dramalar\u0131n hayran\u0131 olan okurlar\u0131 tatmin edecek, atmosferin \u00e7ok g\u00fc\u00e7l\u00fc kuruldu\u011fu bir yeniden anlat\u0131m.\u201d \u2014Publishers Weekly   \u201c\u00dcslubu muazzam, i\u00e7ten ve tasvirleri \u00e7ok ho\u015f. G\u00fcl\u00fcmsedim, a\u011flad\u0131m, hem a\u011flay\u0131p hem g\u00fcl\u00fcmsedim. Daha en ba\u015f\u0131ndan zamans\u0131z bir klasik okuyormu\u015fum gibi geldi.\u201d \u2014Forever Young Adult <\/p>\n","protected":false},"excerpt":{"rendered":"<p>Nesillerdir Mina\u2019n\u0131n k\u00f6y\u00fc \u00f6l\u00fcmc\u00fcl f\u0131rt\u0131nalarla yerle bir oluyordu. Seller evleri yutuyor, geriye az biraz kalan kaynaklar u\u011fruna kanl\u0131 sava\u015flar veriliyordu. Bir zamanlar biricik koruyucular\u0131 olan Deniz<span class=\"excerpt-hellip\"> [\u2026]<\/span><\/p>\n","protected":false},"featured_media":0,"template":"","meta":{"_monsterinsights_skip_tracking":false,"_monsterinsights_sitenote_active":false,"_monsterinsights_sitenote_note":"","_monsterinsights_sitenote_category":0},"product_brand":[],"product_cat":[12291,14777],"product_tag":[],"class_list":{"0":"post-754533","1":"product","2":"type-product","3":"status-publish","5":"product_cat-edebiyat","6":"product_cat-fantastik","7":"pa_cilt-ciltsiz","8":"pa_tur-kitap","9":"pa_yayinevi-yabanci-yayinevi","10":"pa_yazar-axie-oh","12":"first","13":"instock","14":"sale","15":"shipping-taxable","16":"purchasable","17":"product-type-simple"},"_links":{"self":[{"href":"https:\/\/roveyayinevi.com.tr\/index.php\/wp-json\/wp\/v2\/product\/754533","targetHints":{"allow":["GET"]}}],"collection":[{"href":"https:\/\/roveyayinevi.com.tr\/index.php\/wp-json\/wp\/v2\/product"}],"about":[{"href":"https:\/\/roveyayinevi.com.tr\/index.php\/wp-json\/wp\/v2\/types\/product"}],"wp:attachment":[{"href":"https:\/\/roveyayinevi.com.tr\/index.php\/wp-json\/wp\/v2\/media?parent=754533"}],"wp:term":[{"taxonomy":"product_brand","embeddable":true,"href":"https:\/\/roveyayinevi.com.tr\/index.php\/wp-json\/wp\/v2\/product_brand?post=754533"},{"taxonomy":"product_cat","embeddable":true,"href":"https:\/\/roveyayinevi.com.tr\/index.php\/wp-json\/wp\/v2\/product_cat?post=754533"},{"taxonomy":"product_tag","embeddable":true,"href":"https:\/\/roveyayinevi.com.tr\/index.php\/wp-json\/wp\/v2\/product_tag?post=754533"}],"curies":[{"name":"wp","href":"https:\/\/api.w.org\/{rel}","templated":true}]}}