{"id":754531,"date":"2025-08-28T06:13:41","date_gmt":"2025-08-28T03:13:41","guid":{"rendered":"https:\/\/roveyayinevi.com.tr\/index.php\/urun\/kozmik-sorular-startalktan-kim-oldugumuza-buraya-nasil-geldigimize-ve-nereye-gittigimize-dair-bir-rehber\/"},"modified":"2026-04-16T03:07:52","modified_gmt":"2026-04-16T00:07:52","slug":"kozmik-sorular-startalktan-kim-oldugumuza-buraya-nasil-geldigimize-ve-nereye-gittigimize-dair-bir-rehber","status":"publish","type":"product","link":"https:\/\/roveyayinevi.com.tr\/index.php\/urun\/kozmik-sorular-startalktan-kim-oldugumuza-buraya-nasil-geldigimize-ve-nereye-gittigimize-dair-bir-rehber\/","title":{"rendered":"Kozmik Sorular: StarTalk\u2019tan Kim Oldu\u011fumuza, Buraya Nas\u0131l Geldi\u011fimize ve Nereye Gitti\u011fimize Dair Bir Rehber"},"content":{"rendered":"<p>Kozmosun s\u0131r perdesi aralan\u0131yor!   Uzay ara\u00e7lar\u0131 daha uzaklara gittik\u00e7e, h\u0131zland\u0131r\u0131c\u0131lar atomlar\u0131 daha k\u00fc\u00e7\u00fck par\u00e7alara ay\u0131rd\u0131k\u00e7a ve teleskoplar milyarlarca \u0131\u015f\u0131k y\u0131l\u0131 uzaktan sinyal yakalamay\u0131 ba\u015fard\u0131k\u00e7a evrene ve evrendeki yerimize dair anlay\u0131\u015f\u0131m\u0131z sars\u0131c\u0131 bi\u00e7imde de\u011fi\u015fmeye devam ediyor. Kozmik Sorular kitab\u0131nda Neil deGrasse Tyson, se\u00e7kin fizik\u00e7i James Trefil ile birlikte felsefenin uzun y\u0131llard\u0131r sordu\u011fu sorular\u0131 yan\u0131tlamak i\u00e7in astrofizi\u011fin en g\u00fcncel fikirlerini kullan\u0131yor: Nereden geldik? Her \u015fey nas\u0131l ba\u015flad\u0131, nas\u0131l bitecek? Bu evrende yaln\u0131z m\u0131y\u0131z? Bunu nas\u0131l \u00f6\u011frenebiliriz?   Eratosthenes\u2019ten Galileo\u2019ya eskilerin bilgeli\u011fini temel alan ve \u00f6tegezegenlerin ke\u015ffi ile n\u00fckleer par\u00e7ac\u0131klar\u0131n tan\u0131mlanmas\u0131 gibi en g\u00fcncel bilimsel bilgiyi kullanan Tyson, kendisinin alameti farikas\u0131 haline gelmi\u015f k\u0131vrak zek\u00e2s\u0131 ve n\u00fckteli diliyle bizi ge\u00e7mi\u015ften gelece\u011fe, en k\u00fc\u00e7\u00fckten en b\u00fcy\u00fc\u011fe, bilgimizin s\u0131n\u0131rlar\u0131ndan u\u00e7suz bucaks\u0131z bilinmezli\u011fe do\u011fru bir yolculu\u011fa \u00e7\u0131kar\u0131yor ve bizi her zaman yukar\u0131 bakmaya davet ediyor. <\/p>\n","protected":false},"excerpt":{"rendered":"<p>Kozmosun s\u0131r perdesi aralan\u0131yor! Uzay ara\u00e7lar\u0131 daha uzaklara gittik\u00e7e, h\u0131zland\u0131r\u0131c\u0131lar atomlar\u0131 daha k\u00fc\u00e7\u00fck par\u00e7alara ay\u0131rd\u0131k\u00e7a ve teleskoplar milyarlarca \u0131\u015f\u0131k y\u0131l\u0131 uzaktan sinyal yakalamay\u0131 ba\u015fard\u0131k\u00e7a evrene ve<span class=\"excerpt-hellip\"> [\u2026]<\/span><\/p>\n","protected":false},"featured_media":0,"template":"","meta":{"_monsterinsights_skip_tracking":false,"_monsterinsights_sitenote_active":false,"_monsterinsights_sitenote_note":"","_monsterinsights_sitenote_category":0},"product_brand":[],"product_cat":[13005,13006],"product_tag":[],"class_list":{"0":"post-754531","1":"product","2":"type-product","3":"status-publish","5":"product_cat-bilim-muhendislik","6":"product_cat-populer-bilim","7":"pa_cilt-ciltsiz","8":"pa_tur-kitap","9":"pa_yayinevi-nova-kitap","10":"pa_yazar-neil-de-grasse-tyson-james-trefil-ed-lindsey-n-walker","12":"first","13":"instock","14":"sale","15":"shipping-taxable","16":"purchasable","17":"product-type-simple"},"_links":{"self":[{"href":"https:\/\/roveyayinevi.com.tr\/index.php\/wp-json\/wp\/v2\/product\/754531","targetHints":{"allow":["GET"]}}],"collection":[{"href":"https:\/\/roveyayinevi.com.tr\/index.php\/wp-json\/wp\/v2\/product"}],"about":[{"href":"https:\/\/roveyayinevi.com.tr\/index.php\/wp-json\/wp\/v2\/types\/product"}],"wp:attachment":[{"href":"https:\/\/roveyayinevi.com.tr\/index.php\/wp-json\/wp\/v2\/media?parent=754531"}],"wp:term":[{"taxonomy":"product_brand","embeddable":true,"href":"https:\/\/roveyayinevi.com.tr\/index.php\/wp-json\/wp\/v2\/product_brand?post=754531"},{"taxonomy":"product_cat","embeddable":true,"href":"https:\/\/roveyayinevi.com.tr\/index.php\/wp-json\/wp\/v2\/product_cat?post=754531"},{"taxonomy":"product_tag","embeddable":true,"href":"https:\/\/roveyayinevi.com.tr\/index.php\/wp-json\/wp\/v2\/product_tag?post=754531"}],"curies":[{"name":"wp","href":"https:\/\/api.w.org\/{rel}","templated":true}]}}