{"id":754530,"date":"2025-08-28T06:13:39","date_gmt":"2025-08-28T03:13:39","guid":{"rendered":"https:\/\/roveyayinevi.com.tr\/index.php\/urun\/isigin-iki-yuzu\/"},"modified":"2026-04-16T03:07:52","modified_gmt":"2026-04-16T00:07:52","slug":"isigin-iki-yuzu","status":"publish","type":"product","link":"https:\/\/roveyayinevi.com.tr\/index.php\/urun\/isigin-iki-yuzu\/","title":{"rendered":"I\u015f\u0131\u011f\u0131n \u0130ki Y\u00fcz\u00fc"},"content":{"rendered":"<p>Empatinin en kuvvetli kaleminden ne \u00e7\u0131ksa soluksuz okunuyor, \u00fcstelik Jodi Picoult bir zamanlama ustas\u0131. I\u015f\u0131\u011f\u0131n \u0130ki Y\u00fcz\u00fc sizi bir kez daha \u015fa\u015fk\u0131na \u00e7evirecek.Merkez\u2019de s\u0131radan bir sonbahar g\u00fcn\u00fc&#8230; Her \u015fey yolunda g\u00f6r\u00fcn\u00fcyor.Ta ki g\u00f6z\u00fc d\u00f6nm\u00fc\u015f silahl\u0131 bir adam ate\u015f a\u00e7\u0131p i\u00e7erideki herkesi rehin alana dek.Rehine arabulucusu Hugh McElroy, vakit kaybetmeden olay yerine intikal ediyor.Tam ileti\u015fime ge\u00e7meye haz\u0131rken telefonuna gelen mesaj, acil durumu k\u00e2busa \u00e7eviriyor.Rehineler aras\u0131nda kendi k\u0131z\u0131 da var: Wren.K\u0131sac\u0131k hayat\u0131n\u0131n en k\u00f6t\u00fc g\u00fcn\u00fcn\u00fc ya\u015fayan Wren\u2019e, Merkez\u2019de unutulmaz karakterler e\u015flik ediyor:Hayat kurtarmaya \u00e7al\u0131\u015fan bir hem\u015fire, i\u015fini ve inanc\u0131n\u0131 en ba\u015ftan sorgulamak zorunda kalacak bir doktor, hasta k\u0131l\u0131\u011f\u0131nda bir k\u00fcrtaj kar\u015f\u0131t\u0131, hamileli\u011fini sonland\u0131rmak isteyen gen\u00e7 bir kad\u0131n ve sesini duyurmaya \u00e7al\u0131\u015fan bir adam&#8230;Hamile bir kad\u0131n ve do\u011fmam\u0131\u015f bir \u00e7ocuk e\u015fit haklara m\u0131 sahiptir?\u0130yi ebeveyn olmak nedir ve do\u011fru her zaman tek midir?Art\u0131k \u015fu do\u011fmama ve do\u011furmama hakk\u0131n\u0131 ciddi bir \u015fekilde konu\u015fal\u0131m m\u0131?Jodi Picoult\u2019nun sondan ba\u015fa do\u011fru kaleme ald\u0131\u011f\u0131 I\u015f\u0131\u011f\u0131n \u0130ki Y\u00fcz\u00fc, on bir saatte birbirine hi\u00e7 benzemeyen on karakterin ayn\u0131 kaderde nas\u0131l kesi\u015fti\u011finin sars\u0131c\u0131 hik\u00e2yesi, sordu\u011fu yak\u0131c\u0131 sorularla cesur bir meydan okuma.Jodi Picoult\u2019nun en iyi i\u015flerinden: I\u015f\u0131\u011f\u0131n \u0130ki Y\u00fcz\u00fc hassas bir konuyu, ustal\u0131kla ele al\u0131yor.PeopleJodi Picoult\u2019nun saat saat geriye do\u011fru ilerleyen m\u00fcthi\u015f roman\u0131, \u00e7etrefilli sosyal konular\u0131 d\u00fcr\u00fcstl\u00fckle tart\u0131\u015fmaya a\u00e7\u0131yor.Us WeeklyPicoult bir kez daha derin ara\u015ft\u0131rmalar\u0131yla edebiyat\u0131n\u0131 bulu\u015fturuyor. I\u015f\u0131\u011f\u0131n \u0130ki Y\u00fcz\u00fc, k\u00fcrtaj tarihini g\u00f6zler \u00f6n\u00fcne seren ve iki taraf\u0131n da asl\u0131nda ne demek istedi\u011fini sorgulayan g\u00fc\u00e7l\u00fc bir roman.Publishers WeeklyI\u015f\u0131\u011f\u0131n \u0130ki Y\u00fcz\u00fc, Picoult\u2019nun yeni zaferinin ad\u0131. G\u00fcn\u00fcm\u00fczde her zamankinden daha \u00e7ok tart\u0131\u015f\u0131lan bir konunun k\u0131\u015fk\u0131rt\u0131c\u0131 ke\u015ffiyle kar\u015f\u0131 kar\u015f\u0131yay\u0131z.BookpagePicoult, politikac\u0131lar\u0131n ba\u015faramad\u0131\u011f\u0131n\u0131 edebiyat\u0131yla ba\u015far\u0131yor.Library JournalPicoult en cesur haliyle kar\u015f\u0131m\u0131zda\u2026 Tam k\u0131vam\u0131nda, dengeli ve kesinlikle \u00e7ok ses getirecek bir roman.Washington Post<\/p>\n","protected":false},"excerpt":{"rendered":"<p>Empatinin en kuvvetli kaleminden ne \u00e7\u0131ksa soluksuz okunuyor, \u00fcstelik Jodi Picoult bir zamanlama ustas\u0131. I\u015f\u0131\u011f\u0131n \u0130ki Y\u00fcz\u00fc sizi bir kez daha \u015fa\u015fk\u0131na \u00e7evirecek.Merkez\u2019de s\u0131radan bir sonbahar<span class=\"excerpt-hellip\"> [\u2026]<\/span><\/p>\n","protected":false},"featured_media":0,"template":"","meta":{"_monsterinsights_skip_tracking":false,"_monsterinsights_sitenote_active":false,"_monsterinsights_sitenote_note":"","_monsterinsights_sitenote_category":0},"product_brand":[],"product_cat":[12291,12711],"product_tag":[],"class_list":{"0":"post-754530","1":"product","2":"type-product","3":"status-publish","5":"product_cat-edebiyat","6":"product_cat-roman-oyku","7":"pa_cilt-ciltsiz","8":"pa_tur-kitap","9":"pa_yayinevi-april-yayincilik","10":"pa_yazar-jodi-picoult","12":"first","13":"instock","14":"sale","15":"shipping-taxable","16":"purchasable","17":"product-type-simple"},"_links":{"self":[{"href":"https:\/\/roveyayinevi.com.tr\/index.php\/wp-json\/wp\/v2\/product\/754530","targetHints":{"allow":["GET"]}}],"collection":[{"href":"https:\/\/roveyayinevi.com.tr\/index.php\/wp-json\/wp\/v2\/product"}],"about":[{"href":"https:\/\/roveyayinevi.com.tr\/index.php\/wp-json\/wp\/v2\/types\/product"}],"wp:attachment":[{"href":"https:\/\/roveyayinevi.com.tr\/index.php\/wp-json\/wp\/v2\/media?parent=754530"}],"wp:term":[{"taxonomy":"product_brand","embeddable":true,"href":"https:\/\/roveyayinevi.com.tr\/index.php\/wp-json\/wp\/v2\/product_brand?post=754530"},{"taxonomy":"product_cat","embeddable":true,"href":"https:\/\/roveyayinevi.com.tr\/index.php\/wp-json\/wp\/v2\/product_cat?post=754530"},{"taxonomy":"product_tag","embeddable":true,"href":"https:\/\/roveyayinevi.com.tr\/index.php\/wp-json\/wp\/v2\/product_tag?post=754530"}],"curies":[{"name":"wp","href":"https:\/\/api.w.org\/{rel}","templated":true}]}}