{"id":754529,"date":"2025-08-28T06:13:37","date_gmt":"2025-08-28T03:13:37","guid":{"rendered":"https:\/\/roveyayinevi.com.tr\/index.php\/urun\/hilal-4\/"},"modified":"2026-04-16T03:07:52","modified_gmt":"2026-04-16T00:07:52","slug":"hilal-4","status":"publish","type":"product","link":"https:\/\/roveyayinevi.com.tr\/index.php\/urun\/hilal-4\/","title":{"rendered":"Hilal 4"},"content":{"rendered":"<p>Hilal\u2019in eksantrik, apacayip, entrikalarla, hezeyanlarla ve delilik kokan d\u00fc\u015flerle bezenmi\u015f d\u00fcnyas\u0131n\u0131n d\u00f6rd\u00fcnc\u00fc kitab\u0131na ho\u015f geldiniz.   Serinin ilk kez bas\u0131lan ve okuyucusuyla da ilk kez bulu\u015facak olan yeni kitab\u0131nda, art\u0131k Vah\u015fi Bat\u0131\u2019ya d\u00f6nm\u00fc\u015f okulundan tutun da nam\u0131 \u00f6teki d\u00fcnyalara kadar uzanm\u0131\u015f Hilal\u2019e cehennemden ambargo konmas\u0131na kadar bir dolu fantastik hik\u00e2ye sizleri bekliyor. Annesinin rutin despotluklar\u0131 ve babas\u0131n\u0131n al\u0131\u015f\u0131lageldik angutluklar\u0131 aras\u0131nda her t\u00fcrl\u00fc serserili\u011fi yapmay\u0131 kendinde hak g\u00f6ren Hilal\u2019in hi\u00e7 de durulup uslanaca\u011f\u0131 da yok hani. Hatta a\u015fk\u0131 i\u00e7in cehennemden kovulmay\u0131 g\u00f6ze alan Lucifer\u2019\u0131n da onda \u015fans\u0131 yok gibi. Ne de olsa bu k\u0131z \u015feytana bile pabucunu ters giydiriyor.   Usta \u00e7izer Kenan Yarar\u2019\u0131n k\u00fcltle\u015fmi\u015f \u00e7izgi roman serisi Hilal\u2019in ilk kez bas\u0131lan d\u00f6rd\u00fcnc\u00fc cildinde Lombak dergisine \u00e7izdi\u011fi maceralar tekrar bir araya geliyor. Her bir sayfas\u0131n\u0131n \u00e7izer taraf\u0131ndan ince ince elenip s\u0131k dokundu\u011fu, renklendirildi\u011fi ve d\u00fczenlendi\u011fi bu yeni edisyonda \u201cH\u0130LAL \u00d6ZEL\u201d b\u00f6l\u00fcm\u00fc ile Hilal\u2019e dair bildiklerimizin d\u0131\u015f\u0131nda \u015foke edici \u00f6nemli bilgiler payla\u015f\u0131l\u0131yor. B\u00f6ylece \u015fahit oldu\u011fumuz Hilal hik\u00e2yelerindeki hezeyanlara yeni bir boyut daha ekleniyor<\/p>\n","protected":false},"excerpt":{"rendered":"<p>Hilal\u2019in eksantrik, apacayip, entrikalarla, hezeyanlarla ve delilik kokan d\u00fc\u015flerle bezenmi\u015f d\u00fcnyas\u0131n\u0131n d\u00f6rd\u00fcnc\u00fc kitab\u0131na ho\u015f geldiniz. Serinin ilk kez bas\u0131lan ve okuyucusuyla da ilk kez bulu\u015facak olan<span class=\"excerpt-hellip\"> [\u2026]<\/span><\/p>\n","protected":false},"featured_media":0,"template":"","meta":{"_monsterinsights_skip_tracking":false,"_monsterinsights_sitenote_active":false,"_monsterinsights_sitenote_note":"","_monsterinsights_sitenote_category":0},"product_brand":[],"product_cat":[12416,12291],"product_tag":[],"class_list":{"0":"post-754529","1":"product","2":"type-product","3":"status-publish","5":"product_cat-cizgi-roman","6":"product_cat-edebiyat","7":"pa_cilt-ciltsiz","8":"pa_tur-kitap","9":"pa_yayinevi-ithaki-yayinlari","10":"pa_yazar-kenan-yarar","12":"first","13":"instock","14":"sale","15":"shipping-taxable","16":"purchasable","17":"product-type-simple"},"_links":{"self":[{"href":"https:\/\/roveyayinevi.com.tr\/index.php\/wp-json\/wp\/v2\/product\/754529","targetHints":{"allow":["GET"]}}],"collection":[{"href":"https:\/\/roveyayinevi.com.tr\/index.php\/wp-json\/wp\/v2\/product"}],"about":[{"href":"https:\/\/roveyayinevi.com.tr\/index.php\/wp-json\/wp\/v2\/types\/product"}],"wp:attachment":[{"href":"https:\/\/roveyayinevi.com.tr\/index.php\/wp-json\/wp\/v2\/media?parent=754529"}],"wp:term":[{"taxonomy":"product_brand","embeddable":true,"href":"https:\/\/roveyayinevi.com.tr\/index.php\/wp-json\/wp\/v2\/product_brand?post=754529"},{"taxonomy":"product_cat","embeddable":true,"href":"https:\/\/roveyayinevi.com.tr\/index.php\/wp-json\/wp\/v2\/product_cat?post=754529"},{"taxonomy":"product_tag","embeddable":true,"href":"https:\/\/roveyayinevi.com.tr\/index.php\/wp-json\/wp\/v2\/product_tag?post=754529"}],"curies":[{"name":"wp","href":"https:\/\/api.w.org\/{rel}","templated":true}]}}