{"id":754527,"date":"2025-08-28T06:13:33","date_gmt":"2025-08-28T03:13:33","guid":{"rendered":"https:\/\/roveyayinevi.com.tr\/index.php\/urun\/sakli-cehennem\/"},"modified":"2026-04-16T03:07:52","modified_gmt":"2026-04-16T00:07:52","slug":"sakli-cehennem","status":"publish","type":"product","link":"https:\/\/roveyayinevi.com.tr\/index.php\/urun\/sakli-cehennem\/","title":{"rendered":"Sakl\u0131 Cehennem"},"content":{"rendered":"<p>\u201cYa\u015fam bile&#8230; Yal\u0131t\u0131mla ba\u015flad\u0131!&#8230; \u0130lk h\u00fccrenin kendini&#8230; Yal\u0131tmas\u0131yla!&#8230; \u0130nsan ilk duvar\u0131&#8230; \u0130n\u015fa etti\u011finde&#8230; \u0130nsan oldu! Tarihin b\u00fcy\u00fck insanlar\u0131&#8230; Kendilerini yal\u0131tt\u0131lar! Sen kendini&#8230; Yal\u0131tm\u0131yor musun?&#8230;\u201d   Bilim ile kurgu aras\u0131nda sal\u0131nan eserleriyle tan\u0131d\u0131\u011f\u0131m\u0131z Levent \u015eeny\u00fcrek, yeni roman\u0131nda da okuru benzer bir gelgite s\u00fcr\u00fckl\u00fcyor, ikilemde b\u0131rak\u0131yor.   Sakl\u0131 Cehennem, konforlu hale getirdi\u011fimizi d\u00fc\u015f\u00fcnd\u00fc\u011f\u00fcm\u00fcz ya\u015fant\u0131lar\u0131m\u0131z\u0131 biraz olsun sorgulad\u0131\u011f\u0131m\u0131zda bizleri bekleyen o ayd\u0131nlanma \u00e2n\u0131n\u0131 hat\u0131rlatan bir distopya!   \u201cYa\u015fam oyununu kaybetmi\u015fti Cevher; hem de kazanmakta oldu\u011funu zannederken&#8230; Ya\u015famda da oyunlarda oldu\u011fu gibi insan\u0131n art\u0131k kazanamayaca\u011f\u0131n\u0131 anlay\u0131p kabul etti\u011fi bir an gelebilirdi ama oyunlardan \u00e7\u0131k\u0131l\u0131r gibi ya\u015famdan vazge\u00e7ilemiyordu.\u201d <\/p>\n","protected":false},"excerpt":{"rendered":"<p>\u201cYa\u015fam bile&#8230; Yal\u0131t\u0131mla ba\u015flad\u0131!&#8230; \u0130lk h\u00fccrenin kendini&#8230; Yal\u0131tmas\u0131yla!&#8230; \u0130nsan ilk duvar\u0131&#8230; \u0130n\u015fa etti\u011finde&#8230; \u0130nsan oldu! Tarihin b\u00fcy\u00fck insanlar\u0131&#8230; Kendilerini yal\u0131tt\u0131lar! Sen kendini&#8230; Yal\u0131tm\u0131yor musun?&#8230;\u201d Bilim ile<span class=\"excerpt-hellip\"> [\u2026]<\/span><\/p>\n","protected":false},"featured_media":0,"template":"","meta":{"_monsterinsights_skip_tracking":false,"_monsterinsights_sitenote_active":false,"_monsterinsights_sitenote_note":"","_monsterinsights_sitenote_category":0},"product_brand":[],"product_cat":[12540,12291],"product_tag":[],"class_list":{"0":"post-754527","1":"product","2":"type-product","3":"status-publish","5":"product_cat-bilim-kurgu","6":"product_cat-edebiyat","7":"pa_cilt-ciltsiz","8":"pa_tur-kitap","9":"pa_yayinevi-ithaki-yayinlari","10":"pa_yazar-levent-senyurek","12":"first","13":"instock","14":"sale","15":"shipping-taxable","16":"purchasable","17":"product-type-simple"},"_links":{"self":[{"href":"https:\/\/roveyayinevi.com.tr\/index.php\/wp-json\/wp\/v2\/product\/754527","targetHints":{"allow":["GET"]}}],"collection":[{"href":"https:\/\/roveyayinevi.com.tr\/index.php\/wp-json\/wp\/v2\/product"}],"about":[{"href":"https:\/\/roveyayinevi.com.tr\/index.php\/wp-json\/wp\/v2\/types\/product"}],"wp:attachment":[{"href":"https:\/\/roveyayinevi.com.tr\/index.php\/wp-json\/wp\/v2\/media?parent=754527"}],"wp:term":[{"taxonomy":"product_brand","embeddable":true,"href":"https:\/\/roveyayinevi.com.tr\/index.php\/wp-json\/wp\/v2\/product_brand?post=754527"},{"taxonomy":"product_cat","embeddable":true,"href":"https:\/\/roveyayinevi.com.tr\/index.php\/wp-json\/wp\/v2\/product_cat?post=754527"},{"taxonomy":"product_tag","embeddable":true,"href":"https:\/\/roveyayinevi.com.tr\/index.php\/wp-json\/wp\/v2\/product_tag?post=754527"}],"curies":[{"name":"wp","href":"https:\/\/api.w.org\/{rel}","templated":true}]}}