{"id":754526,"date":"2025-08-28T06:13:31","date_gmt":"2025-08-28T03:13:31","guid":{"rendered":"https:\/\/roveyayinevi.com.tr\/index.php\/urun\/gumus-yayin-tanrisi\/"},"modified":"2026-04-16T03:07:52","modified_gmt":"2026-04-16T00:07:52","slug":"gumus-yayin-tanrisi","status":"publish","type":"product","link":"https:\/\/roveyayinevi.com.tr\/index.php\/urun\/gumus-yayin-tanrisi\/","title":{"rendered":"G\u00fcm\u00fc\u015f Yay\u0131n Tanr\u0131s\u0131"},"content":{"rendered":"<p>FANTAST\u0130K EDEB\u0130YATIN EN B\u00dcY\u00dcK \u0130S\u0130MLER\u0130NDEN DAVID GEMMELL, TROYA \u00dc\u00c7LEMES\u0130N\u0130N \u0130LK K\u0130TABI G\u00dcM\u00dc\u015e YAYIN TANRISI \u0130LE S\u0130Z\u0130 EP\u0130K B\u0130R YOLCULU\u011eA \u00c7IKARIYOR.   Bir\u00e7ok ad\u0131 vard\u0131. Baz\u0131lar\u0131 ona Alt\u0131n Olan derdi; baz\u0131lar\u0131 ise G\u00fcm\u00fc\u015f Yay\u0131n Tanr\u0131s\u0131. Dardanyal\u0131lar i\u00e7in o Prens Aeneas\u2019t\u0131. Ama dostlar\u0131 i\u00e7in o Helikaon\u2019du. G\u00fc\u00e7l\u00fc, h\u0131zl\u0131, k\u0131vrak zek\u00e2l\u0131, cesur bir sava\u015f\u00e7\u0131, d\u00fc\u015fmanlar\u0131n\u0131n nefret etti\u011fi, Troyal\u0131 m\u00fcttefiklerinin bile korktu\u011fu biri. \u00c7\u00fcnk\u00fc Alt\u0131n Olan\u2019\u0131n kalbinde bir karanl\u0131k, uyand\u0131\u011f\u0131 anda ancak kanla yat\u0131\u015ft\u0131r\u0131labilecek bir vah\u015fet yatard\u0131.   Mikenli Argurios e\u015fsiz bir sava\u015f\u00e7\u0131, sars\u0131lmaz ilkeleri ve k\u0131r\u0131lmaz iradesi olan bir adamd\u0131. T\u00fcm Miken sava\u015f\u00e7\u0131lar\u0131 gibi o da fethetmek ve \u00f6ld\u00fcrmek i\u00e7in ya\u015f\u0131yordu. Kral Agamemnon taraf\u0131ndan alt\u0131n \u015fehir Troya\u2019n\u0131n savunmas\u0131n\u0131 incelemesi i\u00e7in g\u00f6nderilen Helikaon\u2019un ezeli d\u00fc\u015fman\u0131yd\u0131.   Andromakhe, Troya Prensi Hektor\u2019la kendi iste\u011fi d\u0131\u015f\u0131nda ni\u015fanlanm\u0131\u015f bir Thera rahibesiydi. Gelenekleri k\u00fc\u00e7\u00fcmseyen, sava\u015f sanatlar\u0131nda yetenekli ve tarikat\u0131na kendini adam\u0131\u015f biriydi. Ve Andromakhe istedi\u011fi ki\u015fiyi sevmeye, istedi\u011fi gibi ya\u015famaya yemin etmi\u015fti.   Kader bu \u00fc\u00e7l\u00fcy\u00fc bir araya getirmek, tutkulu bir a\u015fk\u0131n ve nefretin k\u0131v\u0131lc\u0131mlar\u0131yla d\u00fcnyay\u0131 saracak bir sava\u015f\u0131n ate\u015fini yakmak \u00fczereydi.   \u201cDavid Gemmell olmasayd\u0131 fantastik edebiyat \u015fu anki durumda olmazd\u0131!\u201d \u2013R. A. Salvatore <\/p>\n","protected":false},"excerpt":{"rendered":"<p>FANTAST\u0130K EDEB\u0130YATIN EN B\u00dcY\u00dcK \u0130S\u0130MLER\u0130NDEN DAVID GEMMELL, TROYA \u00dc\u00c7LEMES\u0130N\u0130N \u0130LK K\u0130TABI G\u00dcM\u00dc\u015e YAYIN TANRISI \u0130LE S\u0130Z\u0130 EP\u0130K B\u0130R YOLCULU\u011eA \u00c7IKARIYOR. Bir\u00e7ok ad\u0131 vard\u0131. Baz\u0131lar\u0131 ona Alt\u0131n<span class=\"excerpt-hellip\"> [\u2026]<\/span><\/p>\n","protected":false},"featured_media":0,"template":"","meta":{"_monsterinsights_skip_tracking":false,"_monsterinsights_sitenote_active":false,"_monsterinsights_sitenote_note":"","_monsterinsights_sitenote_category":0},"product_brand":[],"product_cat":[12291,14777],"product_tag":[],"class_list":{"0":"post-754526","1":"product","2":"type-product","3":"status-publish","5":"product_cat-edebiyat","6":"product_cat-fantastik","7":"pa_cilt-ciltsiz","8":"pa_tur-kitap","9":"pa_yayinevi-ithaki-yayinlari","10":"pa_yazar-david-gemmell","12":"first","13":"instock","14":"sale","15":"shipping-taxable","16":"purchasable","17":"product-type-simple"},"_links":{"self":[{"href":"https:\/\/roveyayinevi.com.tr\/index.php\/wp-json\/wp\/v2\/product\/754526","targetHints":{"allow":["GET"]}}],"collection":[{"href":"https:\/\/roveyayinevi.com.tr\/index.php\/wp-json\/wp\/v2\/product"}],"about":[{"href":"https:\/\/roveyayinevi.com.tr\/index.php\/wp-json\/wp\/v2\/types\/product"}],"wp:attachment":[{"href":"https:\/\/roveyayinevi.com.tr\/index.php\/wp-json\/wp\/v2\/media?parent=754526"}],"wp:term":[{"taxonomy":"product_brand","embeddable":true,"href":"https:\/\/roveyayinevi.com.tr\/index.php\/wp-json\/wp\/v2\/product_brand?post=754526"},{"taxonomy":"product_cat","embeddable":true,"href":"https:\/\/roveyayinevi.com.tr\/index.php\/wp-json\/wp\/v2\/product_cat?post=754526"},{"taxonomy":"product_tag","embeddable":true,"href":"https:\/\/roveyayinevi.com.tr\/index.php\/wp-json\/wp\/v2\/product_tag?post=754526"}],"curies":[{"name":"wp","href":"https:\/\/api.w.org\/{rel}","templated":true}]}}