{"id":754522,"date":"2025-08-28T06:13:23","date_gmt":"2025-08-28T03:13:23","guid":{"rendered":"https:\/\/roveyayinevi.com.tr\/index.php\/urun\/karga-kafasi-ajanda-2024\/"},"modified":"2026-04-16T03:07:52","modified_gmt":"2026-04-16T00:07:52","slug":"karga-kafasi-ajanda-2024","status":"publish","type":"product","link":"https:\/\/roveyayinevi.com.tr\/index.php\/urun\/karga-kafasi-ajanda-2024\/","title":{"rendered":"Karga Kafas\u0131 Ajanda 2024"},"content":{"rendered":"<p>Yaln\u0131zl\u0131\u011f\u0131 Payla\u015fmak \u201cUlan\u201d dedim, \u201cne kadar yaln\u0131z kald\u0131k be.\u201d Cevap gelmedi. \u00c7\u00fcnk\u00fc, durumun do\u011fru tespitini ya\u015famaktayd\u0131m. \u201cYaln\u0131zs\u0131n\u201d dedim. \u201cBana m\u0131 diyorsun\u201d dedim sonra da. \u201cEvet\u201d dedim. \u201cBana diyorum&#8230;\u201d Uyand\u0131\u011f\u0131mda h\u00e2l\u00e2 ba\u015fak burcuydum. Kendimle ilgili bilgimi bununla s\u0131n\u0131rlamaya karar verdim. Ve ilk defa su\u00e7 da te\u015fkil etmiyordu bir \u015feye ait olmak. A\u015f\u0131r\u0131ya ka\u00e7mam gerekiyordu san\u0131r\u0131m. Tabiat\u0131m b\u00f6yle: \u201cBenimki iki \u2018\u015f\u2019 ile yaz\u0131l\u0131yor.\u201d Ba\u015fak burcunun \u00f6zelliklerine bir ara daha geni\u015f bir kaynaktan baksam. Kendimi tan\u0131mak i\u00e7in h\u00e2l\u00e2 ge\u00e7 de\u011fil. Etraf\u0131mda son kalanlar\u0131 da b\u00f6ylece kovalam\u0131\u015f olabilirim. Gerginim. Sen de \u00f6ylesin. En az\u0131ndan gerilmeye o kadar haz\u0131r\u0131z ki. Gergin olmad\u0131\u011f\u0131m\u0131z anlar as\u0131l gergin anlar\u0131m\u0131z\u0131n k\u0131sa sigara molalar\u0131. Gergin olmak insana hakl\u0131 hissettiriyor. Hissettirmiyor mu? \u201cHissettiriyor.\u201d \u201cZe Ku\u015fa\u011f\u0131 bitse de tekrar A\u2019dan ba\u015flasak\u201d dedim. Kimseden cevap gelmemesi fikirleri de geli\u015ftirmiyor. Barda\u011f\u0131n dolu taraf\u0131ndan bakarsak, bu \u015fekilde sorun \u00e7\u0131kmas\u0131 da ihtimal d\u0131\u015f\u0131. Bardak bo\u015f ama. Yaln\u0131zl\u0131kla ilgili ilk akla gelen \u015fiirden hi\u00e7 bahsetmeden bu yaz\u0131y\u0131 tamamlayaca\u011f\u0131m. Kendime s\u00f6z\u00fcm var. Bu meseleye ili\u015fkin kar\u015f\u0131 tezlerim de var. Ama biliyorum; hi\u00e7bir \u015fey de\u011fi\u015fmeyecek. \u00c7\u00fcnk\u00fc tart\u0131\u015fma olmayacak. Hayat nas\u0131l devam edecek. Sorunsuz. En az\u0131ndan bizim taraf\u0131m\u0131zdan eklenmi\u015f bir sorun daha ta\u015f\u0131mayacak zavall\u0131 hamal hayat. \u201cYaln\u0131z olmam\u0131z kapitalizmin i\u015fine geliyor\u201d dedi bah\u00e7emde iki g\u00fcnl\u00fckken buldu\u011fum gri kedim Gri. Minik bir danaya benziyor \u015fu anda. Bedava mama veriyorum ya, pozisyonunu kaybetmek istemiyor. \u201cYaln\u0131z de\u011filsin, bak ben var\u0131m\u201d diyen g\u00f6r\u00fcc\u00fc usul\u00fcyle evlenmi\u015f mecburi \u00e7iftiz Gri ile ben. Hava k\u0131\u015ft\u0131. B\u0131raksam \u00f6lecekti. \u201cYaln\u0131z olmam\u0131z kapitalizmin i\u015fine geliyor. Daha \u00e7ok sat\u0131\u015f yap\u0131yorlar\u201d dedi Gri yeniden. Bana yaranmak i\u00e7in konu\u015fuyor. \u201cKedilerden s\u00f6z etmiyoruz Gri\u201d dedim. Bo\u015f bakt\u0131 k\u0131sa s\u00fcre. Gerindi, uyudu. \u201cO bir arada\u2019y\u0131 ayr\u0131 yazmayacakt\u0131k!\u201d Bunu biri evimin duvar\u0131na yaz\u0131p gitmi\u015f olmal\u0131. Daha yeni boyatt\u0131k d\u0131\u015f cepheyi. Mantolad\u0131k. Giydirdik. O giyinince ev de giyinmi\u015f oldu. Ama mantolama yapanlar\u0131n \u00e7o\u011fu \u201cmantolama\u201d diyemiyor. Biz de s\u00f6yleyemeyi\u015flerini \u00e7ok seviyoruz. \u201cHer \u015fey s\u0131n\u0131fsal\u201d dedim. Her \u015fey oral\u0131 olmad\u0131. Yaln\u0131zl\u0131k, ge\u00e7miyor. Ge\u00e7sin istiyorum. O bir arada\u2019y\u0131 ayr\u0131 yazmayacakt\u0131k! Karga Kafas\u0131, 4 Ekim 2023, B\u00fcy\u00fckada <\/p>\n","protected":false},"excerpt":{"rendered":"<p>Yaln\u0131zl\u0131\u011f\u0131 Payla\u015fmak \u201cUlan\u201d dedim, \u201cne kadar yaln\u0131z kald\u0131k be.\u201d Cevap gelmedi. \u00c7\u00fcnk\u00fc, durumun do\u011fru tespitini ya\u015famaktayd\u0131m. \u201cYaln\u0131zs\u0131n\u201d dedim. \u201cBana m\u0131 diyorsun\u201d dedim sonra da. \u201cEvet\u201d dedim.<span class=\"excerpt-hellip\"> [\u2026]<\/span><\/p>\n","protected":false},"featured_media":0,"template":"","meta":{"_monsterinsights_skip_tracking":false,"_monsterinsights_sitenote_active":false,"_monsterinsights_sitenote_note":"","_monsterinsights_sitenote_category":0},"product_brand":[],"product_cat":[28265,15563],"product_tag":[],"class_list":{"0":"post-754522","1":"product","2":"type-product","3":"status-publish","5":"product_cat-diger-hobi","6":"product_cat-hobi","7":"pa_cilt-ciltsiz","8":"pa_tur-kitap","9":"pa_yayinevi-ayrinti-yayinlari","10":"pa_yazar-kemal-gokhan-gurses","12":"first","13":"instock","14":"sale","15":"shipping-taxable","16":"purchasable","17":"product-type-simple"},"_links":{"self":[{"href":"https:\/\/roveyayinevi.com.tr\/index.php\/wp-json\/wp\/v2\/product\/754522","targetHints":{"allow":["GET"]}}],"collection":[{"href":"https:\/\/roveyayinevi.com.tr\/index.php\/wp-json\/wp\/v2\/product"}],"about":[{"href":"https:\/\/roveyayinevi.com.tr\/index.php\/wp-json\/wp\/v2\/types\/product"}],"wp:attachment":[{"href":"https:\/\/roveyayinevi.com.tr\/index.php\/wp-json\/wp\/v2\/media?parent=754522"}],"wp:term":[{"taxonomy":"product_brand","embeddable":true,"href":"https:\/\/roveyayinevi.com.tr\/index.php\/wp-json\/wp\/v2\/product_brand?post=754522"},{"taxonomy":"product_cat","embeddable":true,"href":"https:\/\/roveyayinevi.com.tr\/index.php\/wp-json\/wp\/v2\/product_cat?post=754522"},{"taxonomy":"product_tag","embeddable":true,"href":"https:\/\/roveyayinevi.com.tr\/index.php\/wp-json\/wp\/v2\/product_tag?post=754522"}],"curies":[{"name":"wp","href":"https:\/\/api.w.org\/{rel}","templated":true}]}}