{"id":754520,"date":"2025-08-28T06:13:18","date_gmt":"2025-08-28T03:13:18","guid":{"rendered":"https:\/\/roveyayinevi.com.tr\/index.php\/urun\/anlatmaya-deger-bir-hikayen-var-mi\/"},"modified":"2026-04-16T03:07:52","modified_gmt":"2026-04-16T00:07:52","slug":"anlatmaya-deger-bir-hikayen-var-mi","status":"publish","type":"product","link":"https:\/\/roveyayinevi.com.tr\/index.php\/urun\/anlatmaya-deger-bir-hikayen-var-mi\/","title":{"rendered":"Anlatmaya De\u011fer Bir Hikayen Var m\u0131?"},"content":{"rendered":"<p>Onur B\u00fct\u00fcn\u2019\u00fcn emin ad\u0131mlarla ilerledi\u011fi \u00f6yk\u00fc yolunda yeni bir kitap: Anlatmaya De\u011fer Bir Hik\u00e2yen Var m\u0131? Neredeyse \u201cs\u0131radanla\u015fm\u0131\u015f\u201d g\u00f6r\u00fclen \u015fiddetin her t\u00fcrl\u00fcs\u00fcn\u00fc konu edinen; ayr\u0131mc\u0131l\u0131\u011f\u0131 gizli diki\u015flerine kadar tersy\u00fcz eden; m\u00fcltecilere, \u00e7ocuk ya\u015fta tacize, aldatmaya ve iktidar\/s\u0131zl\u0131k meselesine dokunan, kad\u0131n a\u011f\u0131rl\u0131\u011f\u0131 olan \u00f6yk\u00fcler bunlar. Sessizli\u011fin korundu\u011fu yerde sab\u0131rla \u00f6r\u00fclm\u00fc\u015f, ses \u00e7\u0131karan metinler.   \u201cSessizlik; g\u00fc\u00e7s\u00fczl\u00fc\u011f\u00fcn, erkek m\u0131nt\u0131kas\u0131nda ya\u015faman\u0131n, tecav\u00fcz\u00fcn, tacizin, bask\u0131nlar\u0131n, bombalamalar\u0131n yol a\u00e7t\u0131\u011f\u0131 derin bir yasa. Sessizli\u011fin k\u0131r\u0131ld\u0131\u011f\u0131, konu\u015fman\u0131n ilk ad\u0131mlar\u0131n\u0131n duyuldu\u011fu anlarda Birlik\u2019teki t\u00fcm kad\u0131nlar, konu\u015fan\u0131 sadece dinlerler. Beklerler. O an \u00e7ok \u00f6nemlidir. Birazdan s\u0131cak \u00e7orban\u0131n kokusunu duyacak, derin bir nefesi i\u00e7imize \u00e7ekip \u00e7\u0131rp\u0131nan s\u00f6zc\u00fckleri i\u00e7ecekmi\u015f gibi dinginle\u015firiz. K\u00f6t\u00fcl\u00fc\u011f\u00fcn i\u00e7inden \u00e7\u0131kan iyilik b\u00f6yle yol buluyor kendine\u2026\u201d <\/p>\n","protected":false},"excerpt":{"rendered":"<p>Onur B\u00fct\u00fcn\u2019\u00fcn emin ad\u0131mlarla ilerledi\u011fi \u00f6yk\u00fc yolunda yeni bir kitap: Anlatmaya De\u011fer Bir Hik\u00e2yen Var m\u0131? Neredeyse \u201cs\u0131radanla\u015fm\u0131\u015f\u201d g\u00f6r\u00fclen \u015fiddetin her t\u00fcrl\u00fcs\u00fcn\u00fc konu edinen; ayr\u0131mc\u0131l\u0131\u011f\u0131 gizli<span class=\"excerpt-hellip\"> [\u2026]<\/span><\/p>\n","protected":false},"featured_media":0,"template":"","meta":{"_monsterinsights_skip_tracking":false,"_monsterinsights_sitenote_active":false,"_monsterinsights_sitenote_note":"","_monsterinsights_sitenote_category":0},"product_brand":[],"product_cat":[12291,18202],"product_tag":[],"class_list":{"0":"post-754520","1":"product","2":"type-product","3":"status-publish","5":"product_cat-edebiyat","6":"product_cat-hikaye","7":"pa_cilt-ciltsiz","8":"pa_tur-kitap","9":"pa_yayinevi-everest-yayinlari","10":"pa_yazar-onur-butun","12":"first","13":"instock","14":"sale","15":"shipping-taxable","16":"purchasable","17":"product-type-simple"},"_links":{"self":[{"href":"https:\/\/roveyayinevi.com.tr\/index.php\/wp-json\/wp\/v2\/product\/754520","targetHints":{"allow":["GET"]}}],"collection":[{"href":"https:\/\/roveyayinevi.com.tr\/index.php\/wp-json\/wp\/v2\/product"}],"about":[{"href":"https:\/\/roveyayinevi.com.tr\/index.php\/wp-json\/wp\/v2\/types\/product"}],"wp:attachment":[{"href":"https:\/\/roveyayinevi.com.tr\/index.php\/wp-json\/wp\/v2\/media?parent=754520"}],"wp:term":[{"taxonomy":"product_brand","embeddable":true,"href":"https:\/\/roveyayinevi.com.tr\/index.php\/wp-json\/wp\/v2\/product_brand?post=754520"},{"taxonomy":"product_cat","embeddable":true,"href":"https:\/\/roveyayinevi.com.tr\/index.php\/wp-json\/wp\/v2\/product_cat?post=754520"},{"taxonomy":"product_tag","embeddable":true,"href":"https:\/\/roveyayinevi.com.tr\/index.php\/wp-json\/wp\/v2\/product_tag?post=754520"}],"curies":[{"name":"wp","href":"https:\/\/api.w.org\/{rel}","templated":true}]}}